{"id":93663,"date":"2024-11-21T12:49:24","date_gmt":"2024-11-21T12:49:24","guid":{"rendered":"https:\/\/ruumistruumi.ee\/pood\/helebeez-leith-let71n-polsterdatud-tool-100-poluesterpolsterdusega\/"},"modified":"2025-07-15T18:42:17","modified_gmt":"2025-07-15T18:42:17","slug":"helebeez-leith-let71n-polsterdatud-tool-100-poluester","status":"publish","type":"product","link":"https:\/\/blankpage.ee\/_ruumist-ruumi\/pood\/helebeez-leith-let71n-polsterdatud-tool-100-poluester\/","title":{"rendered":"Helebee\u017e Leith LET71N polsterdatud tool, 100% pol\u00fcester"},"content":{"rendered":"<p>Leith LET71N polsterdatud tool s\u00f6\u00f6gituppa. See elegantne helebee\u017e tool, mis on valmistatud k\u00f5rgeima kvaliteediga chenille-kangast, lisab igale s\u00f6\u00f6gitoale rafineeritud v\u00e4limuse. Lihtne m\u00f6\u00f6blivorm, mis p\u00f5hineb moekatel \u00fcmardatud kujunditel, rikastab teie kodu interj\u00f6\u00f6ri.<\/p>\n<p>Tooli omadused ja eelised on mitmek\u00fclgsed. Selle polsterdus on valmistatud 100% pol\u00fcestrist, pakkudes pehmet ja vastupidavat istumispinda, mis on kergesti puhastatav. Poplar vineerist valmistatud alus tagab tooli stabiilsuse ja vastupidavuse. Istme all on painduvad vedrud ja v\u00f5rgustik, mis koos k\u00f5rge tihedusega vahtmaterjaliga pakuvad suurep\u00e4rast istumismugavust. Tooli luksuslik chenille-polsterdus lisab sellele pehmust ja elegantsi.<\/p>\n<p>Leith LET71N tooli m\u00f5\u00f5tmed on ideaalsed igasse s\u00f6\u00f6gituppa: laius 62 cm, s\u00fcgavus 58 cm ja k\u00f5rgus 75 cm. Istme m\u00f5\u00f5tmed on 45,5 x 45,5 cm, k\u00e4etoe k\u00f5rgus 23 cm ja istme k\u00f5rgus 47 cm, pakkudes mugavat istumisasendit. Tool on kokkupandud, ei vaja paigaldust, s\u00e4\u00e4stes teie aega ja vaeva.<\/p>\n<p>Omadused:<br \/>\n<strong>Materjal:<\/strong> 100% pol\u00fcesterpolsterdus; alus: poplar vineer.<br \/>\n<strong>V\u00e4rv:<\/strong> Helebee\u017e.<br \/>\n<strong>M\u00f5\u00f5tmed:<\/strong> Laius 62 cm, s\u00fcgavus 58 cm, k\u00f5rgus 75 cm.<br \/>\n<strong>T\u00e4iendavad detailid:<\/strong> Puhastuskood SW = lahusti v\u00f5i vesi; painduvad vedrud ja v\u00f5rgustik; k\u00f5rge tihedusega vaht; luksuslik chenille-polsterdus.<br \/>\n<strong>Kokkupanek:<\/strong> Kokkupandud, ei vaja paigaldust. S\u00e4\u00e4stab aega ja vaeva.<\/p>\n<p>&nbsp;<\/p>\n","protected":false},"excerpt":{"rendered":"<p>Leith LET71N polsterdatud tool s\u00f6\u00f6gituppa. See elegantne helebee\u017e tool, mis on valmistatud k\u00f5rgeima kvaliteediga chenille-kangast, lisab igale s\u00f6\u00f6gitoale rafineeritud v\u00e4limuse. Lihtne m\u00f6\u00f6blivorm, mis p\u00f5hineb moekatel \u00fcmardatud kujunditel, rikastab teie kodu interj\u00f6\u00f6ri. Tooli omadused ja eelised on mitmek\u00fclgsed. Selle polsterdus on valmistatud 100% pol\u00fcestrist, pakkudes pehmet ja vastupidavat istumispinda, mis on kergesti puhastatav. Poplar vineerist valmistatud [&hellip;]<\/p>\n","protected":false},"featured_media":93664,"comment_status":"open","ping_status":"closed","template":"","meta":[],"product_brand":[],"product_cat":[108],"product_tag":[],"class_list":{"0":"post-93663","1":"product","2":"type-product","3":"status-publish","4":"has-post-thumbnail","6":"product_cat-soogitoolid","7":"product_shipping_class-livin-hill","8":"pa_kollektsioon-leith","9":"pa_materjal-poluester","10":"pa_varv-beez","12":"first","13":"outofstock","14":"taxable","15":"shipping-taxable","16":"purchasable","17":"product-type-simple"},"_links":{"self":[{"href":"https:\/\/blankpage.ee\/_ruumist-ruumi\/wp-json\/wp\/v2\/product\/93663","targetHints":{"allow":["GET"]}}],"collection":[{"href":"https:\/\/blankpage.ee\/_ruumist-ruumi\/wp-json\/wp\/v2\/product"}],"about":[{"href":"https:\/\/blankpage.ee\/_ruumist-ruumi\/wp-json\/wp\/v2\/types\/product"}],"replies":[{"embeddable":true,"href":"https:\/\/blankpage.ee\/_ruumist-ruumi\/wp-json\/wp\/v2\/comments?post=93663"}],"wp:featuredmedia":[{"embeddable":true,"href":"https:\/\/blankpage.ee\/_ruumist-ruumi\/wp-json\/wp\/v2\/media\/93664"}],"wp:attachment":[{"href":"https:\/\/blankpage.ee\/_ruumist-ruumi\/wp-json\/wp\/v2\/media?parent=93663"}],"wp:term":[{"taxonomy":"product_brand","embeddable":true,"href":"https:\/\/blankpage.ee\/_ruumist-ruumi\/wp-json\/wp\/v2\/product_brand?post=93663"},{"taxonomy":"product_cat","embeddable":true,"href":"https:\/\/blankpage.ee\/_ruumist-ruumi\/wp-json\/wp\/v2\/product_cat?post=93663"},{"taxonomy":"product_tag","embeddable":true,"href":"https:\/\/blankpage.ee\/_ruumist-ruumi\/wp-json\/wp\/v2\/product_tag?post=93663"}],"curies":[{"name":"wp","href":"https:\/\/api.w.org\/{rel}","templated":true}]}}