{"id":9367,"date":"2024-11-01T16:34:05","date_gmt":"2024-11-01T16:34:05","guid":{"rendered":"https:\/\/ruumistruumi.ee\/pood\/looduslik-helepuit-avola-av1933-385-tool-akatsiapuust\/"},"modified":"2025-07-15T18:42:38","modified_gmt":"2025-07-15T18:42:38","slug":"helepruun-avola-av1933-385-tool-akaatsiapuidust","status":"publish","type":"product","link":"https:\/\/blankpage.ee\/_ruumist-ruumi\/pood\/helepruun-avola-av1933-385-tool-akaatsiapuidust\/","title":{"rendered":"Helepruun Avola AV1933-385 tool, akaatsiapuidust"},"content":{"rendered":"<p>Avola AV1933-385 tool s\u00f6\u00f6gituppa. See tool on osa Avola kollektsioonist, mis toob esile rustikaalse stiili ja peene k\u00e4sit\u00f6\u00f6. Tooli lihtne vorm ja toores viimistlus on t\u00e4iendatud neetidega polsterdusega, mis lisab sellele ainulaadse iseloomu. <\/p>\n<p>Avola tool on valmistatud kvaliteetsest akaatsiapuidust ja vineerist, millele on lisatud bee\u017e kangas. Tooli polsterdus on tehtud k\u00f5rge tihedusega vahust, mis tagab mugavuse ka pikemaks istumiseks. Shabby chic stiilis v\u00e4rvikahjustused annavad sellele toolile erilise v\u00f5lu ja iseloomu.<\/p>\n<p>Omadused:<br \/>\n<strong>Materjal:<\/strong> Akaatsiapuit, vineer, kangas.<br \/>\n<strong>V\u00e4rv:<\/strong> Naturaalne hele puit ja bee\u017e kangas.<br \/>\n<strong>M\u00f5\u00f5tmed:<\/strong> Laius 49,5 cm, s\u00fcgavus 61 cm, k\u00f5rgus 98 cm.<br \/>\n<strong>T\u00e4iendavad detailid:<\/strong> K\u00e4sitsi v\u00e4rvitud kulumisj\u00e4ljed ja k\u00f5rge tihedusega vahtpolsterdus.<br \/>\n<strong>Kokkupanek:<\/strong> Osaliselt kokku pandud, ei vaja paigaldust. S\u00e4\u00e4stab aega ja vaeva.<\/p>\n<p>&nbsp;<\/p>\n","protected":false},"excerpt":{"rendered":"<p>Avola AV1933-385 tool s\u00f6\u00f6gituppa. See tool on osa Avola kollektsioonist, mis toob esile rustikaalse stiili ja peene k\u00e4sit\u00f6\u00f6. Tooli lihtne vorm ja toores viimistlus on t\u00e4iendatud neetidega polsterdusega, mis lisab sellele ainulaadse iseloomu. Avola tool on valmistatud kvaliteetsest akaatsiapuidust ja vineerist, millele on lisatud bee\u017e kangas. Tooli polsterdus on tehtud k\u00f5rge tihedusega vahust, mis tagab [&hellip;]<\/p>\n","protected":false},"featured_media":9368,"comment_status":"open","ping_status":"closed","template":"","meta":[],"product_brand":[],"product_cat":[108],"product_tag":[],"class_list":{"0":"post-9367","1":"product","2":"type-product","3":"status-publish","4":"has-post-thumbnail","6":"product_cat-soogitoolid","7":"product_shipping_class-livin-hill","8":"pa_kollektsioon-avola","9":"pa_materjal-akaatsiapuit","10":"pa_varv-helepruun","12":"first","13":"outofstock","14":"sale","15":"taxable","16":"shipping-taxable","17":"purchasable","18":"product-type-simple"},"_links":{"self":[{"href":"https:\/\/blankpage.ee\/_ruumist-ruumi\/wp-json\/wp\/v2\/product\/9367","targetHints":{"allow":["GET"]}}],"collection":[{"href":"https:\/\/blankpage.ee\/_ruumist-ruumi\/wp-json\/wp\/v2\/product"}],"about":[{"href":"https:\/\/blankpage.ee\/_ruumist-ruumi\/wp-json\/wp\/v2\/types\/product"}],"replies":[{"embeddable":true,"href":"https:\/\/blankpage.ee\/_ruumist-ruumi\/wp-json\/wp\/v2\/comments?post=9367"}],"wp:featuredmedia":[{"embeddable":true,"href":"https:\/\/blankpage.ee\/_ruumist-ruumi\/wp-json\/wp\/v2\/media\/9368"}],"wp:attachment":[{"href":"https:\/\/blankpage.ee\/_ruumist-ruumi\/wp-json\/wp\/v2\/media?parent=9367"}],"wp:term":[{"taxonomy":"product_brand","embeddable":true,"href":"https:\/\/blankpage.ee\/_ruumist-ruumi\/wp-json\/wp\/v2\/product_brand?post=9367"},{"taxonomy":"product_cat","embeddable":true,"href":"https:\/\/blankpage.ee\/_ruumist-ruumi\/wp-json\/wp\/v2\/product_cat?post=9367"},{"taxonomy":"product_tag","embeddable":true,"href":"https:\/\/blankpage.ee\/_ruumist-ruumi\/wp-json\/wp\/v2\/product_tag?post=9367"}],"curies":[{"name":"wp","href":"https:\/\/api.w.org\/{rel}","templated":true}]}}