{"id":93697,"date":"2025-01-21T13:03:25","date_gmt":"2025-01-21T13:03:25","guid":{"rendered":"https:\/\/ruumistruumi.ee\/pood\/turkiissinine-ja-mundiroheline-kummut-avola-av1615-54-akaatsiapuidust\/"},"modified":"2025-06-17T08:57:59","modified_gmt":"2025-06-17T08:57:59","slug":"mundiroheline-kummut-avola-av1615-54-akaatsiapuidust","status":"publish","type":"product","link":"https:\/\/blankpage.ee\/_ruumist-ruumi\/pood\/mundiroheline-kummut-avola-av1615-54-akaatsiapuidust\/","title":{"rendered":"M\u00fcndiroheline kummut Avola AV1615-54, akaatsiapuidust"},"content":{"rendered":"<p>Avola AV1615-54 puhvetkapp elutuppa. See rustikaalne puhvetkapp, millel on t\u00fcrkiissinine ja m\u00fcndiroheline v\u00e4rv, toob ruumi iseloomuliku vanutatud ilme ja dekoratiivsed liistud. Kapp on varustatud klaasukse ja freesitud pealispinnaga, lisades interj\u00f6\u00f6rile ainulaadset v\u00f5lu.<\/p>\n<p>Puhvetkapil on neli ust ja kaks riiulit, pakkudes piisavalt hoiuruumi erinevate esemete jaoks. Reguleeritav sisemine riiul v\u00f5imaldab kohandada ruumi vastavalt vajadusele. Kapi puidust k\u00e4epidemed lisavad naturaalsust ja harmooniat. Kapi klaasuks on valmistatud 4 mm karastatud klaasist, mis tagab turvalisuse ja vastupidavuse. Shabby chic stiilis v\u00e4rvi vanutamine annab m\u00f6\u00f6blile ajatu ja elegantse v\u00e4limuse.<\/p>\n<p>Omadused:<br \/>\n<strong>Materjal:<\/strong> Akaatsiapuit ja vineer.<br \/>\n<strong>V\u00e4rv:<\/strong> M\u00fcndiroheline.<br \/>\n<strong>M\u00f5\u00f5tmed:<\/strong> Laius 137 cm, s\u00fcgavus 38 cm, k\u00f5rgus 81,5 cm.<br \/>\n<strong>T\u00e4iendavad detailid:<\/strong> Reguleeritav sisemine riiul; shabby chic stiilis v\u00e4rvi vanutamine; 4 mm karastatud klaas.<br \/>\n<strong>Kokkupanek:<\/strong> Kokkupandud, ei vaja paigaldust. S\u00e4\u00e4stab aega ja vaeva.<\/p>\n<p>&nbsp;<\/p>\n","protected":false},"excerpt":{"rendered":"<p>Avola AV1615-54 puhvetkapp elutuppa. See rustikaalne puhvetkapp, millel on t\u00fcrkiissinine ja m\u00fcndiroheline v\u00e4rv, toob ruumi iseloomuliku vanutatud ilme ja dekoratiivsed liistud. Kapp on varustatud klaasukse ja freesitud pealispinnaga, lisades interj\u00f6\u00f6rile ainulaadset v\u00f5lu. Puhvetkapil on neli ust ja kaks riiulit, pakkudes piisavalt hoiuruumi erinevate esemete jaoks. Reguleeritav sisemine riiul v\u00f5imaldab kohandada ruumi vastavalt vajadusele. Kapi puidust [&hellip;]<\/p>\n","protected":false},"featured_media":93698,"comment_status":"open","ping_status":"closed","template":"","meta":[],"product_brand":[],"product_cat":[81],"product_tag":[],"class_list":{"0":"post-93697","1":"product","2":"type-product","3":"status-publish","4":"has-post-thumbnail","6":"product_cat-kapid-riiulid-ja-kummutid","7":"product_shipping_class-livin-hill","8":"pa_kaepidemed-puidust","9":"pa_kollektsioon-avola","10":"pa_materjal-akaatsiapuit","11":"pa_riiulite-arv-76","12":"pa_uste-arv-75","13":"pa_varv-roheline","15":"first","16":"instock","17":"taxable","18":"shipping-taxable","19":"purchasable","20":"product-type-simple"},"_links":{"self":[{"href":"https:\/\/blankpage.ee\/_ruumist-ruumi\/wp-json\/wp\/v2\/product\/93697","targetHints":{"allow":["GET"]}}],"collection":[{"href":"https:\/\/blankpage.ee\/_ruumist-ruumi\/wp-json\/wp\/v2\/product"}],"about":[{"href":"https:\/\/blankpage.ee\/_ruumist-ruumi\/wp-json\/wp\/v2\/types\/product"}],"replies":[{"embeddable":true,"href":"https:\/\/blankpage.ee\/_ruumist-ruumi\/wp-json\/wp\/v2\/comments?post=93697"}],"wp:featuredmedia":[{"embeddable":true,"href":"https:\/\/blankpage.ee\/_ruumist-ruumi\/wp-json\/wp\/v2\/media\/93698"}],"wp:attachment":[{"href":"https:\/\/blankpage.ee\/_ruumist-ruumi\/wp-json\/wp\/v2\/media?parent=93697"}],"wp:term":[{"taxonomy":"product_brand","embeddable":true,"href":"https:\/\/blankpage.ee\/_ruumist-ruumi\/wp-json\/wp\/v2\/product_brand?post=93697"},{"taxonomy":"product_cat","embeddable":true,"href":"https:\/\/blankpage.ee\/_ruumist-ruumi\/wp-json\/wp\/v2\/product_cat?post=93697"},{"taxonomy":"product_tag","embeddable":true,"href":"https:\/\/blankpage.ee\/_ruumist-ruumi\/wp-json\/wp\/v2\/product_tag?post=93697"}],"curies":[{"name":"wp","href":"https:\/\/api.w.org\/{rel}","templated":true}]}}