{"id":93707,"date":"2025-01-21T13:03:25","date_gmt":"2025-01-21T13:03:25","guid":{"rendered":"https:\/\/ruumistruumi.ee\/pood\/turkiissinine-ja-mintroheline-kummut-avola-av1615-7032-akaatsiapuidust\/"},"modified":"2025-07-15T18:42:18","modified_gmt":"2025-07-15T18:42:18","slug":"turkiissinine-ja-mintroheline-kummut-avola-av1615-7032-akaatsiapuidust","status":"publish","type":"product","link":"https:\/\/blankpage.ee\/_ruumist-ruumi\/pood\/turkiissinine-ja-mintroheline-kummut-avola-av1615-7032-akaatsiapuidust\/","title":{"rendered":"T\u00fcrkiissinine ja mintroheline kummut Avola AV1615-7032, akaatsiapuidust"},"content":{"rendered":"<p>Avola AV1615-7032 k\u00f5rge kapp elutuppa. See rustikaalne vitriinkapp on kaunistatud t\u00fcrkiissinise ja m\u00fcndirohelise v\u00e4rviga, millele lisavad iseloomu vanutatud viimistlus ja dekoratiivsed liistud. Avola kollektsiooni kuuluv kapp toob elutuppa sooja ja kutsuva atmosf\u00e4\u00e4ri, olles samas praktiline hoiustamislahendus.<\/p>\n<p>Kapp on valmistatud kvaliteetsest akaatsiapuidust ja vineerist, pakkudes vastupidavust ja ajatut stiili. Selle kuue ukse taga peituvad kolm reguleeritavat riiulit, mis v\u00f5imaldavad hoiustada erinevaid esemeid organiseeritult. Kapi uksed on varustatud puidust k\u00e4epidemetega, mis lisavad sellele maal\u00e4hedast v\u00f5lu. Lisaks on kapp osaliselt kokku pandud, mis s\u00e4\u00e4stab teie aega ja vaeva paigaldamisel.<\/p>\n<p>Omadused:<br \/>\n<strong>Materjal:<\/strong> Akaatsiapuit ja vineer.<br \/>\n<strong>V\u00e4rv:<\/strong> T\u00fcrkiissinine ja m\u00fcndiroheline.<br \/>\n<strong>M\u00f5\u00f5tmed:<\/strong> Laius 178 cm, s\u00fcgavus 38 cm, k\u00f5rgus 81,5 cm.<br \/>\n<strong>T\u00e4iendavad detailid:<\/strong> Reguleeritav sisemine riiul, 4mm karastatud klaas, k\u00e4sitsi v\u00e4rvitud vanutatud viimistlus.<br \/>\n<strong>Kokkupanek:<\/strong> Osaliselt kokku pandud, ei vaja paigaldust. S\u00e4\u00e4stab aega ja vaeva.<\/p>\n<p>&nbsp;<\/p>\n","protected":false},"excerpt":{"rendered":"<p>Avola AV1615-7032 k\u00f5rge kapp elutuppa. See rustikaalne vitriinkapp on kaunistatud t\u00fcrkiissinise ja m\u00fcndirohelise v\u00e4rviga, millele lisavad iseloomu vanutatud viimistlus ja dekoratiivsed liistud. Avola kollektsiooni kuuluv kapp toob elutuppa sooja ja kutsuva atmosf\u00e4\u00e4ri, olles samas praktiline hoiustamislahendus. Kapp on valmistatud kvaliteetsest akaatsiapuidust ja vineerist, pakkudes vastupidavust ja ajatut stiili. Selle kuue ukse taga peituvad kolm reguleeritavat [&hellip;]<\/p>\n","protected":false},"featured_media":93708,"comment_status":"open","ping_status":"open","template":"","meta":[],"product_brand":[],"product_cat":[81],"product_tag":[],"class_list":{"0":"post-93707","1":"product","2":"type-product","3":"status-publish","4":"has-post-thumbnail","6":"product_cat-kapid-riiulid-ja-kummutid","7":"product_shipping_class-livin-hill","8":"pa_kaepidemed-puidust","9":"pa_kollektsioon-avola","10":"pa_materjal-akaatsiapuit","11":"pa_riiulite-arv-89","12":"pa_uste-arv-241","13":"pa_varv-turkiis","15":"first","16":"outofstock","17":"taxable","18":"shipping-taxable","19":"purchasable","20":"product-type-simple"},"_links":{"self":[{"href":"https:\/\/blankpage.ee\/_ruumist-ruumi\/wp-json\/wp\/v2\/product\/93707","targetHints":{"allow":["GET"]}}],"collection":[{"href":"https:\/\/blankpage.ee\/_ruumist-ruumi\/wp-json\/wp\/v2\/product"}],"about":[{"href":"https:\/\/blankpage.ee\/_ruumist-ruumi\/wp-json\/wp\/v2\/types\/product"}],"replies":[{"embeddable":true,"href":"https:\/\/blankpage.ee\/_ruumist-ruumi\/wp-json\/wp\/v2\/comments?post=93707"}],"wp:featuredmedia":[{"embeddable":true,"href":"https:\/\/blankpage.ee\/_ruumist-ruumi\/wp-json\/wp\/v2\/media\/93708"}],"wp:attachment":[{"href":"https:\/\/blankpage.ee\/_ruumist-ruumi\/wp-json\/wp\/v2\/media?parent=93707"}],"wp:term":[{"taxonomy":"product_brand","embeddable":true,"href":"https:\/\/blankpage.ee\/_ruumist-ruumi\/wp-json\/wp\/v2\/product_brand?post=93707"},{"taxonomy":"product_cat","embeddable":true,"href":"https:\/\/blankpage.ee\/_ruumist-ruumi\/wp-json\/wp\/v2\/product_cat?post=93707"},{"taxonomy":"product_tag","embeddable":true,"href":"https:\/\/blankpage.ee\/_ruumist-ruumi\/wp-json\/wp\/v2\/product_tag?post=93707"}],"curies":[{"name":"wp","href":"https:\/\/api.w.org\/{rel}","templated":true}]}}