{"id":93714,"date":"2025-01-21T13:03:25","date_gmt":"2025-01-21T13:03:25","guid":{"rendered":"https:\/\/ruumistruumi.ee\/pood\/helebeez-kummut-avola-av1998-58-akaatsiapuidust\/"},"modified":"2025-06-17T08:58:00","modified_gmt":"2025-06-17T08:58:00","slug":"helebeez-kummut-avola-av1998-58-akaatsiapuidust","status":"publish","type":"product","link":"https:\/\/blankpage.ee\/_ruumist-ruumi\/pood\/helebeez-kummut-avola-av1998-58-akaatsiapuidust\/","title":{"rendered":"Helebee\u017e kummut Avola AV1998-58, akaatsiapuidust"},"content":{"rendered":"<p>Avola AV1998-58 kummut elutuppa. See elegantne kummut on osa Avola kollektsioonist, tuues ruumi heledaid kreemitoone koos heleda pruuni pealispinnaga. Kummutil on neli klaasitud ust dekoratiivsete liistudega ja kaks praktilist sahtlit, pakkudes nii stiili kui ka funktsionaalsust.<\/p>\n<p>Kummuti omadused on hoolikalt valitud, et pakkuda maksimaalset kasu. Neli ust avavad teed kahele reguleeritavale riiulile, mis on valmistatud vastupidavast 4mm karastatud klaasist. Dekoratiivsed liistud lisavad visuaalset huvi ja elegantsi. Kummuti metallist k\u00e4epidemed lisavad kaasaegset puudutust, samas kui akaatsiapuidust ja vineerist valmistatud konstruktsioon tagab vastupidavuse.<\/p>\n<p>Kummuti m\u00f5\u00f5tmed on 147,5 cm lai, 43 cm s\u00fcgav ja 89 cm k\u00f5rge, pakkudes piisavalt ruumi erinevate esemete hoiustamiseks. T\u00e4iendavad m\u00f5\u00f5tmed h\u00f5lmavad sahtlit suuruses 59,5 x 33,5 x 11 cm ja ust suuruses 63,5 x 53,5 cm, samuti riiulit suuruses 70 x 32 cm. Kummut on osaliselt kokku pandud, s\u00e4\u00e4stes teie aega ja vaeva paigaldamisel.<\/p>\n<p>Omadused:<br \/>\n<strong>Materjal:<\/strong> Akaatsiapuit ja vineer.<br \/>\n<strong>V\u00e4rv:<\/strong> Hele kreem ja heleda pruuni tooniga pealispind.<br \/>\n<strong>M\u00f5\u00f5tmed:<\/strong> Laius 147,5 cm, s\u00fcgavus 43 cm, k\u00f5rgus 89 cm.<br \/>\n<strong>T\u00e4iendavad detailid:<\/strong> Reguleeritav sisemine riiul, karastatud klaas 4mm, dekoratiivsed liistud.<br \/>\n<strong>Kokkupanek:<\/strong> Osaliselt kokku pandud, ei vaja paigaldust. S\u00e4\u00e4stab aega ja vaeva.<\/p>\n<p>&nbsp;<\/p>\n","protected":false},"excerpt":{"rendered":"<p>Avola AV1998-58 kummut elutuppa. See elegantne kummut on osa Avola kollektsioonist, tuues ruumi heledaid kreemitoone koos heleda pruuni pealispinnaga. Kummutil on neli klaasitud ust dekoratiivsete liistudega ja kaks praktilist sahtlit, pakkudes nii stiili kui ka funktsionaalsust. Kummuti omadused on hoolikalt valitud, et pakkuda maksimaalset kasu. Neli ust avavad teed kahele reguleeritavale riiulile, mis on valmistatud [&hellip;]<\/p>\n","protected":false},"featured_media":93715,"comment_status":"open","ping_status":"open","template":"","meta":[],"product_brand":[],"product_cat":[81],"product_tag":[],"class_list":{"0":"post-93714","1":"product","2":"type-product","3":"status-publish","4":"has-post-thumbnail","6":"product_cat-kapid-riiulid-ja-kummutid","7":"product_shipping_class-livin-hill","8":"pa_kaepidemed-metall","9":"pa_kollektsioon-avola","10":"pa_materjal-akaatsiapuit","11":"pa_riiulite-arv-76","12":"pa_sahtlite-arv-74","13":"pa_uste-arv-75","14":"pa_varv-beez","16":"first","17":"instock","18":"taxable","19":"shipping-taxable","20":"purchasable","21":"product-type-simple"},"_links":{"self":[{"href":"https:\/\/blankpage.ee\/_ruumist-ruumi\/wp-json\/wp\/v2\/product\/93714","targetHints":{"allow":["GET"]}}],"collection":[{"href":"https:\/\/blankpage.ee\/_ruumist-ruumi\/wp-json\/wp\/v2\/product"}],"about":[{"href":"https:\/\/blankpage.ee\/_ruumist-ruumi\/wp-json\/wp\/v2\/types\/product"}],"replies":[{"embeddable":true,"href":"https:\/\/blankpage.ee\/_ruumist-ruumi\/wp-json\/wp\/v2\/comments?post=93714"}],"wp:featuredmedia":[{"embeddable":true,"href":"https:\/\/blankpage.ee\/_ruumist-ruumi\/wp-json\/wp\/v2\/media\/93715"}],"wp:attachment":[{"href":"https:\/\/blankpage.ee\/_ruumist-ruumi\/wp-json\/wp\/v2\/media?parent=93714"}],"wp:term":[{"taxonomy":"product_brand","embeddable":true,"href":"https:\/\/blankpage.ee\/_ruumist-ruumi\/wp-json\/wp\/v2\/product_brand?post=93714"},{"taxonomy":"product_cat","embeddable":true,"href":"https:\/\/blankpage.ee\/_ruumist-ruumi\/wp-json\/wp\/v2\/product_cat?post=93714"},{"taxonomy":"product_tag","embeddable":true,"href":"https:\/\/blankpage.ee\/_ruumist-ruumi\/wp-json\/wp\/v2\/product_tag?post=93714"}],"curies":[{"name":"wp","href":"https:\/\/api.w.org\/{rel}","templated":true}]}}