{"id":93726,"date":"2025-01-21T13:03:25","date_gmt":"2025-01-21T13:03:25","guid":{"rendered":"https:\/\/ruumistruumi.ee\/pood\/antique-blue-kirjutuslaud-ja-tool-avola-av175-4820-akaatsiapuidust\/"},"modified":"2025-01-21T13:12:52","modified_gmt":"2025-01-21T13:12:52","slug":"antique-blue-kirjutuslaud-ja-tool-avola-av175-4820-akaatsiapuidust","status":"publish","type":"product","link":"https:\/\/blankpage.ee\/_ruumist-ruumi\/pood\/antique-blue-kirjutuslaud-ja-tool-avola-av175-4820-akaatsiapuidust\/","title":{"rendered":"Antique Blue kirjutuslaud ja tool Avola AV175-4820, akaatsiapuidust"},"content":{"rendered":"<p>Avola AV175-4820 kirjutuslaud koos tooliga kodukontorisse. See klassikalise stiiliga kirjutuslaud tumedasinises toonis, millel on iseloomulikud shabby-chic kulutused, toob teie t\u00f6\u00f6ruumi elegantsi ja praktilisuse. Kirjutuslaual on funktsionaalsed sahtlid ning sisseehitatud pistikupesa ja USB-pordid, mis muudavad t\u00f6\u00f6 lihtsamaks ja mugavamaks.<\/p>\n<p>Kirjutuslaud on valmistatud vastupidavast akaatsiapuidust ja MDF-ist, pakkudes samal ajal nii vastupidavust kui ka esteetilist ilu. Metallist k\u00e4epidemed lisavad t\u00f6\u00f6lauale stiilset aktsenti. Laua m\u00f5\u00f5tmed on 122 cm lai, 51 cm s\u00fcgav ja 79 cm k\u00f5rge, pakkudes piisavalt ruumi igap\u00e4evasteks t\u00f6\u00f6\u00fclesanneteks. Sahtlite m\u00f5\u00f5tmed on 42 x 28,5 x 4,5 cm, pakkudes piisavalt hoiuruumi olulistele tarvikutele.<\/p>\n<p>T\u00e4iendavad detailid h\u00f5lmavad toiteplokki kahe pistikupesa ja kahe USB-pordiga, mis on ideaalne lahendus t\u00e4nap\u00e4evaseks t\u00f6\u00f6ks. Kirjutuslaud on osaliselt kokku pandud, mis s\u00e4\u00e4stab aega ja vaeva paigaldamisel.<\/p>\n<p>Omadused:<br \/>\n<strong>Materjal:<\/strong> Akaatsiapuit ja MDF.<br \/>\n<strong>V\u00e4rv:<\/strong> Antiikne sinine.<br \/>\n<strong>M\u00f5\u00f5tmed:<\/strong> Laius 122 cm, s\u00fcgavus 51 cm, k\u00f5rgus 79 cm.<br \/>\n<strong>T\u00e4iendavad detailid:<\/strong> Sisseehitatud pistikupesa ja USB-pordid.<br \/>\n<strong>Kokkupanek:<\/strong> Osaliselt kokku pandud, ei vaja paigaldust. S\u00e4\u00e4stab aega ja vaeva.<\/p>\n<p>&nbsp;<\/p>\n","protected":false},"excerpt":{"rendered":"<p>Avola AV175-4820 kirjutuslaud koos tooliga kodukontorisse. See klassikalise stiiliga kirjutuslaud tumedasinises toonis, millel on iseloomulikud shabby-chic kulutused, toob teie t\u00f6\u00f6ruumi elegantsi ja praktilisuse. Kirjutuslaual on funktsionaalsed sahtlid ning sisseehitatud pistikupesa ja USB-pordid, mis muudavad t\u00f6\u00f6 lihtsamaks ja mugavamaks. Kirjutuslaud on valmistatud vastupidavast akaatsiapuidust ja MDF-ist, pakkudes samal ajal nii vastupidavust kui ka esteetilist ilu. Metallist [&hellip;]<\/p>\n","protected":false},"featured_media":93727,"comment_status":"open","ping_status":"open","template":"","meta":[],"product_brand":[],"product_cat":[116],"product_tag":[],"class_list":{"0":"post-93726","1":"product","2":"type-product","3":"status-publish","4":"has-post-thumbnail","6":"product_cat-kontorilauad","7":"product_shipping_class-livin-hill","8":"pa_kaepidemed-metall","9":"pa_kollektsioon-avola","10":"pa_materjal-akaatsiapuit","11":"pa_sahtlite-arv-74","12":"pa_varv-sinine","14":"first","15":"outofstock","16":"taxable","17":"shipping-taxable","18":"purchasable","19":"product-type-simple"},"_links":{"self":[{"href":"https:\/\/blankpage.ee\/_ruumist-ruumi\/wp-json\/wp\/v2\/product\/93726","targetHints":{"allow":["GET"]}}],"collection":[{"href":"https:\/\/blankpage.ee\/_ruumist-ruumi\/wp-json\/wp\/v2\/product"}],"about":[{"href":"https:\/\/blankpage.ee\/_ruumist-ruumi\/wp-json\/wp\/v2\/types\/product"}],"replies":[{"embeddable":true,"href":"https:\/\/blankpage.ee\/_ruumist-ruumi\/wp-json\/wp\/v2\/comments?post=93726"}],"wp:featuredmedia":[{"embeddable":true,"href":"https:\/\/blankpage.ee\/_ruumist-ruumi\/wp-json\/wp\/v2\/media\/93727"}],"wp:attachment":[{"href":"https:\/\/blankpage.ee\/_ruumist-ruumi\/wp-json\/wp\/v2\/media?parent=93726"}],"wp:term":[{"taxonomy":"product_brand","embeddable":true,"href":"https:\/\/blankpage.ee\/_ruumist-ruumi\/wp-json\/wp\/v2\/product_brand?post=93726"},{"taxonomy":"product_cat","embeddable":true,"href":"https:\/\/blankpage.ee\/_ruumist-ruumi\/wp-json\/wp\/v2\/product_cat?post=93726"},{"taxonomy":"product_tag","embeddable":true,"href":"https:\/\/blankpage.ee\/_ruumist-ruumi\/wp-json\/wp\/v2\/product_tag?post=93726"}],"curies":[{"name":"wp","href":"https:\/\/api.w.org\/{rel}","templated":true}]}}