{"id":93750,"date":"2025-01-21T13:03:25","date_gmt":"2025-01-21T13:03:25","guid":{"rendered":"https:\/\/ruumistruumi.ee\/pood\/musta-varvi-kirjutuslaud-ja-tool-avola-av275-4820-akaatsiapuidust\/"},"modified":"2025-01-21T13:13:45","modified_gmt":"2025-01-21T13:13:45","slug":"musta-varvi-kirjutuslaud-ja-tool-avola-av275-4820-akaatsiapuidust","status":"publish","type":"product","link":"https:\/\/blankpage.ee\/_ruumist-ruumi\/pood\/musta-varvi-kirjutuslaud-ja-tool-avola-av275-4820-akaatsiapuidust\/","title":{"rendered":"Musta v\u00e4rvi kirjutuslaud ja tool Avola AV275-4820, akaatsiapuidust"},"content":{"rendered":"<p>Avola AV275-4820 kirjutuslaud + tool kodukontorisse. See klassikalise stiiliga kirjutuslaud tumedasinises toonis, millel on iseloomulik shabby-chic kulumine, toob teie kodukontorisse elegantsi ja funktsionaalsust. Laual on praktilised sahtlid ja sisseehitatud pistikupesad ning USB-portid, mis muudavad selle ideaalseks kaasaegseks t\u00f6\u00f6ruumiks.<\/p>\n<p>Kirjutuslaua disain on hoolikalt l\u00e4bi m\u00f5eldud, pakkudes piisavalt ruumi t\u00f6\u00f6ks ja hoiustamiseks. Metallist k\u00e4epidemed lisavad lauale stiili ja vastupidavust. Laua m\u00f5\u00f5tmed on 122 cm lai, 51 cm s\u00fcgav ja 79 cm k\u00f5rge, pakkudes piisavalt t\u00f6\u00f6pinda ilma ruumi \u00fcle koormamata. Sahtli m\u00f5\u00f5tmed on 42 x 28,5 x 4,5 cm, pakkudes ruumi v\u00e4iksemate esemete hoiustamiseks. Jalgade vaheline kaugus on 103,5 cm, mis tagab mugava jalaruumi.<\/p>\n<p>Lisaks on kirjutuslaud osaliselt kokku pandud, mis s\u00e4\u00e4stab aega ja vaeva paigaldamisel. Akaatsiapuidust ja MDF-ist valmistatud laud on vastupidav ja kauakestev. Musta v\u00e4rvi laud koos iseloomulike punaste kulumisj\u00e4lgedega lisab teie kodukontorile unikaalsust ja stiili.<\/p>\n<p>Omadused:<br \/>\n<strong>Materjal:<\/strong> Akaatsiapuit ja MDF.<br \/>\n<strong>V\u00e4rv:<\/strong> Must, \u00fclaosa ja viimistlusv\u00e4rv.<br \/>\n<strong>M\u00f5\u00f5tmed:<\/strong> Laius 122 cm, s\u00fcgavus 51 cm, k\u00f5rgus 79 cm.<br \/>\n<strong>T\u00e4iendavad detailid:<\/strong> Toiteplokk kahe pistikupesa ja kahe USB-pordiga; iseloomulikud punased kulumisj\u00e4ljed.<br \/>\n<strong>Kokkupanek:<\/strong> Osaliselt kokku pandud, ei vaja paigaldust. S\u00e4\u00e4stab aega ja vaeva.<\/p>\n<p>&nbsp;<\/p>\n","protected":false},"excerpt":{"rendered":"<p>Avola AV275-4820 kirjutuslaud + tool kodukontorisse. See klassikalise stiiliga kirjutuslaud tumedasinises toonis, millel on iseloomulik shabby-chic kulumine, toob teie kodukontorisse elegantsi ja funktsionaalsust. Laual on praktilised sahtlid ja sisseehitatud pistikupesad ning USB-portid, mis muudavad selle ideaalseks kaasaegseks t\u00f6\u00f6ruumiks. Kirjutuslaua disain on hoolikalt l\u00e4bi m\u00f5eldud, pakkudes piisavalt ruumi t\u00f6\u00f6ks ja hoiustamiseks. Metallist k\u00e4epidemed lisavad lauale stiili [&hellip;]<\/p>\n","protected":false},"featured_media":93751,"comment_status":"open","ping_status":"open","template":"","meta":[],"product_brand":[],"product_cat":[71],"product_tag":[],"class_list":{"0":"post-93750","1":"product","2":"type-product","3":"status-publish","4":"has-post-thumbnail","6":"product_cat-moobel","7":"product_shipping_class-livin-hill","8":"pa_kaepidemed-metall","9":"pa_kollektsioon-avola","10":"pa_materjal-akaatsiapuit","11":"pa_sahtlite-arv-74","12":"pa_varv-must","14":"first","15":"outofstock","16":"taxable","17":"shipping-taxable","18":"purchasable","19":"product-type-simple"},"_links":{"self":[{"href":"https:\/\/blankpage.ee\/_ruumist-ruumi\/wp-json\/wp\/v2\/product\/93750","targetHints":{"allow":["GET"]}}],"collection":[{"href":"https:\/\/blankpage.ee\/_ruumist-ruumi\/wp-json\/wp\/v2\/product"}],"about":[{"href":"https:\/\/blankpage.ee\/_ruumist-ruumi\/wp-json\/wp\/v2\/types\/product"}],"replies":[{"embeddable":true,"href":"https:\/\/blankpage.ee\/_ruumist-ruumi\/wp-json\/wp\/v2\/comments?post=93750"}],"wp:featuredmedia":[{"embeddable":true,"href":"https:\/\/blankpage.ee\/_ruumist-ruumi\/wp-json\/wp\/v2\/media\/93751"}],"wp:attachment":[{"href":"https:\/\/blankpage.ee\/_ruumist-ruumi\/wp-json\/wp\/v2\/media?parent=93750"}],"wp:term":[{"taxonomy":"product_brand","embeddable":true,"href":"https:\/\/blankpage.ee\/_ruumist-ruumi\/wp-json\/wp\/v2\/product_brand?post=93750"},{"taxonomy":"product_cat","embeddable":true,"href":"https:\/\/blankpage.ee\/_ruumist-ruumi\/wp-json\/wp\/v2\/product_cat?post=93750"},{"taxonomy":"product_tag","embeddable":true,"href":"https:\/\/blankpage.ee\/_ruumist-ruumi\/wp-json\/wp\/v2\/product_tag?post=93750"}],"curies":[{"name":"wp","href":"https:\/\/api.w.org\/{rel}","templated":true}]}}