{"id":93773,"date":"2025-01-22T06:29:23","date_gmt":"2025-01-22T06:29:23","guid":{"rendered":"https:\/\/ruumistruumi.ee\/pood\/hallikas-munt-kirjutuslaud-ja-tool-avola-av375-4820-akaatsiapuidust\/"},"modified":"2025-01-22T06:33:58","modified_gmt":"2025-01-22T06:33:58","slug":"hallikas-munt-kirjutuslaud-ja-tool-avola-av375-4820-akaatsiapuidust","status":"publish","type":"product","link":"https:\/\/blankpage.ee\/_ruumist-ruumi\/pood\/hallikas-munt-kirjutuslaud-ja-tool-avola-av375-4820-akaatsiapuidust\/","title":{"rendered":"Hallikas-m\u00fcnt kirjutuslaud ja tool Avola AV375-4820, akaatsiapuidust"},"content":{"rendered":"<p>Avola AV375-4820 kirjutuslaud ja tool kodukontorisse. Avola kollektsiooni kuuluv klassikalise stiiliga kirjutuslaud on viimistletud halli m\u00fcnditoonis, millele lisavad iseloomu shabby-chic stiilis kulutused. Laud on varustatud funktsionaalsete sahtlite ning sisseehitatud pistikupesade ja USB-portidega, mis muudavad t\u00f6\u00f6 tegemise mugavaks ja praktiliseks.<\/p>\n<p>Laud on valmistatud akaatsiapuust ja MDF-ist, pakkudes vastupidavust ja elegantset v\u00e4limust. Metallist k\u00e4epidemed lisavad stiilset kontrasti. Kirjutuslaua m\u00f5\u00f5tmed on 122 cm lai, 51 cm s\u00fcgav ja 79 cm k\u00f5rge, pakkudes piisavalt ruumi nii t\u00f6\u00f6ks kui ka hoiustamiseks. Sahtli m\u00f5\u00f5tmed on 42 x 28,5 x 4,5 cm ning jalgade vaheline ruum on 103,5 cm. P\u00f5randast laua alumise servani on 61 cm, mis tagab mugava jalaruumi.<\/p>\n<p>Omadused:<br \/>\n<strong>Materjal:<\/strong> Akaatsiapuit ja MDF.<br \/>\n<strong>V\u00e4rv:<\/strong> Hall m\u00fcnditoon.<br \/>\n<strong>M\u00f5\u00f5tmed:<\/strong> Laius 122 cm, s\u00fcgavus 51 cm, k\u00f5rgus 79 cm.<br \/>\n<strong>T\u00e4iendavad detailid:<\/strong> Sisseehitatud toiteplokk kahe pistikupesa ja kahe USB-portiga.<br \/>\n<strong>Kokkupanek:<\/strong> Osaliselt kokku pandud, ei vaja paigaldust. S\u00e4\u00e4stab aega ja vaeva.<\/p>\n<p>&nbsp;<\/p>\n","protected":false},"excerpt":{"rendered":"<p>Avola AV375-4820 kirjutuslaud ja tool kodukontorisse. Avola kollektsiooni kuuluv klassikalise stiiliga kirjutuslaud on viimistletud halli m\u00fcnditoonis, millele lisavad iseloomu shabby-chic stiilis kulutused. Laud on varustatud funktsionaalsete sahtlite ning sisseehitatud pistikupesade ja USB-portidega, mis muudavad t\u00f6\u00f6 tegemise mugavaks ja praktiliseks. Laud on valmistatud akaatsiapuust ja MDF-ist, pakkudes vastupidavust ja elegantset v\u00e4limust. Metallist k\u00e4epidemed lisavad stiilset kontrasti. [&hellip;]<\/p>\n","protected":false},"featured_media":93774,"comment_status":"open","ping_status":"open","template":"","meta":[],"product_brand":[],"product_cat":[116],"product_tag":[],"class_list":{"0":"post-93773","1":"product","2":"type-product","3":"status-publish","4":"has-post-thumbnail","6":"product_cat-kontorilauad","7":"product_shipping_class-livin-hill","8":"pa_kaepidemed-metall","9":"pa_kollektsioon-avola","10":"pa_materjal-akaatsiapuit","11":"pa_sahtlite-arv-74","12":"pa_varv-hallmint","14":"first","15":"outofstock","16":"taxable","17":"shipping-taxable","18":"purchasable","19":"product-type-simple"},"_links":{"self":[{"href":"https:\/\/blankpage.ee\/_ruumist-ruumi\/wp-json\/wp\/v2\/product\/93773","targetHints":{"allow":["GET"]}}],"collection":[{"href":"https:\/\/blankpage.ee\/_ruumist-ruumi\/wp-json\/wp\/v2\/product"}],"about":[{"href":"https:\/\/blankpage.ee\/_ruumist-ruumi\/wp-json\/wp\/v2\/types\/product"}],"replies":[{"embeddable":true,"href":"https:\/\/blankpage.ee\/_ruumist-ruumi\/wp-json\/wp\/v2\/comments?post=93773"}],"wp:featuredmedia":[{"embeddable":true,"href":"https:\/\/blankpage.ee\/_ruumist-ruumi\/wp-json\/wp\/v2\/media\/93774"}],"wp:attachment":[{"href":"https:\/\/blankpage.ee\/_ruumist-ruumi\/wp-json\/wp\/v2\/media?parent=93773"}],"wp:term":[{"taxonomy":"product_brand","embeddable":true,"href":"https:\/\/blankpage.ee\/_ruumist-ruumi\/wp-json\/wp\/v2\/product_brand?post=93773"},{"taxonomy":"product_cat","embeddable":true,"href":"https:\/\/blankpage.ee\/_ruumist-ruumi\/wp-json\/wp\/v2\/product_cat?post=93773"},{"taxonomy":"product_tag","embeddable":true,"href":"https:\/\/blankpage.ee\/_ruumist-ruumi\/wp-json\/wp\/v2\/product_tag?post=93773"}],"curies":[{"name":"wp","href":"https:\/\/api.w.org\/{rel}","templated":true}]}}