{"id":93784,"date":"2025-01-22T06:29:23","date_gmt":"2025-01-22T06:29:23","guid":{"rendered":"https:\/\/ruumistruumi.ee\/pood\/beez-kirjutuslaud-ja-tool-avola-av675-4820-akaatsiapuidust\/"},"modified":"2025-01-22T06:34:19","modified_gmt":"2025-01-22T06:34:19","slug":"beez-kirjutuslaud-ja-tool-avola-av675-4820-akaatsiapuidust","status":"publish","type":"product","link":"https:\/\/blankpage.ee\/_ruumist-ruumi\/pood\/beez-kirjutuslaud-ja-tool-avola-av675-4820-akaatsiapuidust\/","title":{"rendered":"Bee\u017e kirjutuslaud ja tool Avola AV675-4820, akaatsiapuidust"},"content":{"rendered":"<p>Avola AV675-4820 kirjutuslaud ja tool kodukontorisse. Klassikalise stiiliga kirjutuslaud kreemjas toonis, mis lisab teie t\u00f6\u00f6ruumile elegantset h\u00f5ngu. Laual on praktilised sahtlid ja sisseehitatud pistikupesa koos USB-portidega, mis tagavad mugavuse ja funktsionaalsuse.<\/p>\n<p>Kirjutuslaud on valmistatud vastupidavast akaatsiapuidust ja MDF-ist, kombineerides kvaliteeti ja esteetikat. Kreemjas v\u00e4rvitoon loob rahuliku ja kutsuva atmosf\u00e4\u00e4ri, mis sobib suurep\u00e4raselt igasse kodukontorisse. Laua m\u00f5\u00f5tmed on 122 cm lai, 51 cm s\u00fcgav ja 79 cm k\u00f5rge, pakkudes piisavalt ruumi t\u00f6\u00f6ks ja hoiustamiseks. Metallist k\u00e4epidemed lisavad lauale stiilset aktsenti.<\/p>\n<p>Laua lisafunktsioonide hulka kuuluvad toite\u00fcksus kahe pistikupesa ja kahe USB-portiga, mis muudavad seadmete laadimise lihtsaks ja mugavaks. Sahtlite m\u00f5\u00f5tmed on 42 x 28,5 x 4,5 cm, pakkudes piisavalt ruumi vajalike esemete hoiustamiseks. Laua jalgade vahe on 103,5 cm ja p\u00f5randast lauap\u00f5hjani on 61 cm, mis tagab piisava jalaruumi.<\/p>\n<p>Omadused:<br \/>\n<strong>Materjal:<\/strong> Akaatsiapuit ja MDF.<br \/>\n<strong>V\u00e4rv:<\/strong> Kreemjas.<br \/>\n<strong>M\u00f5\u00f5tmed:<\/strong> Laua laius 122 cm, s\u00fcgavus 51 cm, k\u00f5rgus 79 cm.<br \/>\n<strong>T\u00e4iendavad detailid:<\/strong> Sisseehitatud pistikupesa ja USB-portidega toite\u00fcksus.<br \/>\n<strong>Kokkupanek:<\/strong> Osaliselt kokku pandud, s\u00e4\u00e4stab aega ja vaeva.<\/p>\n<p>&nbsp;<\/p>\n","protected":false},"excerpt":{"rendered":"<p>Avola AV675-4820 kirjutuslaud ja tool kodukontorisse. Klassikalise stiiliga kirjutuslaud kreemjas toonis, mis lisab teie t\u00f6\u00f6ruumile elegantset h\u00f5ngu. Laual on praktilised sahtlid ja sisseehitatud pistikupesa koos USB-portidega, mis tagavad mugavuse ja funktsionaalsuse. Kirjutuslaud on valmistatud vastupidavast akaatsiapuidust ja MDF-ist, kombineerides kvaliteeti ja esteetikat. Kreemjas v\u00e4rvitoon loob rahuliku ja kutsuva atmosf\u00e4\u00e4ri, mis sobib suurep\u00e4raselt igasse kodukontorisse. Laua [&hellip;]<\/p>\n","protected":false},"featured_media":93785,"comment_status":"open","ping_status":"open","template":"","meta":[],"product_brand":[],"product_cat":[116],"product_tag":[],"class_list":{"0":"post-93784","1":"product","2":"type-product","3":"status-publish","4":"has-post-thumbnail","6":"product_cat-kontorilauad","7":"product_shipping_class-livin-hill","8":"pa_kaepidemed-metall","9":"pa_kollektsioon-avola","10":"pa_materjal-akaatsiapuit","11":"pa_sahtlite-arv-74","12":"pa_varv-beez","14":"first","15":"outofstock","16":"taxable","17":"shipping-taxable","18":"purchasable","19":"product-type-simple"},"_links":{"self":[{"href":"https:\/\/blankpage.ee\/_ruumist-ruumi\/wp-json\/wp\/v2\/product\/93784","targetHints":{"allow":["GET"]}}],"collection":[{"href":"https:\/\/blankpage.ee\/_ruumist-ruumi\/wp-json\/wp\/v2\/product"}],"about":[{"href":"https:\/\/blankpage.ee\/_ruumist-ruumi\/wp-json\/wp\/v2\/types\/product"}],"replies":[{"embeddable":true,"href":"https:\/\/blankpage.ee\/_ruumist-ruumi\/wp-json\/wp\/v2\/comments?post=93784"}],"wp:featuredmedia":[{"embeddable":true,"href":"https:\/\/blankpage.ee\/_ruumist-ruumi\/wp-json\/wp\/v2\/media\/93785"}],"wp:attachment":[{"href":"https:\/\/blankpage.ee\/_ruumist-ruumi\/wp-json\/wp\/v2\/media?parent=93784"}],"wp:term":[{"taxonomy":"product_brand","embeddable":true,"href":"https:\/\/blankpage.ee\/_ruumist-ruumi\/wp-json\/wp\/v2\/product_brand?post=93784"},{"taxonomy":"product_cat","embeddable":true,"href":"https:\/\/blankpage.ee\/_ruumist-ruumi\/wp-json\/wp\/v2\/product_cat?post=93784"},{"taxonomy":"product_tag","embeddable":true,"href":"https:\/\/blankpage.ee\/_ruumist-ruumi\/wp-json\/wp\/v2\/product_tag?post=93784"}],"curies":[{"name":"wp","href":"https:\/\/api.w.org\/{rel}","templated":true}]}}