{"id":93796,"date":"2025-01-22T06:29:23","date_gmt":"2025-01-22T06:29:23","guid":{"rendered":"https:\/\/ruumistruumi.ee\/pood\/tumesinine-kirjutuslaud-ja-tool-avola-av775-4820-akaatsiapuidust\/"},"modified":"2025-01-22T06:34:41","modified_gmt":"2025-01-22T06:34:41","slug":"tumesinine-kirjutuslaud-ja-tool-avola-av775-4820-akaatsiapuidust","status":"publish","type":"product","link":"https:\/\/blankpage.ee\/_ruumist-ruumi\/pood\/tumesinine-kirjutuslaud-ja-tool-avola-av775-4820-akaatsiapuidust\/","title":{"rendered":"Tumesinine kirjutuslaud ja tool Avola AV775-4820, akaatsiapuidust"},"content":{"rendered":"<p>Avola AV775-4820 kirjutuslaud ja tool kodukontorisse. See klassikalises stiilis kirjutuslaud merev\u00e4esinises toonis lisab teie t\u00f6\u00f6ruumi elegantsi ja funktsionaalsust. Kirjutuslaual on praktilised sahtlid ning sisseehitatud pistikupesad ja USB-portid, mis muudavad teie t\u00f6\u00f6p\u00e4eva sujuvamaks ja organiseeritumaks.<\/p>\n<p>Kirjutuslaud on valmistatud kvaliteetsest akaatsiapuidust ja MDF-ist, pakkudes vastupidavust ja ajatut ilu. Metallist k\u00e4epidemed lisavad lauale kaasaegset h\u00f5ngu. Laua m\u00f5\u00f5tmed on 122 cm lai, 51 cm s\u00fcgav ja 79 cm k\u00f5rge, pakkudes piisavalt ruumi t\u00f6\u00f6ks ja hoiustamiseks. Sahtli m\u00f5\u00f5tmed on 42 x 28,5 x 4,5 cm ning jalgade vaheline ruum on 103,5 cm, tagades mugava jalaruumi. P\u00f5randast lauap\u00f5hjani on k\u00f5rgus 61 cm, mis sobib ideaalselt erinevate toolidega.<\/p>\n<p>Oluliseks lisandiks on toiteplokk kahe pistikupesa ja kahe USB-portiga, mis v\u00f5imaldab mugavalt laadida seadmeid otse laua peal. Kirjutuslaud on osaliselt kokku pandud, s\u00e4\u00e4stes teie aega ja vaeva paigaldamisel.<\/p>\n<p>Omadused:<br \/>\n<strong>Materjal:<\/strong> Akaatsiapuit ja MDF.<br \/>\n<strong>V\u00e4rv:<\/strong> Merev\u00e4esinine.<br \/>\n<strong>M\u00f5\u00f5tmed:<\/strong> Laius 122 cm, s\u00fcgavus 51 cm, k\u00f5rgus 79 cm.<br \/>\n<strong>T\u00e4iendavad detailid:<\/strong> Sisseehitatud pistikupesad ja USB-portid.<br \/>\n<strong>Kokkupanek:<\/strong> Osaliselt kokku pandud, ei vaja paigaldust. S\u00e4\u00e4stab aega ja vaeva.<\/p>\n<p>&nbsp;<\/p>\n","protected":false},"excerpt":{"rendered":"<p>Avola AV775-4820 kirjutuslaud ja tool kodukontorisse. See klassikalises stiilis kirjutuslaud merev\u00e4esinises toonis lisab teie t\u00f6\u00f6ruumi elegantsi ja funktsionaalsust. Kirjutuslaual on praktilised sahtlid ning sisseehitatud pistikupesad ja USB-portid, mis muudavad teie t\u00f6\u00f6p\u00e4eva sujuvamaks ja organiseeritumaks. Kirjutuslaud on valmistatud kvaliteetsest akaatsiapuidust ja MDF-ist, pakkudes vastupidavust ja ajatut ilu. Metallist k\u00e4epidemed lisavad lauale kaasaegset h\u00f5ngu. Laua m\u00f5\u00f5tmed on [&hellip;]<\/p>\n","protected":false},"featured_media":93797,"comment_status":"open","ping_status":"open","template":"","meta":[],"product_brand":[],"product_cat":[116],"product_tag":[],"class_list":{"0":"post-93796","1":"product","2":"type-product","3":"status-publish","4":"has-post-thumbnail","6":"product_cat-kontorilauad","7":"product_shipping_class-livin-hill","8":"pa_kaepidemed-metall","9":"pa_kollektsioon-avola","10":"pa_materjal-akaatsiapuit","11":"pa_sahtlite-arv-74","12":"pa_varv-tumesinine","14":"first","15":"outofstock","16":"taxable","17":"shipping-taxable","18":"purchasable","19":"product-type-simple"},"_links":{"self":[{"href":"https:\/\/blankpage.ee\/_ruumist-ruumi\/wp-json\/wp\/v2\/product\/93796","targetHints":{"allow":["GET"]}}],"collection":[{"href":"https:\/\/blankpage.ee\/_ruumist-ruumi\/wp-json\/wp\/v2\/product"}],"about":[{"href":"https:\/\/blankpage.ee\/_ruumist-ruumi\/wp-json\/wp\/v2\/types\/product"}],"replies":[{"embeddable":true,"href":"https:\/\/blankpage.ee\/_ruumist-ruumi\/wp-json\/wp\/v2\/comments?post=93796"}],"wp:featuredmedia":[{"embeddable":true,"href":"https:\/\/blankpage.ee\/_ruumist-ruumi\/wp-json\/wp\/v2\/media\/93797"}],"wp:attachment":[{"href":"https:\/\/blankpage.ee\/_ruumist-ruumi\/wp-json\/wp\/v2\/media?parent=93796"}],"wp:term":[{"taxonomy":"product_brand","embeddable":true,"href":"https:\/\/blankpage.ee\/_ruumist-ruumi\/wp-json\/wp\/v2\/product_brand?post=93796"},{"taxonomy":"product_cat","embeddable":true,"href":"https:\/\/blankpage.ee\/_ruumist-ruumi\/wp-json\/wp\/v2\/product_cat?post=93796"},{"taxonomy":"product_tag","embeddable":true,"href":"https:\/\/blankpage.ee\/_ruumist-ruumi\/wp-json\/wp\/v2\/product_tag?post=93796"}],"curies":[{"name":"wp","href":"https:\/\/api.w.org\/{rel}","templated":true}]}}