{"id":93808,"date":"2025-01-22T06:38:36","date_gmt":"2025-01-22T06:38:36","guid":{"rendered":"https:\/\/ruumistruumi.ee\/pood\/musta-vitriinkapp-avola-av2295-65-akaatsiapuidust\/"},"modified":"2025-06-17T08:58:04","modified_gmt":"2025-06-17T08:58:04","slug":"musta-vitriinkapp-avola-av2295-65-akaatsiapuidust","status":"publish","type":"product","link":"https:\/\/blankpage.ee\/_ruumist-ruumi\/pood\/musta-vitriinkapp-avola-av2295-65-akaatsiapuidust\/","title":{"rendered":"Musta vitriinkapp Avola AV2295-65, akaatsiapuidust"},"content":{"rendered":"<p>Avola AV2295-65 puhvetkapp elutuppa. See elegantne must puhvetkapp on loodud, et lisada teie elutuppa stiili ja praktilisust. Nelja klaasitud uksega, millel on dekoratiivsed kaared ja elegantsed piklikud k\u00e4epidemed, on see m\u00f6\u00f6bliese t\u00f5eline pilgup\u00fc\u00fcdja. Lihtsat vormi t\u00e4iustavad freesitud servad ja n\u00e4htav vineerstruktuur, mis lisavad sellele ainulaadset iseloomu.<\/p>\n<p>Avola kollektsiooni kuuluv puhvetkapp on valmistatud vastupidavast akaatsiapuidust ja vineerist, mis tagavad pikaealisuse ja kvaliteedi. Musta viimistluse ja naturaalse puidu sisemusega kapp pakub ka praktilist hoiuruumi, olles varustatud kahe reguleeritava riiuliga. Kapi uksed on valmistatud 5mm karastatud klaasist, mis lisab turvalisust ja vastupidavust.<\/p>\n<p>Omadused:<br \/>\n<strong>Materjal:<\/strong> Akaatsiapuit, vineer.<br \/>\n<strong>V\u00e4rv:<\/strong> Must, naturaalse puidu sisemus.<br \/>\n<strong>M\u00f5\u00f5tmed:<\/strong> Laius 165 cm, s\u00fcgavus 43 cm, k\u00f5rgus 91,5 cm.<br \/>\n<strong>T\u00e4iendavad detailid:<\/strong> 4 ust, 2 riiulit, metallist k\u00e4epidemed, reguleeritav sisemine riiul.<br \/>\n<strong>Kokkupanek:<\/strong> Kokkupandud, ei vaja paigaldust. S\u00e4\u00e4stab aega ja vaeva.<\/p>\n<p>&nbsp;<\/p>\n","protected":false},"excerpt":{"rendered":"<p>Avola AV2295-65 puhvetkapp elutuppa. See elegantne must puhvetkapp on loodud, et lisada teie elutuppa stiili ja praktilisust. Nelja klaasitud uksega, millel on dekoratiivsed kaared ja elegantsed piklikud k\u00e4epidemed, on see m\u00f6\u00f6bliese t\u00f5eline pilgup\u00fc\u00fcdja. Lihtsat vormi t\u00e4iustavad freesitud servad ja n\u00e4htav vineerstruktuur, mis lisavad sellele ainulaadset iseloomu. Avola kollektsiooni kuuluv puhvetkapp on valmistatud vastupidavast akaatsiapuidust ja [&hellip;]<\/p>\n","protected":false},"featured_media":93809,"comment_status":"open","ping_status":"open","template":"","meta":[],"product_brand":[],"product_cat":[81],"product_tag":[],"class_list":{"0":"post-93808","1":"product","2":"type-product","3":"status-publish","4":"has-post-thumbnail","6":"product_cat-kapid-riiulid-ja-kummutid","7":"product_shipping_class-livin-hill","8":"pa_kaepidemed-metall","9":"pa_kollektsioon-avola","10":"pa_materjal-akaatsiapuit","11":"pa_riiulite-arv-76","12":"pa_uste-arv-75","13":"pa_varv-must","15":"first","16":"instock","17":"taxable","18":"shipping-taxable","19":"purchasable","20":"product-type-simple"},"_links":{"self":[{"href":"https:\/\/blankpage.ee\/_ruumist-ruumi\/wp-json\/wp\/v2\/product\/93808","targetHints":{"allow":["GET"]}}],"collection":[{"href":"https:\/\/blankpage.ee\/_ruumist-ruumi\/wp-json\/wp\/v2\/product"}],"about":[{"href":"https:\/\/blankpage.ee\/_ruumist-ruumi\/wp-json\/wp\/v2\/types\/product"}],"replies":[{"embeddable":true,"href":"https:\/\/blankpage.ee\/_ruumist-ruumi\/wp-json\/wp\/v2\/comments?post=93808"}],"wp:featuredmedia":[{"embeddable":true,"href":"https:\/\/blankpage.ee\/_ruumist-ruumi\/wp-json\/wp\/v2\/media\/93809"}],"wp:attachment":[{"href":"https:\/\/blankpage.ee\/_ruumist-ruumi\/wp-json\/wp\/v2\/media?parent=93808"}],"wp:term":[{"taxonomy":"product_brand","embeddable":true,"href":"https:\/\/blankpage.ee\/_ruumist-ruumi\/wp-json\/wp\/v2\/product_brand?post=93808"},{"taxonomy":"product_cat","embeddable":true,"href":"https:\/\/blankpage.ee\/_ruumist-ruumi\/wp-json\/wp\/v2\/product_cat?post=93808"},{"taxonomy":"product_tag","embeddable":true,"href":"https:\/\/blankpage.ee\/_ruumist-ruumi\/wp-json\/wp\/v2\/product_tag?post=93808"}],"curies":[{"name":"wp","href":"https:\/\/api.w.org\/{rel}","templated":true}]}}