{"id":93819,"date":"2025-01-22T06:38:36","date_gmt":"2025-01-22T06:38:36","guid":{"rendered":"https:\/\/ruumistruumi.ee\/pood\/helepruun-voodiraam-maze-mazk01-180cm-2-ookappi-mazb02-akaatsiapuidust\/"},"modified":"2025-01-22T06:43:07","modified_gmt":"2025-01-22T06:43:07","slug":"helepruun-voodiraam-maze-mazk01-180cm-2-ookappi-mazb02-akaatsiapuidust","status":"publish","type":"product","link":"https:\/\/blankpage.ee\/_ruumist-ruumi\/pood\/helepruun-voodiraam-maze-mazk01-180cm-2-ookappi-mazb02-akaatsiapuidust\/","title":{"rendered":"Helepruun voodiraam Maze MAZK01 180cm + 2 \u00f6\u00f6kappi MAZB02, akaatsiapuidust"},"content":{"rendered":"<p>Maze MAZK01 voodiraam 180cm ja 2 \u00f6\u00f6kappi MAZB02 magamistuppa. Maze kollektsioon pakub stiilset ja funktsionaalset lahendust, mis t\u00e4iendab teie magamistoa atmosf\u00e4\u00e4ri. Komplekti kuulub elegantne voodiraam ja kaks praktilist \u00f6\u00f6kappi, mis loovad harmoonilise ja mugava keskkonna.<\/p>\n<p>Maze kollektsiooni voodiraam on valmistatud kvaliteetsest akaatsiapuidust ja viimistletud vineeriga, mis tagab vastupidavuse ja ajatu ilu. Metallist jalad lisavad modernset aktsenti ning kindlustavad stabiilsuse. Voodiraami hele pruun toon toob esile puidu loomuliku ilu ja sobib erinevatesse sisekujundusstiilidesse. \u00d6\u00f6kapid pakuvad mugavat hoiuruumi, et hoida vajalikud esemed k\u00e4eulatuses.<\/p>\n<p>Omadused:<br \/>\n<strong>Materjal:<\/strong> Akaatsiapuit, vineer, metallist jalad.<br \/>\n<strong>V\u00e4rv:<\/strong> Hele pruun.<br \/>\n<strong>M\u00f5\u00f5tmed:<\/strong> Laius 189 cm, s\u00fcgavus 217 cm, k\u00f5rgus 125 cm.<br \/>\n<strong>T\u00e4iendavad detailid:<\/strong> Osaliselt kokku pandud, ei vaja paigaldust. S\u00e4\u00e4stab aega ja vaeva.<\/p>\n<p>Maze magamistoakomplekt on ideaalne valik neile, kes hindavad kvaliteeti ja stiili.<\/p>\n<p>&nbsp;<\/p>\n","protected":false},"excerpt":{"rendered":"<p>Maze MAZK01 voodiraam 180cm ja 2 \u00f6\u00f6kappi MAZB02 magamistuppa. Maze kollektsioon pakub stiilset ja funktsionaalset lahendust, mis t\u00e4iendab teie magamistoa atmosf\u00e4\u00e4ri. Komplekti kuulub elegantne voodiraam ja kaks praktilist \u00f6\u00f6kappi, mis loovad harmoonilise ja mugava keskkonna. Maze kollektsiooni voodiraam on valmistatud kvaliteetsest akaatsiapuidust ja viimistletud vineeriga, mis tagab vastupidavuse ja ajatu ilu. Metallist jalad lisavad modernset [&hellip;]<\/p>\n","protected":false},"featured_media":93820,"comment_status":"open","ping_status":"open","template":"","meta":[],"product_brand":[],"product_cat":[156],"product_tag":[],"class_list":{"0":"post-93819","1":"product","2":"type-product","3":"status-publish","4":"has-post-thumbnail","6":"product_cat-voodid","7":"product_shipping_class-livin-hill","8":"pa_kollektsioon-maze","9":"pa_materjal-akaatsiapuit","10":"pa_varv-helepruun","12":"first","13":"outofstock","14":"taxable","15":"shipping-taxable","16":"purchasable","17":"product-type-simple"},"_links":{"self":[{"href":"https:\/\/blankpage.ee\/_ruumist-ruumi\/wp-json\/wp\/v2\/product\/93819","targetHints":{"allow":["GET"]}}],"collection":[{"href":"https:\/\/blankpage.ee\/_ruumist-ruumi\/wp-json\/wp\/v2\/product"}],"about":[{"href":"https:\/\/blankpage.ee\/_ruumist-ruumi\/wp-json\/wp\/v2\/types\/product"}],"replies":[{"embeddable":true,"href":"https:\/\/blankpage.ee\/_ruumist-ruumi\/wp-json\/wp\/v2\/comments?post=93819"}],"wp:featuredmedia":[{"embeddable":true,"href":"https:\/\/blankpage.ee\/_ruumist-ruumi\/wp-json\/wp\/v2\/media\/93820"}],"wp:attachment":[{"href":"https:\/\/blankpage.ee\/_ruumist-ruumi\/wp-json\/wp\/v2\/media?parent=93819"}],"wp:term":[{"taxonomy":"product_brand","embeddable":true,"href":"https:\/\/blankpage.ee\/_ruumist-ruumi\/wp-json\/wp\/v2\/product_brand?post=93819"},{"taxonomy":"product_cat","embeddable":true,"href":"https:\/\/blankpage.ee\/_ruumist-ruumi\/wp-json\/wp\/v2\/product_cat?post=93819"},{"taxonomy":"product_tag","embeddable":true,"href":"https:\/\/blankpage.ee\/_ruumist-ruumi\/wp-json\/wp\/v2\/product_tag?post=93819"}],"curies":[{"name":"wp","href":"https:\/\/api.w.org\/{rel}","templated":true}]}}