{"id":93856,"date":"2025-01-22T06:45:21","date_gmt":"2025-01-22T06:45:21","guid":{"rendered":"https:\/\/ruumistruumi.ee\/pood\/antiikvalge-soogilaud-avola-av1706-66-taaskasutatud-mannipuidust-2\/"},"modified":"2025-01-22T06:49:40","modified_gmt":"2025-01-22T06:49:40","slug":"antiikvalge-soogilaud-avola-av1706-66-taaskasutatud-mannipuidust-2","status":"publish","type":"product","link":"https:\/\/blankpage.ee\/_ruumist-ruumi\/pood\/antiikvalge-soogilaud-avola-av1706-66-taaskasutatud-mannipuidust-2\/","title":{"rendered":"Antiikvalge s\u00f6\u00f6gilaud Avola AV1706-66, taaskasutatud m\u00e4nnipuidust"},"content":{"rendered":"<p>Avola AV1706-66 s\u00f6\u00f6gilaud koos nelja tooliga on ideaalne t\u00e4iendus teie s\u00f6\u00f6gituppa. See komplekt \u00fchendab endas elegantsi ja praktilisuse, pakkudes ruumi nii igap\u00e4evasteks s\u00f6\u00f6gikordadeks kui ka erilisemateks \u00f5htus\u00f6\u00f6kideks. Laua ja toolide viimistlus, antiikvalge ja pruun, loob sooja ja kutsuva atmosf\u00e4\u00e4ri.<\/p>\n<p>Laua valmistamisel on kasutatud taaskasutatud m\u00e4nnipuitu, mis lisab sellele unikaalsust ja keskkonnas\u00f5bralikku v\u00e4\u00e4rtust. Lauaplaat, millel on pruun toon, on pikendatav, muutes selle ideaalseks nii v\u00e4iksemate kui ka suuremate seltskondade v\u00f5\u00f5rustamiseks. Pikendatav osa on 45 cm, mis v\u00f5imaldab laua pikkust reguleerida vahemikus 122\u2013167 cm. Laua s\u00fcgavus on 122 cm ja k\u00f5rgus 76 cm, pakkudes piisavalt ruumi mugavaks einestamiseks.<\/p>\n<p>Komplekti kuuluvad toolid on disainitud sobima laua stiiliga, tagades \u00fchtse ja harmoonilise v\u00e4limuse. Osaliselt kokkupandud m\u00f6\u00f6bel s\u00e4\u00e4stab teie aega ja vaeva, v\u00f5imaldades kiiret ja lihtsat paigaldust.<\/p>\n<p>Omadused:<br \/>\n<strong>Materjal:<\/strong> Taaskasutatud m\u00e4nnipuit.<br \/>\n<strong>V\u00e4rv:<\/strong> Antiikvalge ja pruun lauaplaat.<br \/>\n<strong>M\u00f5\u00f5tmed:<\/strong> Laua laius 122-167 cm, s\u00fcgavus 122 cm, k\u00f5rgus 76 cm.<br \/>\n<strong>T\u00e4iendavad detailid:<\/strong> Pikendatav lauaplaat 45 cm.<br \/>\n<strong>Kokkupanek:<\/strong> Osaliselt kokkupandud, ei vaja paigaldust. S\u00e4\u00e4stab aega ja vaeva.<\/p>\n<p>&nbsp;<\/p>\n","protected":false},"excerpt":{"rendered":"<p>Avola AV1706-66 s\u00f6\u00f6gilaud koos nelja tooliga on ideaalne t\u00e4iendus teie s\u00f6\u00f6gituppa. See komplekt \u00fchendab endas elegantsi ja praktilisuse, pakkudes ruumi nii igap\u00e4evasteks s\u00f6\u00f6gikordadeks kui ka erilisemateks \u00f5htus\u00f6\u00f6kideks. Laua ja toolide viimistlus, antiikvalge ja pruun, loob sooja ja kutsuva atmosf\u00e4\u00e4ri. Laua valmistamisel on kasutatud taaskasutatud m\u00e4nnipuitu, mis lisab sellele unikaalsust ja keskkonnas\u00f5bralikku v\u00e4\u00e4rtust. Lauaplaat, millel on [&hellip;]<\/p>\n","protected":false},"featured_media":6290,"comment_status":"open","ping_status":"open","template":"","meta":[],"product_brand":[],"product_cat":[93],"product_tag":[],"class_list":{"0":"post-93856","1":"product","2":"type-product","3":"status-publish","4":"has-post-thumbnail","6":"product_cat-soogilauad","7":"product_shipping_class-livin-hill","8":"pa_kollektsioon-avola","9":"pa_materjal-taaskasutatud-mannipuit","10":"pa_varv-valge","12":"first","13":"outofstock","14":"taxable","15":"shipping-taxable","16":"purchasable","17":"product-type-simple"},"_links":{"self":[{"href":"https:\/\/blankpage.ee\/_ruumist-ruumi\/wp-json\/wp\/v2\/product\/93856","targetHints":{"allow":["GET"]}}],"collection":[{"href":"https:\/\/blankpage.ee\/_ruumist-ruumi\/wp-json\/wp\/v2\/product"}],"about":[{"href":"https:\/\/blankpage.ee\/_ruumist-ruumi\/wp-json\/wp\/v2\/types\/product"}],"replies":[{"embeddable":true,"href":"https:\/\/blankpage.ee\/_ruumist-ruumi\/wp-json\/wp\/v2\/comments?post=93856"}],"wp:featuredmedia":[{"embeddable":true,"href":"https:\/\/blankpage.ee\/_ruumist-ruumi\/wp-json\/wp\/v2\/media\/6290"}],"wp:attachment":[{"href":"https:\/\/blankpage.ee\/_ruumist-ruumi\/wp-json\/wp\/v2\/media?parent=93856"}],"wp:term":[{"taxonomy":"product_brand","embeddable":true,"href":"https:\/\/blankpage.ee\/_ruumist-ruumi\/wp-json\/wp\/v2\/product_brand?post=93856"},{"taxonomy":"product_cat","embeddable":true,"href":"https:\/\/blankpage.ee\/_ruumist-ruumi\/wp-json\/wp\/v2\/product_cat?post=93856"},{"taxonomy":"product_tag","embeddable":true,"href":"https:\/\/blankpage.ee\/_ruumist-ruumi\/wp-json\/wp\/v2\/product_tag?post=93856"}],"curies":[{"name":"wp","href":"https:\/\/api.w.org\/{rel}","templated":true}]}}