{"id":93857,"date":"2025-01-22T06:45:21","date_gmt":"2025-01-22T06:45:21","guid":{"rendered":"https:\/\/ruumistruumi.ee\/pood\/turkiissinine-ja-mundiroheline-kirjutuslaud-ja-tool-avola-av1615-5620-akaatsiapuidust\/"},"modified":"2025-01-22T06:49:45","modified_gmt":"2025-01-22T06:49:45","slug":"turkiissinine-ja-mundiroheline-kirjutuslaud-ja-tool-avola-av1615-5620-akaatsiapuidust","status":"publish","type":"product","link":"https:\/\/blankpage.ee\/_ruumist-ruumi\/pood\/turkiissinine-ja-mundiroheline-kirjutuslaud-ja-tool-avola-av1615-5620-akaatsiapuidust\/","title":{"rendered":"T\u00fcrkiissinine ja m\u00fcndiroheline kirjutuslaud ja tool Avola AV1615-5620, akaatsiapuidust"},"content":{"rendered":"<p>Avola AV1615-5620 kirjutuslaud ja tool kodukontorisse. See Avola kollektsiooni komplekt koosneb kirjutuslauast ja toolist, millel on ainulaadne t\u00fcrkiissinine ja m\u00fcndiroheline v\u00e4rvigamma. Rustikaalses stiilis kirjutuslaud on kaunistatud iseloomulike shabby-chic h\u00f5\u00f5rdumistega, mis lisavad sellele erip\u00e4ra ja isikup\u00e4ra.<\/p>\n<p>Kirjutuslaud on varustatud funktsionaalsete sahtlitega ning sisseehitatud pistikupesa ja USB-portidega, mis muudavad t\u00f6\u00f6 tegemise mugavaks ja praktiliseks. Keskmine sahtel m\u00f5\u00f5tmetega 51 x 31 x 5 cm, k\u00fclgmised \u00fclemised sahtlid 24,5 x 31 x 25 cm ja alumised sahtlid 24,5 x 32,5 x 7 cm pakuvad piisavalt hoiuruumi. Laua jalgade vahe on 56 cm ja jalgade k\u00f5rgus 48,5 cm, mis tagab mugava istumisasendi.<\/p>\n<p>Omadused:<br \/>\n<strong>Materjal:<\/strong> Akaatsiapuit ja vineer.<br \/>\n<strong>V\u00e4rv:<\/strong> T\u00fcrkiis ja m\u00fcndiroheline.<br \/>\n<strong>M\u00f5\u00f5tmed:<\/strong> Laua laius 142,5 cm, s\u00fcgavus 51 cm, k\u00f5rgus 79 cm.<br \/>\n<strong>T\u00e4iendavad detailid:<\/strong> Shabby chic v\u00e4rvikahjustused, puidust k\u00e4epidemed, elektriseade kahe pistikupesa ja kahe USB-pordiga.<br \/>\n<strong>Kokkupanek:<\/strong> Osaliselt kokkupandud, ei vaja paigaldust. S\u00e4\u00e4stab aega ja vaeva.<\/p>\n<p>&nbsp;<\/p>\n","protected":false},"excerpt":{"rendered":"<p>Avola AV1615-5620 kirjutuslaud ja tool kodukontorisse. See Avola kollektsiooni komplekt koosneb kirjutuslauast ja toolist, millel on ainulaadne t\u00fcrkiissinine ja m\u00fcndiroheline v\u00e4rvigamma. Rustikaalses stiilis kirjutuslaud on kaunistatud iseloomulike shabby-chic h\u00f5\u00f5rdumistega, mis lisavad sellele erip\u00e4ra ja isikup\u00e4ra. Kirjutuslaud on varustatud funktsionaalsete sahtlitega ning sisseehitatud pistikupesa ja USB-portidega, mis muudavad t\u00f6\u00f6 tegemise mugavaks ja praktiliseks. Keskmine sahtel m\u00f5\u00f5tmetega [&hellip;]<\/p>\n","protected":false},"featured_media":93858,"comment_status":"open","ping_status":"open","template":"","meta":[],"product_brand":[],"product_cat":[116],"product_tag":[],"class_list":{"0":"post-93857","1":"product","2":"type-product","3":"status-publish","4":"has-post-thumbnail","6":"product_cat-kontorilauad","7":"product_shipping_class-livin-hill","8":"pa_kaepidemed-puidust","9":"pa_kollektsioon-avola","10":"pa_materjal-akaatsiapuit","11":"pa_sahtlite-arv-79","12":"pa_varv-turkiis","14":"first","15":"outofstock","16":"taxable","17":"shipping-taxable","18":"purchasable","19":"product-type-simple"},"_links":{"self":[{"href":"https:\/\/blankpage.ee\/_ruumist-ruumi\/wp-json\/wp\/v2\/product\/93857","targetHints":{"allow":["GET"]}}],"collection":[{"href":"https:\/\/blankpage.ee\/_ruumist-ruumi\/wp-json\/wp\/v2\/product"}],"about":[{"href":"https:\/\/blankpage.ee\/_ruumist-ruumi\/wp-json\/wp\/v2\/types\/product"}],"replies":[{"embeddable":true,"href":"https:\/\/blankpage.ee\/_ruumist-ruumi\/wp-json\/wp\/v2\/comments?post=93857"}],"wp:featuredmedia":[{"embeddable":true,"href":"https:\/\/blankpage.ee\/_ruumist-ruumi\/wp-json\/wp\/v2\/media\/93858"}],"wp:attachment":[{"href":"https:\/\/blankpage.ee\/_ruumist-ruumi\/wp-json\/wp\/v2\/media?parent=93857"}],"wp:term":[{"taxonomy":"product_brand","embeddable":true,"href":"https:\/\/blankpage.ee\/_ruumist-ruumi\/wp-json\/wp\/v2\/product_brand?post=93857"},{"taxonomy":"product_cat","embeddable":true,"href":"https:\/\/blankpage.ee\/_ruumist-ruumi\/wp-json\/wp\/v2\/product_cat?post=93857"},{"taxonomy":"product_tag","embeddable":true,"href":"https:\/\/blankpage.ee\/_ruumist-ruumi\/wp-json\/wp\/v2\/product_tag?post=93857"}],"curies":[{"name":"wp","href":"https:\/\/api.w.org\/{rel}","templated":true}]}}