{"id":9386,"date":"2024-11-01T16:35:17","date_gmt":"2024-11-01T16:35:17","guid":{"rendered":"https:\/\/ruumistruumi.ee\/pood\/parlvalge-pooratav-tugitool-leith-let74w-100-poluester-kate-alus-popliipuit\/"},"modified":"2025-04-10T11:58:48","modified_gmt":"2025-04-10T11:58:48","slug":"parlvalge-pooratav-tugitool-leith-let74w-100-poluester-kate-alus-popliipuit","status":"publish","type":"product","link":"https:\/\/blankpage.ee\/_ruumist-ruumi\/pood\/parlvalge-pooratav-tugitool-leith-let74w-100-poluester-kate-alus-popliipuit\/","title":{"rendered":"P\u00e4rlvalge p\u00f6\u00f6rlev tugitool Leith LET74W, 100% pol\u00fcester"},"content":{"rendered":"<p>Leith LET74W polsterdatud p\u00f6\u00f6rdtool elutuppa. See elegantne tool on kaetud p\u00e4rlvalge kangaga, mis lisab igasse elutuppa stiili ja mugavust. M\u00f6\u00f6bli lihtne vorm, mis tugineb moekatele \u00fcmaratele kujudele, rikastab iga interj\u00f6\u00f6ri.<\/p>\n<p>Omadused:<br \/>\n<strong>Materjal:<\/strong> 100% pol\u00fcesterpolsterdus; alus: paplipuust vineer.<br \/>\n<strong>V\u00e4rv:<\/strong> P\u00e4rlvalge.<br \/>\n<strong>M\u00f5\u00f5tmed:<\/strong> Laius 67,5 cm, s\u00fcgavus 77,5 cm, k\u00f5rgus 76 cm.<br \/>\n<strong>T\u00e4iendavad detailid:<\/strong> T\u00e4ielik 360\u00b0 p\u00f6\u00f6rlemine; puhastuskood SW = LAHUSTI V\u00d5I VESI; lainelised vedrud ja v\u00f6\u00f6; k\u00f5rge tihedusega vaht; lopsakas \u0161enillpolsterdus.<br \/>\n<strong>Kokkupanek:<\/strong> Kokkupandud, ei vaja paigaldust. S\u00e4\u00e4stab aega ja vaeva.<\/p>\n<p>&nbsp;<\/p>\n","protected":false},"excerpt":{"rendered":"<p>Leith LET74W polsterdatud p\u00f6\u00f6rdtool elutuppa. See elegantne tool on kaetud p\u00e4rlvalge kangaga, mis lisab igasse elutuppa stiili ja mugavust. M\u00f6\u00f6bli lihtne vorm, mis tugineb moekatele \u00fcmaratele kujudele, rikastab iga interj\u00f6\u00f6ri. Omadused: Materjal: 100% pol\u00fcesterpolsterdus; alus: paplipuust vineer. V\u00e4rv: P\u00e4rlvalge. M\u00f5\u00f5tmed: Laius 67,5 cm, s\u00fcgavus 77,5 cm, k\u00f5rgus 76 cm. T\u00e4iendavad detailid: T\u00e4ielik 360\u00b0 p\u00f6\u00f6rlemine; puhastuskood [&hellip;]<\/p>\n","protected":false},"featured_media":9387,"comment_status":"open","ping_status":"closed","template":"","meta":[],"product_brand":[],"product_cat":[424],"product_tag":[],"class_list":{"0":"post-9386","1":"product","2":"type-product","3":"status-publish","4":"has-post-thumbnail","6":"product_cat-tugitoolid-ja-lounge-toolid","7":"product_shipping_class-livin-hill","8":"pa_kollektsioon-leith","9":"pa_materjal-poluester","10":"pa_varv-valge","12":"first","13":"instock","14":"sale","15":"taxable","16":"shipping-taxable","17":"purchasable","18":"product-type-simple"},"_links":{"self":[{"href":"https:\/\/blankpage.ee\/_ruumist-ruumi\/wp-json\/wp\/v2\/product\/9386","targetHints":{"allow":["GET"]}}],"collection":[{"href":"https:\/\/blankpage.ee\/_ruumist-ruumi\/wp-json\/wp\/v2\/product"}],"about":[{"href":"https:\/\/blankpage.ee\/_ruumist-ruumi\/wp-json\/wp\/v2\/types\/product"}],"replies":[{"embeddable":true,"href":"https:\/\/blankpage.ee\/_ruumist-ruumi\/wp-json\/wp\/v2\/comments?post=9386"}],"wp:featuredmedia":[{"embeddable":true,"href":"https:\/\/blankpage.ee\/_ruumist-ruumi\/wp-json\/wp\/v2\/media\/9387"}],"wp:attachment":[{"href":"https:\/\/blankpage.ee\/_ruumist-ruumi\/wp-json\/wp\/v2\/media?parent=9386"}],"wp:term":[{"taxonomy":"product_brand","embeddable":true,"href":"https:\/\/blankpage.ee\/_ruumist-ruumi\/wp-json\/wp\/v2\/product_brand?post=9386"},{"taxonomy":"product_cat","embeddable":true,"href":"https:\/\/blankpage.ee\/_ruumist-ruumi\/wp-json\/wp\/v2\/product_cat?post=9386"},{"taxonomy":"product_tag","embeddable":true,"href":"https:\/\/blankpage.ee\/_ruumist-ruumi\/wp-json\/wp\/v2\/product_tag?post=9386"}],"curies":[{"name":"wp","href":"https:\/\/api.w.org\/{rel}","templated":true}]}}