{"id":93872,"date":"2025-01-22T06:45:21","date_gmt":"2025-01-22T06:45:21","guid":{"rendered":"https:\/\/ruumistruumi.ee\/pood\/helebeez-leith-let69n-polsterdatud-pink-100-poluesterpolsterdusega\/"},"modified":"2025-04-10T11:58:23","modified_gmt":"2025-04-10T11:58:23","slug":"helebeez-leith-let69n-polsterdatud-pink-100-poluesterpolsterdusega","status":"publish","type":"product","link":"https:\/\/blankpage.ee\/_ruumist-ruumi\/pood\/helebeez-leith-let69n-polsterdatud-pink-100-poluesterpolsterdusega\/","title":{"rendered":"Helebee\u017e Leith LET69N polsterdatud pink, 100% pol\u00fcesterpolsterdusega"},"content":{"rendered":"<p>Leith LET69N polsterdatud pink esikusse. Leith kollektsiooni kuuluv elegantne helebee\u017e polsterdatud pink on valmistatud k\u00f5rgeima kvaliteediga chenille kangast. Selle lihtne ja avatud vorm sobib suurep\u00e4raselt nii elutuppa, magamistuppa kui ka esikusse, pakkudes mugavat istekohta ja stiilset t\u00e4iendust igasse ruumi.<\/p>\n<p>Omadused:<br \/>\n<strong>Materjal:<\/strong> 100% pol\u00fcesterpolsterdus; alus: paplipuidust vineer.<br \/>\n<strong>V\u00e4rv:<\/strong> Helebee\u017e.<br \/>\n<strong>M\u00f5\u00f5tmed:<\/strong> Laius 53,5 cm, s\u00fcgavus 45,5 cm, k\u00f5rgus 48 cm.<br \/>\n<strong>T\u00e4iendavad detailid:<\/strong> Puhastuskood SW = LAHUSTI V\u00d5I VESI; v\u00f5rgustatud istekoht; lopsakas chenille polsterdus.<br \/>\n<strong>Kokkupanek:<\/strong> Kokkupandud, ei vaja paigaldust. S\u00e4\u00e4stab aega ja vaeva.<\/p>\n<p>&nbsp;<\/p>\n","protected":false},"excerpt":{"rendered":"<p>Leith LET69N polsterdatud pink esikusse. Leith kollektsiooni kuuluv elegantne helebee\u017e polsterdatud pink on valmistatud k\u00f5rgeima kvaliteediga chenille kangast. Selle lihtne ja avatud vorm sobib suurep\u00e4raselt nii elutuppa, magamistuppa kui ka esikusse, pakkudes mugavat istekohta ja stiilset t\u00e4iendust igasse ruumi. Omadused: Materjal: 100% pol\u00fcesterpolsterdus; alus: paplipuidust vineer. V\u00e4rv: Helebee\u017e. M\u00f5\u00f5tmed: Laius 53,5 cm, s\u00fcgavus 45,5 cm, [&hellip;]<\/p>\n","protected":false},"featured_media":93873,"comment_status":"open","ping_status":"open","template":"","meta":[],"product_brand":[],"product_cat":[136],"product_tag":[],"class_list":{"0":"post-93872","1":"product","2":"type-product","3":"status-publish","4":"has-post-thumbnail","6":"product_cat-esikupingid","7":"product_shipping_class-livin-hill","8":"pa_kollektsioon-leith","9":"pa_materjal-poluester","10":"pa_varv-beez","12":"first","13":"instock","14":"taxable","15":"shipping-taxable","16":"purchasable","17":"product-type-simple"},"_links":{"self":[{"href":"https:\/\/blankpage.ee\/_ruumist-ruumi\/wp-json\/wp\/v2\/product\/93872","targetHints":{"allow":["GET"]}}],"collection":[{"href":"https:\/\/blankpage.ee\/_ruumist-ruumi\/wp-json\/wp\/v2\/product"}],"about":[{"href":"https:\/\/blankpage.ee\/_ruumist-ruumi\/wp-json\/wp\/v2\/types\/product"}],"replies":[{"embeddable":true,"href":"https:\/\/blankpage.ee\/_ruumist-ruumi\/wp-json\/wp\/v2\/comments?post=93872"}],"wp:featuredmedia":[{"embeddable":true,"href":"https:\/\/blankpage.ee\/_ruumist-ruumi\/wp-json\/wp\/v2\/media\/93873"}],"wp:attachment":[{"href":"https:\/\/blankpage.ee\/_ruumist-ruumi\/wp-json\/wp\/v2\/media?parent=93872"}],"wp:term":[{"taxonomy":"product_brand","embeddable":true,"href":"https:\/\/blankpage.ee\/_ruumist-ruumi\/wp-json\/wp\/v2\/product_brand?post=93872"},{"taxonomy":"product_cat","embeddable":true,"href":"https:\/\/blankpage.ee\/_ruumist-ruumi\/wp-json\/wp\/v2\/product_cat?post=93872"},{"taxonomy":"product_tag","embeddable":true,"href":"https:\/\/blankpage.ee\/_ruumist-ruumi\/wp-json\/wp\/v2\/product_tag?post=93872"}],"curies":[{"name":"wp","href":"https:\/\/api.w.org\/{rel}","templated":true}]}}