{"id":93881,"date":"2025-01-22T06:52:23","date_gmt":"2025-01-22T06:52:23","guid":{"rendered":"https:\/\/ruumistruumi.ee\/pood\/elevandiluu-karva-kirjutuslaud-avola-av1610-5620-akaatsiapuidust\/"},"modified":"2025-06-17T08:58:04","modified_gmt":"2025-06-17T08:58:04","slug":"beez-kirjutuslaud-avola-av1610-5620-akaatsiapuidust","status":"publish","type":"product","link":"https:\/\/blankpage.ee\/_ruumist-ruumi\/pood\/beez-kirjutuslaud-avola-av1610-5620-akaatsiapuidust\/","title":{"rendered":"Bee\u017e kirjutuslaud Avola AV1610-5620, akaatsiapuidust"},"content":{"rendered":"<p>Avola AV1610-5620 kirjutuslaud kodukontorisse. See elegantne ja maal\u00e4hedase stiiliga kirjutuslaud toob teie t\u00f6\u00f6ruumi sooja ja kutsuva atmosf\u00e4\u00e4ri. Kreemjas toon koos iseloomulike shabby-chic kulutustega lisab interj\u00f6\u00f6rile unikaalset v\u00f5lu. Lihtne vorm koos toore viimistlusega on rikastatud dekoratiivsete ribadega, millel on ebakorrap\u00e4rane tekstuur ja kuju.<\/p>\n<p>Kirjutuslaud on varustatud funktsionaalsete sahtlite ja sisseehitatud pistikupesade ning USB-portidega, mis muudavad selle praktiliseks valikuks igap\u00e4evaseks t\u00f6\u00f6ks. Kesksahtel on m\u00f5\u00f5tmetega 51 x 31 x 5 cm, k\u00fclgmised \u00fclemised sahtlid 24,5 x 31 x 25 cm ja alumised sahtlid 24,5 x 32,5 x 7 cm. Jalgade vahe on 56 cm ja jalgade k\u00f5rgus 48,5 cm, pakkudes mugavat t\u00f6\u00f6pinda.<\/p>\n<p>Omadused:<br \/>\n<strong>Materjal:<\/strong> Akaatsiapuit ja vineer.<br \/>\n<strong>V\u00e4rv:<\/strong> Kreemjas toon.<br \/>\n<strong>M\u00f5\u00f5tmed:<\/strong> Laius 142,5 cm, s\u00fcgavus 51 cm, k\u00f5rgus 79 cm.<br \/>\n<strong>T\u00e4iendavad detailid:<\/strong> Sisseehitatud toiteplokk koos kahe pistikupesa ja kahe USB-portiga; shabby chic v\u00e4rvi kulutused.<br \/>\n<strong>Kokkupanek:<\/strong> Osaliselt kokku pandud, ei vaja paigaldust. S\u00e4\u00e4stab aega ja vaeva.<\/p>\n<p>Avola kollektsiooni kirjutuslaud on ideaalne valik neile, kes hindavad stiili ja funktsionaalsuse harmooniat oma kodukontoris.<\/p>\n<p>&nbsp;<\/p>\n","protected":false},"excerpt":{"rendered":"<p>Avola AV1610-5620 kirjutuslaud kodukontorisse. See elegantne ja maal\u00e4hedase stiiliga kirjutuslaud toob teie t\u00f6\u00f6ruumi sooja ja kutsuva atmosf\u00e4\u00e4ri. Kreemjas toon koos iseloomulike shabby-chic kulutustega lisab interj\u00f6\u00f6rile unikaalset v\u00f5lu. Lihtne vorm koos toore viimistlusega on rikastatud dekoratiivsete ribadega, millel on ebakorrap\u00e4rane tekstuur ja kuju. Kirjutuslaud on varustatud funktsionaalsete sahtlite ja sisseehitatud pistikupesade ning USB-portidega, mis muudavad selle [&hellip;]<\/p>\n","protected":false},"featured_media":93882,"comment_status":"open","ping_status":"closed","template":"","meta":[],"product_brand":[],"product_cat":[116],"product_tag":[],"class_list":{"0":"post-93881","1":"product","2":"type-product","3":"status-publish","4":"has-post-thumbnail","6":"product_cat-kontorilauad","7":"product_shipping_class-livin-hill","8":"pa_kaepidemed-puidust","9":"pa_kollektsioon-avola","10":"pa_materjal-akaatsiapuit","11":"pa_sahtlite-arv-79","12":"pa_varv-beez","14":"first","15":"instock","16":"taxable","17":"shipping-taxable","18":"purchasable","19":"product-type-simple"},"_links":{"self":[{"href":"https:\/\/blankpage.ee\/_ruumist-ruumi\/wp-json\/wp\/v2\/product\/93881","targetHints":{"allow":["GET"]}}],"collection":[{"href":"https:\/\/blankpage.ee\/_ruumist-ruumi\/wp-json\/wp\/v2\/product"}],"about":[{"href":"https:\/\/blankpage.ee\/_ruumist-ruumi\/wp-json\/wp\/v2\/types\/product"}],"replies":[{"embeddable":true,"href":"https:\/\/blankpage.ee\/_ruumist-ruumi\/wp-json\/wp\/v2\/comments?post=93881"}],"wp:featuredmedia":[{"embeddable":true,"href":"https:\/\/blankpage.ee\/_ruumist-ruumi\/wp-json\/wp\/v2\/media\/93882"}],"wp:attachment":[{"href":"https:\/\/blankpage.ee\/_ruumist-ruumi\/wp-json\/wp\/v2\/media?parent=93881"}],"wp:term":[{"taxonomy":"product_brand","embeddable":true,"href":"https:\/\/blankpage.ee\/_ruumist-ruumi\/wp-json\/wp\/v2\/product_brand?post=93881"},{"taxonomy":"product_cat","embeddable":true,"href":"https:\/\/blankpage.ee\/_ruumist-ruumi\/wp-json\/wp\/v2\/product_cat?post=93881"},{"taxonomy":"product_tag","embeddable":true,"href":"https:\/\/blankpage.ee\/_ruumist-ruumi\/wp-json\/wp\/v2\/product_tag?post=93881"}],"curies":[{"name":"wp","href":"https:\/\/api.w.org\/{rel}","templated":true}]}}