{"id":93897,"date":"2025-01-22T06:52:23","date_gmt":"2025-01-22T06:52:23","guid":{"rendered":"https:\/\/ruumistruumi.ee\/pood\/helepruun-soogilaud-avola-av1769-44-akaatsiapuidust\/"},"modified":"2025-07-15T18:42:24","modified_gmt":"2025-07-15T18:42:24","slug":"helepruun-soogilaud-avola-av1769-44-akaatsiapuidust","status":"publish","type":"product","link":"https:\/\/blankpage.ee\/_ruumist-ruumi\/pood\/helepruun-soogilaud-avola-av1769-44-akaatsiapuidust\/","title":{"rendered":"Helepruun s\u00f6\u00f6gilaud Avola AV1769-44, akaatsiapuidust"},"content":{"rendered":"<p>Avola AV1769-44 s\u00f6\u00f6gilaud toob teie s\u00f6\u00f6gituppa keskaegse stiili elegantsi. Valmistatud kvaliteetsest akaatsiapuidust ja viimistletud vineeriga, pakub see laud mitte ainult esteetilist naudingut, vaid ka vastupidavust ja mugavust. Laua siledad pinnad ja \u00fcmardatud servad tagavad meeldiva kasutuskogemuse igal s\u00f6\u00f6gikorral. Koos sama sarja tooliga, millel on s\u00fcmbol AV1769-43, moodustab see t\u00e4iusliku komplekti.<\/p>\n<p>Laua unikaalsed omadused h\u00f5lmavad allapoole kaldus serva ja kitsenevaid kaldu jalgu, mis lisavad sellele iseloomu ja visuaalset huvi. Selle helepruun toon sobib suurep\u00e4raselt erinevate interj\u00f6\u00f6ridega, tuues ruumi soojust ja hubasust. Osaliselt kokkupandud konstruktsioon t\u00e4hendab, et laud on lihtne ja kiire paigaldada, s\u00e4\u00e4stes teie aega ja vaeva.<\/p>\n<p>Omadused:<br \/>\n<strong>Materjal:<\/strong> Akaatsiapuit ja vineer.<br \/>\n<strong>V\u00e4rv:<\/strong> Hele pruun.<br \/>\n<strong>M\u00f5\u00f5tmed:<\/strong> Laius 112 cm, s\u00fcgavus 112 cm, k\u00f5rgus 76 cm.<br \/>\n<strong>T\u00e4iendavad detailid:<\/strong> Allapoole kaldus lauaplaadi serv ja kitsenevad kaldu jalad.<br \/>\n<strong>Kokkupanek:<\/strong> Osaliselt kokku pandud, ei vaja paigaldust. S\u00e4\u00e4stab aega ja vaeva.<\/p>\n<p>&nbsp;<\/p>\n","protected":false},"excerpt":{"rendered":"<p>Avola AV1769-44 s\u00f6\u00f6gilaud toob teie s\u00f6\u00f6gituppa keskaegse stiili elegantsi. Valmistatud kvaliteetsest akaatsiapuidust ja viimistletud vineeriga, pakub see laud mitte ainult esteetilist naudingut, vaid ka vastupidavust ja mugavust. Laua siledad pinnad ja \u00fcmardatud servad tagavad meeldiva kasutuskogemuse igal s\u00f6\u00f6gikorral. Koos sama sarja tooliga, millel on s\u00fcmbol AV1769-43, moodustab see t\u00e4iusliku komplekti. Laua unikaalsed omadused h\u00f5lmavad allapoole [&hellip;]<\/p>\n","protected":false},"featured_media":93898,"comment_status":"open","ping_status":"open","template":"","meta":[],"product_brand":[],"product_cat":[93],"product_tag":[],"class_list":{"0":"post-93897","1":"product","2":"type-product","3":"status-publish","4":"has-post-thumbnail","6":"product_cat-soogilauad","7":"product_shipping_class-livin-hill","8":"pa_kollektsioon-avola","9":"pa_materjal-akaatsiapuit","10":"pa_varv-helepruun","12":"first","13":"outofstock","14":"taxable","15":"shipping-taxable","16":"purchasable","17":"product-type-simple"},"_links":{"self":[{"href":"https:\/\/blankpage.ee\/_ruumist-ruumi\/wp-json\/wp\/v2\/product\/93897","targetHints":{"allow":["GET"]}}],"collection":[{"href":"https:\/\/blankpage.ee\/_ruumist-ruumi\/wp-json\/wp\/v2\/product"}],"about":[{"href":"https:\/\/blankpage.ee\/_ruumist-ruumi\/wp-json\/wp\/v2\/types\/product"}],"replies":[{"embeddable":true,"href":"https:\/\/blankpage.ee\/_ruumist-ruumi\/wp-json\/wp\/v2\/comments?post=93897"}],"wp:featuredmedia":[{"embeddable":true,"href":"https:\/\/blankpage.ee\/_ruumist-ruumi\/wp-json\/wp\/v2\/media\/93898"}],"wp:attachment":[{"href":"https:\/\/blankpage.ee\/_ruumist-ruumi\/wp-json\/wp\/v2\/media?parent=93897"}],"wp:term":[{"taxonomy":"product_brand","embeddable":true,"href":"https:\/\/blankpage.ee\/_ruumist-ruumi\/wp-json\/wp\/v2\/product_brand?post=93897"},{"taxonomy":"product_cat","embeddable":true,"href":"https:\/\/blankpage.ee\/_ruumist-ruumi\/wp-json\/wp\/v2\/product_cat?post=93897"},{"taxonomy":"product_tag","embeddable":true,"href":"https:\/\/blankpage.ee\/_ruumist-ruumi\/wp-json\/wp\/v2\/product_tag?post=93897"}],"curies":[{"name":"wp","href":"https:\/\/api.w.org\/{rel}","templated":true}]}}