{"id":93919,"date":"2025-01-22T06:52:23","date_gmt":"2025-01-22T06:52:23","guid":{"rendered":"https:\/\/ruumistruumi.ee\/pood\/kivikassinine-kummut-avola-av2252-86-akaatsiapuidust\/"},"modified":"2025-01-29T10:02:24","modified_gmt":"2025-01-29T10:02:24","slug":"kivikassinine-kummut-avola-av2252-86-akaatsiapuidust","status":"publish","type":"product","link":"https:\/\/blankpage.ee\/_ruumist-ruumi\/pood\/kivikassinine-kummut-avola-av2252-86-akaatsiapuidust\/","title":{"rendered":"Kivikassinine kummut Avola AV2252-86, akaatsiapuidust"},"content":{"rendered":"<p>Avola AV2252-86 kummut elutuppa. See elegantne kivitumesinine kummut on varustatud peegelustega, millele on lisatud dekoratiivsed liistud. Kummut on valmistatud akaatsiapuidust ja MDF-ist, pakkudes siledat ja vastupidavat viimistlust.<\/p>\n<p>See kummut on ideaalne valik neile, kes hindavad nii funktsionaalsust kui ka esteetilist ilu. Viie ukse ja kolme reguleeritava riiuliga kummut pakub piisavalt hoiuruumi, et hoida teie elutuba korras ja stiilne. Peegeluksed loovad avarama ja helgema ruumi mulje, samas kui dekoratiivsed liistud lisavad kummutile ainulaadset iseloomu. Metallist k\u00e4epidemed t\u00e4iustavad kummuti \u00fcldist disaini ja muudavad uste avamise lihtsaks.<\/p>\n<p>Kummuti m\u00f5\u00f5tmed on 218,5 cm laius, 48,5 cm s\u00fcgavus ja 81,5 cm k\u00f5rgus, mis teeb sellest muljetavaldava m\u00f6\u00f6blieseme igasse elutuppa. Riiulite m\u00f5\u00f5tmed on 85,5 x 38,5 x 26,5 cm, ning neid saab reguleerida k\u00f5rgustele 31,75 ja 37 cm, et kohandada vastavalt teie vajadustele.<\/p>\n<p>Omadused:<br \/>\n<strong>Materjal:<\/strong> Akaatsiapuit ja MDF.<br \/>\n<strong>V\u00e4rv:<\/strong> Kivitumesinine.<br \/>\n<strong>M\u00f5\u00f5tmed:<\/strong> Laius 218,5 cm, s\u00fcgavus 48,5 cm, k\u00f5rgus 81,5 cm.<br \/>\n<strong>T\u00e4iendavad detailid:<\/strong> Reguleeritav sisemine riiul, peegeluksed, dekoratiivsed liistud.<br \/>\n<strong>Kokkupanek:<\/strong> Kokkupandud, ei vaja paigaldust. S\u00e4\u00e4stab aega ja vaeva.<\/p>\n<p>&nbsp;<\/p>\n","protected":false},"excerpt":{"rendered":"<p>Avola AV2252-86 kummut elutuppa. See elegantne kivitumesinine kummut on varustatud peegelustega, millele on lisatud dekoratiivsed liistud. Kummut on valmistatud akaatsiapuidust ja MDF-ist, pakkudes siledat ja vastupidavat viimistlust. See kummut on ideaalne valik neile, kes hindavad nii funktsionaalsust kui ka esteetilist ilu. Viie ukse ja kolme reguleeritava riiuliga kummut pakub piisavalt hoiuruumi, et hoida teie elutuba [&hellip;]<\/p>\n","protected":false},"featured_media":93920,"comment_status":"open","ping_status":"open","template":"","meta":[],"product_brand":[],"product_cat":[81],"product_tag":[],"class_list":{"0":"post-93919","1":"product","2":"type-product","3":"status-publish","4":"has-post-thumbnail","6":"product_cat-kapid-riiulid-ja-kummutid","7":"product_shipping_class-livin-hill","8":"pa_kaepidemed-metall","9":"pa_kollektsioon-avola","10":"pa_materjal-akaatsiapuit","11":"pa_riiulite-arv-89","12":"pa_uste-arv-441","13":"pa_varv-sinine","15":"first","16":"outofstock","17":"taxable","18":"shipping-taxable","19":"purchasable","20":"product-type-simple"},"_links":{"self":[{"href":"https:\/\/blankpage.ee\/_ruumist-ruumi\/wp-json\/wp\/v2\/product\/93919","targetHints":{"allow":["GET"]}}],"collection":[{"href":"https:\/\/blankpage.ee\/_ruumist-ruumi\/wp-json\/wp\/v2\/product"}],"about":[{"href":"https:\/\/blankpage.ee\/_ruumist-ruumi\/wp-json\/wp\/v2\/types\/product"}],"replies":[{"embeddable":true,"href":"https:\/\/blankpage.ee\/_ruumist-ruumi\/wp-json\/wp\/v2\/comments?post=93919"}],"wp:featuredmedia":[{"embeddable":true,"href":"https:\/\/blankpage.ee\/_ruumist-ruumi\/wp-json\/wp\/v2\/media\/93920"}],"wp:attachment":[{"href":"https:\/\/blankpage.ee\/_ruumist-ruumi\/wp-json\/wp\/v2\/media?parent=93919"}],"wp:term":[{"taxonomy":"product_brand","embeddable":true,"href":"https:\/\/blankpage.ee\/_ruumist-ruumi\/wp-json\/wp\/v2\/product_brand?post=93919"},{"taxonomy":"product_cat","embeddable":true,"href":"https:\/\/blankpage.ee\/_ruumist-ruumi\/wp-json\/wp\/v2\/product_cat?post=93919"},{"taxonomy":"product_tag","embeddable":true,"href":"https:\/\/blankpage.ee\/_ruumist-ruumi\/wp-json\/wp\/v2\/product_tag?post=93919"}],"curies":[{"name":"wp","href":"https:\/\/api.w.org\/{rel}","templated":true}]}}