{"id":93931,"date":"2025-01-22T06:52:23","date_gmt":"2025-01-22T06:52:23","guid":{"rendered":"https:\/\/ruumistruumi.ee\/pood\/hele-naturaalne-kirjutuslaud-avola-av2156-48-akaatsiapuidust\/"},"modified":"2025-04-10T11:58:24","modified_gmt":"2025-04-10T11:58:24","slug":"hele-naturaalne-kirjutuslaud-avola-av2156-48-akaatsiapuidust","status":"publish","type":"product","link":"https:\/\/blankpage.ee\/_ruumist-ruumi\/pood\/hele-naturaalne-kirjutuslaud-avola-av2156-48-akaatsiapuidust\/","title":{"rendered":"Hele naturaalne kirjutuslaud Avola AV2156-48, akaatsiapuidust"},"content":{"rendered":"<p>Avola AV2156-48 kirjutuslaud kodukontorisse. See klassikalise stiiliga laud, millel on naturaalne puiduv\u00e4rv, lisab teie t\u00f6\u00f6ruumile elegantsi ja praktilisust. Laual on funktsionaalsed sahtlid, millel on kalasabamuster, ning sisseehitatud pistikupesad ja USB-pordid, mis muudavad seadmete laadimise lihtsaks ja mugavaks.<\/p>\n<p>Avola kollektsiooni kuuluv laud on valmistatud kvaliteetsest akaatsiapuidust ja vineerist, mis tagab vastupidavuse ja pikaealisuse. Metallist k\u00e4epidemed lisavad lauale modernset aktsenti. Laua m\u00f5\u00f5tmed on ideaalsed v\u00e4iksematesse ruumidesse: laius 122 cm, s\u00fcgavus 46 cm ja k\u00f5rgus 76 cm. Sahtli m\u00f5\u00f5tmed on 26,5 x 28 x 5 cm, pakkudes piisavalt hoiuruumi kontoritarvikutele.<\/p>\n<p>Olulised omadused:<br \/>\n<strong>Materjal:<\/strong> Akaatsiapuit ja vineer.<br \/>\n<strong>V\u00e4rv:<\/strong> Naturaalne hele puit.<br \/>\n<strong>M\u00f5\u00f5tmed:<\/strong> Laius 122 cm, s\u00fcgavus 46 cm, k\u00f5rgus 76 cm.<br \/>\n<strong>T\u00e4iendavad detailid:<\/strong> Sisseehitatud toiteplokk kahe pistikupesa ja kahe USB-pordiga.<br \/>\n<strong>Kokkupanek:<\/strong> Osaliselt kokku pandud, ei vaja paigaldust. S\u00e4\u00e4stab aega ja vaeva.<\/p>\n<p>Avola AV2156-48 kirjutuslaud on ideaalne valik neile, kes hindavad klassikalist disaini ja kaasaegset funktsionaalsust.<\/p>\n<p>&nbsp;<\/p>\n","protected":false},"excerpt":{"rendered":"<p>Avola AV2156-48 kirjutuslaud kodukontorisse. See klassikalise stiiliga laud, millel on naturaalne puiduv\u00e4rv, lisab teie t\u00f6\u00f6ruumile elegantsi ja praktilisust. Laual on funktsionaalsed sahtlid, millel on kalasabamuster, ning sisseehitatud pistikupesad ja USB-pordid, mis muudavad seadmete laadimise lihtsaks ja mugavaks. Avola kollektsiooni kuuluv laud on valmistatud kvaliteetsest akaatsiapuidust ja vineerist, mis tagab vastupidavuse ja pikaealisuse. Metallist k\u00e4epidemed lisavad [&hellip;]<\/p>\n","protected":false},"featured_media":93932,"comment_status":"open","ping_status":"closed","template":"","meta":[],"product_brand":[],"product_cat":[116],"product_tag":[],"class_list":{"0":"post-93931","1":"product","2":"type-product","3":"status-publish","4":"has-post-thumbnail","6":"product_cat-kontorilauad","7":"product_shipping_class-livin-hill","8":"pa_kaepidemed-metall","9":"pa_kollektsioon-avola","10":"pa_materjal-akaatsiapuit","11":"pa_sahtlite-arv-95","12":"pa_varv-helepruun","14":"first","15":"instock","16":"taxable","17":"shipping-taxable","18":"purchasable","19":"product-type-simple"},"_links":{"self":[{"href":"https:\/\/blankpage.ee\/_ruumist-ruumi\/wp-json\/wp\/v2\/product\/93931","targetHints":{"allow":["GET"]}}],"collection":[{"href":"https:\/\/blankpage.ee\/_ruumist-ruumi\/wp-json\/wp\/v2\/product"}],"about":[{"href":"https:\/\/blankpage.ee\/_ruumist-ruumi\/wp-json\/wp\/v2\/types\/product"}],"replies":[{"embeddable":true,"href":"https:\/\/blankpage.ee\/_ruumist-ruumi\/wp-json\/wp\/v2\/comments?post=93931"}],"wp:featuredmedia":[{"embeddable":true,"href":"https:\/\/blankpage.ee\/_ruumist-ruumi\/wp-json\/wp\/v2\/media\/93932"}],"wp:attachment":[{"href":"https:\/\/blankpage.ee\/_ruumist-ruumi\/wp-json\/wp\/v2\/media?parent=93931"}],"wp:term":[{"taxonomy":"product_brand","embeddable":true,"href":"https:\/\/blankpage.ee\/_ruumist-ruumi\/wp-json\/wp\/v2\/product_brand?post=93931"},{"taxonomy":"product_cat","embeddable":true,"href":"https:\/\/blankpage.ee\/_ruumist-ruumi\/wp-json\/wp\/v2\/product_cat?post=93931"},{"taxonomy":"product_tag","embeddable":true,"href":"https:\/\/blankpage.ee\/_ruumist-ruumi\/wp-json\/wp\/v2\/product_tag?post=93931"}],"curies":[{"name":"wp","href":"https:\/\/api.w.org\/{rel}","templated":true}]}}