{"id":93941,"date":"2025-01-22T06:52:23","date_gmt":"2025-01-22T06:52:23","guid":{"rendered":"https:\/\/ruumistruumi.ee\/pood\/pahkel-soogilaud-avola-av2271-50-akaatsiapuidust\/"},"modified":"2025-01-22T06:59:42","modified_gmt":"2025-01-22T06:59:42","slug":"pahkel-soogilaud-avola-av2271-50-akaatsiapuidust","status":"publish","type":"product","link":"https:\/\/blankpage.ee\/_ruumist-ruumi\/pood\/pahkel-soogilaud-avola-av2271-50-akaatsiapuidust\/","title":{"rendered":"P\u00e4hkel s\u00f6\u00f6gilaud Avola AV2271-50, akaatsiapuidust"},"content":{"rendered":"<p>Avola AV2271-50 s\u00f6\u00f6gikomplekt on ideaalne t\u00e4iendus igasse s\u00f6\u00f6gituppa. Komplekt koosneb elegantsest s\u00f6\u00f6gilauast ja neljast mugavast toolist, mis loovad harmoonilise ja stiilse terviku. Lauaplaat on valmistatud vastupidavast akaatsiapuidust, mis on kaetud kauni p\u00e4hklipuu toonis vineeriga, lisades ruumile soojust ja iseloomu.<\/p>\n<p>Laua m\u00f5\u00f5tmed on 127 cm lai, 127 cm s\u00fcgav ja 76 cm k\u00f5rge, pakkudes piisavalt ruumi meeldivaks s\u00f6\u00f6gikogemuseks. Lauaplaadi paksus on 3 cm, mis tagab vastupidavuse ja pikaealisuse. Laua jalgade vaheline kaugus on 33 cm servast postamendini ning jalad on m\u00f5\u00f5tmetega 37\/56,5&#215;37\/56,5&#215;70,5 cm, tagades stabiilsuse ja kindla aluse.<\/p>\n<p>S\u00f6\u00f6gikomplekt on osaliselt kokku pandud, mis lihtsustab paigaldust ja s\u00e4\u00e4stab aega. Avola kollektsiooni kuuluv komplekt on loodud kvaliteetsetest materjalidest, \u00fchendades akaatsiapuu ja vineeri, et pakkuda parimat kasutuskogemust.<\/p>\n<p>Omadused:<br \/>\n<strong>Materjal:<\/strong> Akaatsiapuit ja vineer.<br \/>\n<strong>V\u00e4rv:<\/strong> P\u00e4hklipuu toon.<br \/>\n<strong>M\u00f5\u00f5tmed:<\/strong> Laua laius 127 cm, s\u00fcgavus 127 cm, k\u00f5rgus 76 cm.<br \/>\n<strong>T\u00e4iendavad detailid:<\/strong> Lauaplaadi paksus 3 cm, jalgade vaheline kaugus 33 cm, jalgade m\u00f5\u00f5tmed 37\/56,5&#215;37\/56,5&#215;70,5 cm.<br \/>\n<strong>Kokkupanek:<\/strong> Osaliselt kokku pandud, ei vaja paigaldust. S\u00e4\u00e4stab aega ja vaeva.<\/p>\n<p>&nbsp;<\/p>\n","protected":false},"excerpt":{"rendered":"<p>Avola AV2271-50 s\u00f6\u00f6gikomplekt on ideaalne t\u00e4iendus igasse s\u00f6\u00f6gituppa. Komplekt koosneb elegantsest s\u00f6\u00f6gilauast ja neljast mugavast toolist, mis loovad harmoonilise ja stiilse terviku. Lauaplaat on valmistatud vastupidavast akaatsiapuidust, mis on kaetud kauni p\u00e4hklipuu toonis vineeriga, lisades ruumile soojust ja iseloomu. Laua m\u00f5\u00f5tmed on 127 cm lai, 127 cm s\u00fcgav ja 76 cm k\u00f5rge, pakkudes piisavalt ruumi [&hellip;]<\/p>\n","protected":false},"featured_media":93942,"comment_status":"open","ping_status":"open","template":"","meta":[],"product_brand":[],"product_cat":[93],"product_tag":[],"class_list":{"0":"post-93941","1":"product","2":"type-product","3":"status-publish","4":"has-post-thumbnail","6":"product_cat-soogilauad","7":"product_shipping_class-livin-hill","8":"pa_kollektsioon-avola","9":"pa_materjal-akaatsiapuit","10":"pa_varv-pahkel","12":"first","13":"outofstock","14":"taxable","15":"shipping-taxable","16":"purchasable","17":"product-type-simple"},"_links":{"self":[{"href":"https:\/\/blankpage.ee\/_ruumist-ruumi\/wp-json\/wp\/v2\/product\/93941","targetHints":{"allow":["GET"]}}],"collection":[{"href":"https:\/\/blankpage.ee\/_ruumist-ruumi\/wp-json\/wp\/v2\/product"}],"about":[{"href":"https:\/\/blankpage.ee\/_ruumist-ruumi\/wp-json\/wp\/v2\/types\/product"}],"replies":[{"embeddable":true,"href":"https:\/\/blankpage.ee\/_ruumist-ruumi\/wp-json\/wp\/v2\/comments?post=93941"}],"wp:featuredmedia":[{"embeddable":true,"href":"https:\/\/blankpage.ee\/_ruumist-ruumi\/wp-json\/wp\/v2\/media\/93942"}],"wp:attachment":[{"href":"https:\/\/blankpage.ee\/_ruumist-ruumi\/wp-json\/wp\/v2\/media?parent=93941"}],"wp:term":[{"taxonomy":"product_brand","embeddable":true,"href":"https:\/\/blankpage.ee\/_ruumist-ruumi\/wp-json\/wp\/v2\/product_brand?post=93941"},{"taxonomy":"product_cat","embeddable":true,"href":"https:\/\/blankpage.ee\/_ruumist-ruumi\/wp-json\/wp\/v2\/product_cat?post=93941"},{"taxonomy":"product_tag","embeddable":true,"href":"https:\/\/blankpage.ee\/_ruumist-ruumi\/wp-json\/wp\/v2\/product_tag?post=93941"}],"curies":[{"name":"wp","href":"https:\/\/api.w.org\/{rel}","templated":true}]}}