{"id":9396,"date":"2024-11-01T16:36:00","date_gmt":"2024-11-01T16:36:00","guid":{"rendered":"https:\/\/ruumistruumi.ee\/pood\/champagne-kuld-ja-hobe-kummut-stilig-st801-roostevabast-terasest\/"},"modified":"2025-07-15T18:42:41","modified_gmt":"2025-07-15T18:42:41","slug":"kuldne-kummut-stilig-st801-roostevaba-teras-tamm-mdf","status":"publish","type":"product","link":"https:\/\/blankpage.ee\/_ruumist-ruumi\/pood\/kuldne-kummut-stilig-st801-roostevaba-teras-tamm-mdf\/","title":{"rendered":"Kuldne kummut Stilig ST801, roostevaba teras, tamm, MDF"},"content":{"rendered":"<p>Stilig ST801 kummut elutuppa. See originaalne kummut \u0161ampanjakullas lisab teie elutuppa ainulaadse stiili ja elegantsi. Lihtne disain on rikastatud esipaneeliga, millel on mitmekesine 3D-struktuur ja geomeetriline, as\u00fcmmeetriline muster, mis k\u00f6idab pilku ja loob ruumis huvitava fookuspunkti.<\/p>\n<p>Kummuti kolm ust ja kolm riiulit pakuvad piisavalt hoiuruumi, et hoida teie elutuba korras ja organiseeritud. Reguleeritavad sisemised riiulid v\u00f5imaldavad teil kohandada hoiuruumi vastavalt vajadustele. Pehmed sulgurid tagavad sujuva ja vaikse sulgemise, samas kui freesitud k\u00e4epidemed lisavad modernset ja puhast v\u00e4limust. Kuldsete jalgade reguleeritavad libisemisvastased otsikud tagavad stabiilsuse ka ebatasasel pinnal.<\/p>\n<p>Omadused:<br \/>\n<strong>Materjal:<\/strong> Roostevaba teras, MDF tammepuidust spooniga.<br \/>\n<strong>V\u00e4rv:<\/strong> \u0160ampanjakuldne ja h\u00f5bedane, kuldsed jalad, pealis\/\u00e4\u00e4ris v\u00e4rv: kuldne.<br \/>\n<strong>M\u00f5\u00f5tmed:<\/strong> Laius 150 cm, s\u00fcgavus 40 cm, k\u00f5rgus 86 cm.<br \/>\n<strong>T\u00e4iendavad detailid:<\/strong> Reguleeritav sisemine riiul; reguleeritavad libisemisvastased otsikud; pehmed sulgurid; esipaneel 3D-struktuuriga; parameetrilised esipaneelid geomeetrilise mustriga.<br \/>\n<strong>Kokkupanek:<\/strong> Kokkupandud, ei vaja paigaldust. S\u00e4\u00e4stab aega ja vaeva.<\/p>\n<p>&nbsp;<\/p>\n","protected":false},"excerpt":{"rendered":"<p>Stilig ST801 kummut elutuppa. See originaalne kummut \u0161ampanjakullas lisab teie elutuppa ainulaadse stiili ja elegantsi. Lihtne disain on rikastatud esipaneeliga, millel on mitmekesine 3D-struktuur ja geomeetriline, as\u00fcmmeetriline muster, mis k\u00f6idab pilku ja loob ruumis huvitava fookuspunkti. Kummuti kolm ust ja kolm riiulit pakuvad piisavalt hoiuruumi, et hoida teie elutuba korras ja organiseeritud. Reguleeritavad sisemised riiulid [&hellip;]<\/p>\n","protected":false},"featured_media":9397,"comment_status":"open","ping_status":"closed","template":"","meta":[],"product_brand":[],"product_cat":[81],"product_tag":[],"class_list":{"0":"post-9396","1":"product","2":"type-product","3":"status-publish","4":"has-post-thumbnail","6":"product_cat-kapid-riiulid-ja-kummutid","7":"product_shipping_class-livin-hill","8":"pa_kaepidemed-freesitud-kaepidemed","9":"pa_kollektsioon-stilig","10":"pa_materjal-roostevaba-teras","11":"pa_riiulite-arv-89","12":"pa_uste-arv-84","13":"pa_varv-kuldne","15":"first","16":"outofstock","17":"sale","18":"taxable","19":"shipping-taxable","20":"purchasable","21":"product-type-simple"},"_links":{"self":[{"href":"https:\/\/blankpage.ee\/_ruumist-ruumi\/wp-json\/wp\/v2\/product\/9396","targetHints":{"allow":["GET"]}}],"collection":[{"href":"https:\/\/blankpage.ee\/_ruumist-ruumi\/wp-json\/wp\/v2\/product"}],"about":[{"href":"https:\/\/blankpage.ee\/_ruumist-ruumi\/wp-json\/wp\/v2\/types\/product"}],"replies":[{"embeddable":true,"href":"https:\/\/blankpage.ee\/_ruumist-ruumi\/wp-json\/wp\/v2\/comments?post=9396"}],"wp:featuredmedia":[{"embeddable":true,"href":"https:\/\/blankpage.ee\/_ruumist-ruumi\/wp-json\/wp\/v2\/media\/9397"}],"wp:attachment":[{"href":"https:\/\/blankpage.ee\/_ruumist-ruumi\/wp-json\/wp\/v2\/media?parent=9396"}],"wp:term":[{"taxonomy":"product_brand","embeddable":true,"href":"https:\/\/blankpage.ee\/_ruumist-ruumi\/wp-json\/wp\/v2\/product_brand?post=9396"},{"taxonomy":"product_cat","embeddable":true,"href":"https:\/\/blankpage.ee\/_ruumist-ruumi\/wp-json\/wp\/v2\/product_cat?post=9396"},{"taxonomy":"product_tag","embeddable":true,"href":"https:\/\/blankpage.ee\/_ruumist-ruumi\/wp-json\/wp\/v2\/product_tag?post=9396"}],"curies":[{"name":"wp","href":"https:\/\/api.w.org\/{rel}","templated":true}]}}