{"id":93975,"date":"2025-01-22T07:02:01","date_gmt":"2025-01-22T07:02:01","guid":{"rendered":"https:\/\/ruumistruumi.ee\/pood\/valge-leith-let73g-poordtool-avola-av2220-7-aktsentlaud-ehtsast-valgest-marmorist-metallist\/"},"modified":"2025-01-22T07:07:42","modified_gmt":"2025-01-22T07:07:42","slug":"valge-leith-let73g-poordtool-avola-av2220-7-aktsentlaud-ehtsast-valgest-marmorist-metallist","status":"publish","type":"product","link":"https:\/\/blankpage.ee\/_ruumist-ruumi\/pood\/valge-leith-let73g-poordtool-avola-av2220-7-aktsentlaud-ehtsast-valgest-marmorist-metallist\/","title":{"rendered":"Valge Leith LET73G p\u00f6\u00f6rdtool Avola AV2220-7 aktsentlaud, ehtsast valgest marmorist, metallist."},"content":{"rendered":"<p>Leith LET73G p\u00f6\u00f6rdtool ja Avola AV2220-7 abilauakomplekt elutuppa. Komplekt sisaldab Leith kollektsiooni p\u00f6\u00f6rdpolsterdatud tugitooli ja Avola abilaua. See elegantne komplekt toob teie elutuppa nii mugavust kui ka stiili.<\/p>\n<p>Leith p\u00f6\u00f6rdtool on disainitud pakkuma maksimaalset mugavust, olles samal ajal stiilne t\u00e4iendus igasse elutuppa. Tooli polsterdus on pehme ja vastupidav, pakkudes ideaalset kohta l\u00f5\u00f5gastumiseks. Avola abilaua valge marmorist pealispind ja gunmetal hall metallist alus loovad visuaalselt atraktiivse kombinatsiooni, mis sobib suurep\u00e4raselt kaasaegse sisekujundusega. Laua kompaktne suurus muudab selle praktiliseks valikuks v\u00e4iksematesse ruumidesse, pakkudes samas piisavalt pinda kohvitassi v\u00f5i raamatu hoidmiseks.<\/p>\n<p>Omadused:<br \/>\n<strong>Materjal:<\/strong> T\u00f5eline tugev valge marmor ja metallist alus; aluse materjal: paplipuitvineer.<br \/>\n<strong>V\u00e4rv:<\/strong> Valge pealispind, gunmetal hall metallist alus.<br \/>\n<strong>M\u00f5\u00f5tmed:<\/strong> Laua laius 38 cm, s\u00fcgavus 38 cm, k\u00f5rgus 51 cm.<br \/>\n<strong>T\u00e4iendavad detailid:<\/strong> Aluse l\u00e4bim\u00f5\u00f5t 28 cm, p\u00f5randakaitsed.<br \/>\n<strong>Kokkupanek:<\/strong> Kokkupandud, ei vaja paigaldust. S\u00e4\u00e4stab aega ja vaeva.<\/p>\n<p>&nbsp;<\/p>\n","protected":false},"excerpt":{"rendered":"<p>Leith LET73G p\u00f6\u00f6rdtool ja Avola AV2220-7 abilauakomplekt elutuppa. Komplekt sisaldab Leith kollektsiooni p\u00f6\u00f6rdpolsterdatud tugitooli ja Avola abilaua. See elegantne komplekt toob teie elutuppa nii mugavust kui ka stiili. Leith p\u00f6\u00f6rdtool on disainitud pakkuma maksimaalset mugavust, olles samal ajal stiilne t\u00e4iendus igasse elutuppa. Tooli polsterdus on pehme ja vastupidav, pakkudes ideaalset kohta l\u00f5\u00f5gastumiseks. Avola abilaua valge [&hellip;]<\/p>\n","protected":false},"featured_media":93976,"comment_status":"open","ping_status":"open","template":"","meta":[],"product_brand":[],"product_cat":[71],"product_tag":[],"class_list":{"0":"post-93975","1":"product","2":"type-product","3":"status-publish","4":"has-post-thumbnail","6":"product_cat-moobel","7":"product_shipping_class-livin-hill","8":"pa_kollektsioon-leith","9":"pa_materjal-marmor","10":"pa_varv-valge","12":"first","13":"outofstock","14":"taxable","15":"shipping-taxable","16":"purchasable","17":"product-type-simple"},"_links":{"self":[{"href":"https:\/\/blankpage.ee\/_ruumist-ruumi\/wp-json\/wp\/v2\/product\/93975","targetHints":{"allow":["GET"]}}],"collection":[{"href":"https:\/\/blankpage.ee\/_ruumist-ruumi\/wp-json\/wp\/v2\/product"}],"about":[{"href":"https:\/\/blankpage.ee\/_ruumist-ruumi\/wp-json\/wp\/v2\/types\/product"}],"replies":[{"embeddable":true,"href":"https:\/\/blankpage.ee\/_ruumist-ruumi\/wp-json\/wp\/v2\/comments?post=93975"}],"wp:featuredmedia":[{"embeddable":true,"href":"https:\/\/blankpage.ee\/_ruumist-ruumi\/wp-json\/wp\/v2\/media\/93976"}],"wp:attachment":[{"href":"https:\/\/blankpage.ee\/_ruumist-ruumi\/wp-json\/wp\/v2\/media?parent=93975"}],"wp:term":[{"taxonomy":"product_brand","embeddable":true,"href":"https:\/\/blankpage.ee\/_ruumist-ruumi\/wp-json\/wp\/v2\/product_brand?post=93975"},{"taxonomy":"product_cat","embeddable":true,"href":"https:\/\/blankpage.ee\/_ruumist-ruumi\/wp-json\/wp\/v2\/product_cat?post=93975"},{"taxonomy":"product_tag","embeddable":true,"href":"https:\/\/blankpage.ee\/_ruumist-ruumi\/wp-json\/wp\/v2\/product_tag?post=93975"}],"curies":[{"name":"wp","href":"https:\/\/api.w.org\/{rel}","templated":true}]}}