{"id":94009,"date":"2025-01-22T07:11:30","date_gmt":"2025-01-22T07:11:30","guid":{"rendered":"https:\/\/ruumistruumi.ee\/pood\/tume-grafiit-stilig-st917-kummut-metallist\/"},"modified":"2025-07-22T17:47:17","modified_gmt":"2025-07-22T17:47:17","slug":"tume-grafiit-stilig-st917-kummut-metallist","status":"publish","type":"product","link":"https:\/\/blankpage.ee\/_ruumist-ruumi\/pood\/tume-grafiit-stilig-st917-kummut-metallist\/","title":{"rendered":"Tume grafiit Stilig ST917 kummut, metallist"},"content":{"rendered":"<p>Stilig ST917 kummut elutuppa. See stiilne grafiitv\u00e4rvi kummut kuldsete aktsentide ja alumise p\u00e4rjaga toob teie elutuppa elegantsi ja funktsionaalsust. Kapi korpus on kaetud soonilise puiduga, mis lisab tekstuuri ja s\u00fcgavust. Marmorkattega t\u00f6\u00f6tasapind lisab luksuslikku viimistlust.<\/p>\n<p>Kummutil on kolm ust ja kaks riiulit, pakkudes piisavalt hoiuruumi teie elutoa esemetele. Milled k\u00e4epidemed ja push to open mehhanism muudavad kapi kasutamise mugavaks ja sujuvaks. Pehme sulgumise funktsioon tagab, et uksed sulguvad vaikselt ja sujuvalt, v\u00e4ltides kulumist. Reguleeritavad sisemised riiulid v\u00f5imaldavad kohandada ruumi vastavalt teie vajadustele, samas kui reguleeritavad jalad tagavad stabiilsuse ka ebatasastel pindadel.<\/p>\n<p>Omadused:<br \/>\n<strong>Materjal:<\/strong> Roostevaba teras, MDF, marmorkate.<br \/>\n<strong>V\u00e4rv:<\/strong> Tume grafiit, kuldsed aktsendid ja jalad, v\u00e4rvikas pealispind.<br \/>\n<strong>M\u00f5\u00f5tmed:<\/strong> Laius: 158 cm, s\u00fcgavus: 40 cm, k\u00f5rgus: 88 cm.<br \/>\n<strong>T\u00e4iendavad detailid:<\/strong> Sooniline puit, marmorkate, push to open, reguleeritav sisemine riiul, pehme sulgumine, reguleeritavad jalad.<br \/>\n<strong>Kokkupanek:<\/strong> Kokkupandud, ei vaja paigaldust. S\u00e4\u00e4stab aega ja vaeva.<\/p>\n<p>&nbsp;<\/p>\n","protected":false},"excerpt":{"rendered":"<p>Stilig ST917 kummut elutuppa. See stiilne grafiitv\u00e4rvi kummut kuldsete aktsentide ja alumise p\u00e4rjaga toob teie elutuppa elegantsi ja funktsionaalsust. Kapi korpus on kaetud soonilise puiduga, mis lisab tekstuuri ja s\u00fcgavust. Marmorkattega t\u00f6\u00f6tasapind lisab luksuslikku viimistlust. Kummutil on kolm ust ja kaks riiulit, pakkudes piisavalt hoiuruumi teie elutoa esemetele. Milled k\u00e4epidemed ja push to open mehhanism [&hellip;]<\/p>\n","protected":false},"featured_media":94010,"comment_status":"open","ping_status":"open","template":"","meta":[],"product_brand":[],"product_cat":[81],"product_tag":[],"class_list":{"0":"post-94009","1":"product","2":"type-product","3":"status-publish","4":"has-post-thumbnail","6":"product_cat-kapid-riiulid-ja-kummutid","7":"product_shipping_class-livin-hill","8":"pa_kaepidemed-toodeldud-kaepidemed","9":"pa_kollektsioon-stilig","10":"pa_materjal-roostevaba-teras","11":"pa_riiulite-arv-76","12":"pa_uste-arv-84","13":"pa_varv-grafiit","15":"first","16":"outofstock","17":"taxable","18":"shipping-taxable","19":"purchasable","20":"product-type-simple"},"_links":{"self":[{"href":"https:\/\/blankpage.ee\/_ruumist-ruumi\/wp-json\/wp\/v2\/product\/94009","targetHints":{"allow":["GET"]}}],"collection":[{"href":"https:\/\/blankpage.ee\/_ruumist-ruumi\/wp-json\/wp\/v2\/product"}],"about":[{"href":"https:\/\/blankpage.ee\/_ruumist-ruumi\/wp-json\/wp\/v2\/types\/product"}],"replies":[{"embeddable":true,"href":"https:\/\/blankpage.ee\/_ruumist-ruumi\/wp-json\/wp\/v2\/comments?post=94009"}],"wp:featuredmedia":[{"embeddable":true,"href":"https:\/\/blankpage.ee\/_ruumist-ruumi\/wp-json\/wp\/v2\/media\/94010"}],"wp:attachment":[{"href":"https:\/\/blankpage.ee\/_ruumist-ruumi\/wp-json\/wp\/v2\/media?parent=94009"}],"wp:term":[{"taxonomy":"product_brand","embeddable":true,"href":"https:\/\/blankpage.ee\/_ruumist-ruumi\/wp-json\/wp\/v2\/product_brand?post=94009"},{"taxonomy":"product_cat","embeddable":true,"href":"https:\/\/blankpage.ee\/_ruumist-ruumi\/wp-json\/wp\/v2\/product_cat?post=94009"},{"taxonomy":"product_tag","embeddable":true,"href":"https:\/\/blankpage.ee\/_ruumist-ruumi\/wp-json\/wp\/v2\/product_tag?post=94009"}],"curies":[{"name":"wp","href":"https:\/\/api.w.org\/{rel}","templated":true}]}}