{"id":94035,"date":"2025-01-22T10:28:28","date_gmt":"2025-01-22T10:28:28","guid":{"rendered":"https:\/\/ruumistruumi.ee\/pood\/musta-soogilaud-modig-m21-metallist\/"},"modified":"2025-04-10T11:58:36","modified_gmt":"2025-04-10T11:58:36","slug":"musta-soogilaud-modig-m21-metallist","status":"publish","type":"product","link":"https:\/\/blankpage.ee\/_ruumist-ruumi\/pood\/musta-soogilaud-modig-m21-metallist\/","title":{"rendered":"Musta s\u00f6\u00f6gilaud Modig M21, metallist"},"content":{"rendered":"<p>Modig M21 s\u00f6\u00f6gilaud s\u00f6\u00f6gituppa. See ainulaadne laud on loodud andma teie s\u00f6\u00f6gitoale kaasaegse ja elegantse ilme. Lauaplaat ja pikendus on valmistatud vastupidavast s\u00fcsinikterasest, pakkudes vastupidavust ja stiili. Geomeetrilise ruumilise ploki kujulised teravad servad jalgadel loovad harmoonilise koosluse \u00fcmmarguse aluse ja lauaplaadiga.<\/p>\n<p>Omadused:<br \/>\n<strong>Materjal:<\/strong> S\u00fcsinikteras, kunstmarmorist lauaplaat.<br \/>\n<strong>V\u00e4rv:<\/strong> Must, must ja valge lauaplaat.<br \/>\n<strong>M\u00f5\u00f5tmed:<\/strong> Laius 120 cm, s\u00fcgavus 120 cm, k\u00f5rgus 75 cm.<br \/>\n<strong>T\u00e4iendavad detailid:<\/strong> Geomeetriline ruumiline jalg, mis lisab lauale ainulaadse visuaalse efekti.<br \/>\n<strong>Kokkupanek:<\/strong> Osaliselt kokku pandud, ei vaja paigaldust. S\u00e4\u00e4stab aega ja vaeva.<\/p>\n<p>&nbsp;<\/p>\n","protected":false},"excerpt":{"rendered":"<p>Modig M21 s\u00f6\u00f6gilaud s\u00f6\u00f6gituppa. See ainulaadne laud on loodud andma teie s\u00f6\u00f6gitoale kaasaegse ja elegantse ilme. Lauaplaat ja pikendus on valmistatud vastupidavast s\u00fcsinikterasest, pakkudes vastupidavust ja stiili. Geomeetrilise ruumilise ploki kujulised teravad servad jalgadel loovad harmoonilise koosluse \u00fcmmarguse aluse ja lauaplaadiga. Omadused: Materjal: S\u00fcsinikteras, kunstmarmorist lauaplaat. V\u00e4rv: Must, must ja valge lauaplaat. M\u00f5\u00f5tmed: Laius 120 [&hellip;]<\/p>\n","protected":false},"featured_media":94036,"comment_status":"open","ping_status":"open","template":"","meta":[],"product_brand":[],"product_cat":[93],"product_tag":[],"class_list":{"0":"post-94035","1":"product","2":"type-product","3":"status-publish","4":"has-post-thumbnail","6":"product_cat-soogilauad","7":"product_shipping_class-livin-hill","8":"pa_kollektsioon-modig","9":"pa_materjal-susinikteras","10":"pa_varv-must","12":"first","13":"instock","14":"taxable","15":"shipping-taxable","16":"purchasable","17":"product-type-simple"},"_links":{"self":[{"href":"https:\/\/blankpage.ee\/_ruumist-ruumi\/wp-json\/wp\/v2\/product\/94035","targetHints":{"allow":["GET"]}}],"collection":[{"href":"https:\/\/blankpage.ee\/_ruumist-ruumi\/wp-json\/wp\/v2\/product"}],"about":[{"href":"https:\/\/blankpage.ee\/_ruumist-ruumi\/wp-json\/wp\/v2\/types\/product"}],"replies":[{"embeddable":true,"href":"https:\/\/blankpage.ee\/_ruumist-ruumi\/wp-json\/wp\/v2\/comments?post=94035"}],"wp:featuredmedia":[{"embeddable":true,"href":"https:\/\/blankpage.ee\/_ruumist-ruumi\/wp-json\/wp\/v2\/media\/94036"}],"wp:attachment":[{"href":"https:\/\/blankpage.ee\/_ruumist-ruumi\/wp-json\/wp\/v2\/media?parent=94035"}],"wp:term":[{"taxonomy":"product_brand","embeddable":true,"href":"https:\/\/blankpage.ee\/_ruumist-ruumi\/wp-json\/wp\/v2\/product_brand?post=94035"},{"taxonomy":"product_cat","embeddable":true,"href":"https:\/\/blankpage.ee\/_ruumist-ruumi\/wp-json\/wp\/v2\/product_cat?post=94035"},{"taxonomy":"product_tag","embeddable":true,"href":"https:\/\/blankpage.ee\/_ruumist-ruumi\/wp-json\/wp\/v2\/product_tag?post=94035"}],"curies":[{"name":"wp","href":"https:\/\/api.w.org\/{rel}","templated":true}]}}