{"id":9404,"date":"2024-11-01T16:37:14","date_gmt":"2024-11-01T16:37:14","guid":{"rendered":"https:\/\/ruumistruumi.ee\/pood\/champagne-kuldne-ja-hobedane-kummut-stilig-st803-kasefurniirist\/"},"modified":"2025-07-15T18:42:41","modified_gmt":"2025-07-15T18:42:41","slug":"kuldne-kummut-stilig-st803-kasepuidust-mdf","status":"publish","type":"product","link":"https:\/\/blankpage.ee\/_ruumist-ruumi\/pood\/kuldne-kummut-stilig-st803-kasepuidust-mdf\/","title":{"rendered":"Kuldne kummut Stilig ST803, kasepuidust, MDF"},"content":{"rendered":"<p>Stilig ST803 kummut elutuppa. See elegantne kummut on osa Stilig kollektsioonist ning toob teie elutuppa luksusliku h\u00f5ngu. \u0160ampanjakuldne viimistlus koos h\u00f5bedaste ja pronksist jalgadega loob ainulaadse ilme, mida t\u00e4iendab origami kunstist inspireeritud geomeetriline muster. Retrostiilis jalgade kuju lisab sellele m\u00f6\u00f6bliesemele ajatut v\u00f5lu.<\/p>\n<p>Kummuti kolm ust ja kolm riiulit pakuvad piisavalt hoiuruumi, et hoida teie elutuba korras ja organiseeritud. Kapi sisemust saab kohandada t\u00e4nu reguleeritavatele riiulitele, mis v\u00f5imaldavad teil paigutada erineva suurusega esemeid. Innovatiivsed push to open k\u00e4epidemed ja pehme sulgemise mehhanism tagavad sujuva ja vaikse kasutuskogemuse. Kummuti esipaneelid on 3D-efektiga, mis lisab visuaalset s\u00fcgavust ja huvitavaid varjundeid.<\/p>\n<p>Omadused:<br \/>\n<strong>Materjal:<\/strong> Kasevineer, MDF, roostevaba teras.<br \/>\n<strong>V\u00e4rv:<\/strong> \u0160ampanjakuldne ja h\u00f5bedane, pronksist jalad, kuldne pealisplaat ja viimistlus.<br \/>\n<strong>M\u00f5\u00f5tmed:<\/strong> Laius 150 cm, s\u00fcgavus 40 cm, k\u00f5rgus 86 cm.<br \/>\n<strong>T\u00e4iendavad detailid:<\/strong> Reguleeritavad sisemised riiulid, reguleeritavad jalad, push to open k\u00e4epidemed, pehme sulgemise mehhanism, 3D-efektiga esipaneelid.<br \/>\n<strong>Kokkupanek:<\/strong> Kokkupandud, ei vaja paigaldust. S\u00e4\u00e4stab aega ja vaeva.<\/p>\n<p>&nbsp;<\/p>\n","protected":false},"excerpt":{"rendered":"<p>Stilig ST803 kummut elutuppa. See elegantne kummut on osa Stilig kollektsioonist ning toob teie elutuppa luksusliku h\u00f5ngu. \u0160ampanjakuldne viimistlus koos h\u00f5bedaste ja pronksist jalgadega loob ainulaadse ilme, mida t\u00e4iendab origami kunstist inspireeritud geomeetriline muster. Retrostiilis jalgade kuju lisab sellele m\u00f6\u00f6bliesemele ajatut v\u00f5lu. Kummuti kolm ust ja kolm riiulit pakuvad piisavalt hoiuruumi, et hoida teie elutuba [&hellip;]<\/p>\n","protected":false},"featured_media":9405,"comment_status":"open","ping_status":"closed","template":"","meta":[],"product_brand":[],"product_cat":[81],"product_tag":[],"class_list":{"0":"post-9404","1":"product","2":"type-product","3":"status-publish","4":"has-post-thumbnail","6":"product_cat-kapid-riiulid-ja-kummutid","7":"product_shipping_class-livin-hill","8":"pa_kaepidemed-suruge-et-avada","9":"pa_kollektsioon-stilig","10":"pa_materjal-kaskpuit","11":"pa_riiulite-arv-89","12":"pa_uste-arv-84","13":"pa_varv-kuldne","15":"first","16":"outofstock","17":"sale","18":"taxable","19":"shipping-taxable","20":"purchasable","21":"product-type-simple"},"_links":{"self":[{"href":"https:\/\/blankpage.ee\/_ruumist-ruumi\/wp-json\/wp\/v2\/product\/9404","targetHints":{"allow":["GET"]}}],"collection":[{"href":"https:\/\/blankpage.ee\/_ruumist-ruumi\/wp-json\/wp\/v2\/product"}],"about":[{"href":"https:\/\/blankpage.ee\/_ruumist-ruumi\/wp-json\/wp\/v2\/types\/product"}],"replies":[{"embeddable":true,"href":"https:\/\/blankpage.ee\/_ruumist-ruumi\/wp-json\/wp\/v2\/comments?post=9404"}],"wp:featuredmedia":[{"embeddable":true,"href":"https:\/\/blankpage.ee\/_ruumist-ruumi\/wp-json\/wp\/v2\/media\/9405"}],"wp:attachment":[{"href":"https:\/\/blankpage.ee\/_ruumist-ruumi\/wp-json\/wp\/v2\/media?parent=9404"}],"wp:term":[{"taxonomy":"product_brand","embeddable":true,"href":"https:\/\/blankpage.ee\/_ruumist-ruumi\/wp-json\/wp\/v2\/product_brand?post=9404"},{"taxonomy":"product_cat","embeddable":true,"href":"https:\/\/blankpage.ee\/_ruumist-ruumi\/wp-json\/wp\/v2\/product_cat?post=9404"},{"taxonomy":"product_tag","embeddable":true,"href":"https:\/\/blankpage.ee\/_ruumist-ruumi\/wp-json\/wp\/v2\/product_tag?post=9404"}],"curies":[{"name":"wp","href":"https:\/\/api.w.org\/{rel}","templated":true}]}}