{"id":94056,"date":"2025-01-22T10:40:10","date_gmt":"2025-01-22T10:40:10","guid":{"rendered":"https:\/\/ruumistruumi.ee\/pood\/valge-ecru-soogilaud-modig-m95-metallist-ja-sinterskivist\/"},"modified":"2025-07-15T18:42:32","modified_gmt":"2025-07-15T18:42:32","slug":"valge-soogilaud-modig-m95-metall-ja-sunteetiline-marmor","status":"publish","type":"product","link":"https:\/\/blankpage.ee\/_ruumist-ruumi\/pood\/valge-soogilaud-modig-m95-metall-ja-sunteetiline-marmor\/","title":{"rendered":"Valge s\u00f6\u00f6gilaud Modig M95, metall ja s\u00fcnteetiline marmor"},"content":{"rendered":"<p>Modig M95 s\u00f6\u00f6gilaud s\u00f6\u00f6gituppa. See modernne laud seisab kahel massiivsel jalal, mille poolringikujuline alus on kaetud \u00f6koloogilise nahaga, luues vertikaalseid voldikuid ja l\u00f5petades kuldse aktsendiga. Ovaalne valge lauaplaat on marmorimitatsioon, pakkudes elegantset ja ajatut v\u00e4limust.<\/p>\n<p>Laud on osa <a href=\"https:\/\/blankpage.ee\/_ruumist-ruumi\/kollektsioon\/modig\/\">Modig<\/a> kollektsioonist, mis on tuntud oma stiilse ja kaasaegse disaini poolest. Roostevabast terasest alus tagab vastupidavuse ja stabiilsuse, samas kui s\u00fcnteetilisest kivist lauaplaat lisab luksuslikku tunnetust. \u00d6koloogilise nahaga kaetud korpus loob pehme ja meeldiva tekstuuri, mis t\u00e4iustab laua \u00fcldist esteetikat.<\/p>\n<p>Omadused:<br \/>\n<strong>Materjal:<\/strong> Roostevabast terasest alus, s\u00fcnteetilisest marmorist lauaplaat, PU-nahast korpus.<br \/>\n<strong>V\u00e4rv:<\/strong> Kuldne alus, valge korpus, valge lauaplaat.<br \/>\n<strong>M\u00f5\u00f5tmed:<\/strong> Laius 180 cm, s\u00fcgavus 90 cm, k\u00f5rgus 75 cm.<br \/>\n<strong>T\u00e4iendavad detailid:<\/strong> Kunstmarmorist lauaplaat; korpus kaetud \u00f6koloogilise nahaga, luues vertikaalseid voldikuid.<br \/>\n<strong>Kokkupanek:<\/strong> Osaliselt kokku pandud, h\u00f5lbustades paigaldamist.<\/p>\n<p>&nbsp;<\/p>\n","protected":false},"excerpt":{"rendered":"<p>Modig M95 s\u00f6\u00f6gilaud s\u00f6\u00f6gituppa. See modernne laud seisab kahel massiivsel jalal, mille poolringikujuline alus on kaetud \u00f6koloogilise nahaga, luues vertikaalseid voldikuid ja l\u00f5petades kuldse aktsendiga. Ovaalne valge lauaplaat on marmorimitatsioon, pakkudes elegantset ja ajatut v\u00e4limust. Laud on osa Modig kollektsioonist, mis on tuntud oma stiilse ja kaasaegse disaini poolest. Roostevabast terasest alus tagab vastupidavuse ja [&hellip;]<\/p>\n","protected":false},"featured_media":8948,"comment_status":"open","ping_status":"closed","template":"","meta":[],"product_brand":[],"product_cat":[93],"product_tag":[],"class_list":{"0":"post-94056","1":"product","2":"type-product","3":"status-publish","4":"has-post-thumbnail","6":"product_cat-soogilauad","7":"product_shipping_class-livin-hill","8":"pa_kollektsioon-modig","9":"pa_materjal-roostevaba-teras","10":"pa_varv-valge","12":"first","13":"outofstock","14":"taxable","15":"shipping-taxable","16":"purchasable","17":"product-type-simple"},"_links":{"self":[{"href":"https:\/\/blankpage.ee\/_ruumist-ruumi\/wp-json\/wp\/v2\/product\/94056","targetHints":{"allow":["GET"]}}],"collection":[{"href":"https:\/\/blankpage.ee\/_ruumist-ruumi\/wp-json\/wp\/v2\/product"}],"about":[{"href":"https:\/\/blankpage.ee\/_ruumist-ruumi\/wp-json\/wp\/v2\/types\/product"}],"replies":[{"embeddable":true,"href":"https:\/\/blankpage.ee\/_ruumist-ruumi\/wp-json\/wp\/v2\/comments?post=94056"}],"wp:featuredmedia":[{"embeddable":true,"href":"https:\/\/blankpage.ee\/_ruumist-ruumi\/wp-json\/wp\/v2\/media\/8948"}],"wp:attachment":[{"href":"https:\/\/blankpage.ee\/_ruumist-ruumi\/wp-json\/wp\/v2\/media?parent=94056"}],"wp:term":[{"taxonomy":"product_brand","embeddable":true,"href":"https:\/\/blankpage.ee\/_ruumist-ruumi\/wp-json\/wp\/v2\/product_brand?post=94056"},{"taxonomy":"product_cat","embeddable":true,"href":"https:\/\/blankpage.ee\/_ruumist-ruumi\/wp-json\/wp\/v2\/product_cat?post=94056"},{"taxonomy":"product_tag","embeddable":true,"href":"https:\/\/blankpage.ee\/_ruumist-ruumi\/wp-json\/wp\/v2\/product_tag?post=94056"}],"curies":[{"name":"wp","href":"https:\/\/api.w.org\/{rel}","templated":true}]}}