{"id":94057,"date":"2025-01-22T10:45:39","date_gmt":"2025-01-22T10:45:39","guid":{"rendered":"https:\/\/ruumistruumi.ee\/pood\/beez-tugitool-nua-n31-29-elastne-sile-kangas\/"},"modified":"2025-07-15T18:42:36","modified_gmt":"2025-07-15T18:42:36","slug":"beez-tugitool-nua-n31-29-elastne-sile-kangas","status":"publish","type":"product","link":"https:\/\/blankpage.ee\/_ruumist-ruumi\/pood\/beez-tugitool-nua-n31-29-elastne-sile-kangas\/","title":{"rendered":"Bee\u017e tugitool Nua N31-29, elastne sile kangas"},"content":{"rendered":"<p>Nua N31-29 tugitool elutuppa. See tugitool on inspireeritud orgaanilistest vormidest, millel on sf\u00e4\u00e4rilised elemendid. Ergonomiline kuju ja modernne stiil iseloomustavad seda tugitooli komplekti, mille juurde kuulub \u00fcmar jalatugi. Unikaalsed ja \u00f5rnad kumerused loovad rahustava embuse tunde, muutes selle ideaalseks lisandiks igasse elutuppa.<\/p>\n<p>Omadused:<br \/>\n<strong>Materjal:<\/strong> Elastne, sile kangas.<br \/>\n<strong>V\u00e4rv:<\/strong> Bee\u017e ja must triibuline kangas.<br \/>\n<strong>M\u00f5\u00f5tmed:<\/strong> Tugitool &#8211; laius 76 cm, s\u00fcgavus 68 cm, k\u00f5rgus 63 cm; jalatugi &#8211; laius 32 cm, s\u00fcgavus 32 cm, k\u00f5rgus 32 cm.<br \/>\n<strong>T\u00e4iendavad detailid:<\/strong> Sf\u00e4\u00e4riline jalatugi, kaalud vastavalt 40 kg ja 5 kg.<br \/>\n<strong>Kokkupanek:<\/strong> Kokkupandud, ei vaja paigaldust. S\u00e4\u00e4stab aega ja vaeva.<\/p>\n<p>&nbsp;<\/p>\n","protected":false},"excerpt":{"rendered":"<p>Nua N31-29 tugitool elutuppa. See tugitool on inspireeritud orgaanilistest vormidest, millel on sf\u00e4\u00e4rilised elemendid. Ergonomiline kuju ja modernne stiil iseloomustavad seda tugitooli komplekti, mille juurde kuulub \u00fcmar jalatugi. Unikaalsed ja \u00f5rnad kumerused loovad rahustava embuse tunde, muutes selle ideaalseks lisandiks igasse elutuppa. Omadused: Materjal: Elastne, sile kangas. V\u00e4rv: Bee\u017e ja must triibuline kangas. M\u00f5\u00f5tmed: Tugitool [&hellip;]<\/p>\n","protected":false},"featured_media":94058,"comment_status":"open","ping_status":"closed","template":"","meta":[],"product_brand":[],"product_cat":[71],"product_tag":[],"class_list":{"0":"post-94057","1":"product","2":"type-product","3":"status-publish","4":"has-post-thumbnail","6":"product_cat-moobel","7":"product_shipping_class-livin-hill","8":"pa_kollektsioon-nua","9":"pa_materjal-elastne","10":"pa_varv-beez","12":"first","13":"outofstock","14":"taxable","15":"shipping-taxable","16":"purchasable","17":"product-type-simple"},"_links":{"self":[{"href":"https:\/\/blankpage.ee\/_ruumist-ruumi\/wp-json\/wp\/v2\/product\/94057","targetHints":{"allow":["GET"]}}],"collection":[{"href":"https:\/\/blankpage.ee\/_ruumist-ruumi\/wp-json\/wp\/v2\/product"}],"about":[{"href":"https:\/\/blankpage.ee\/_ruumist-ruumi\/wp-json\/wp\/v2\/types\/product"}],"replies":[{"embeddable":true,"href":"https:\/\/blankpage.ee\/_ruumist-ruumi\/wp-json\/wp\/v2\/comments?post=94057"}],"wp:featuredmedia":[{"embeddable":true,"href":"https:\/\/blankpage.ee\/_ruumist-ruumi\/wp-json\/wp\/v2\/media\/94058"}],"wp:attachment":[{"href":"https:\/\/blankpage.ee\/_ruumist-ruumi\/wp-json\/wp\/v2\/media?parent=94057"}],"wp:term":[{"taxonomy":"product_brand","embeddable":true,"href":"https:\/\/blankpage.ee\/_ruumist-ruumi\/wp-json\/wp\/v2\/product_brand?post=94057"},{"taxonomy":"product_cat","embeddable":true,"href":"https:\/\/blankpage.ee\/_ruumist-ruumi\/wp-json\/wp\/v2\/product_cat?post=94057"},{"taxonomy":"product_tag","embeddable":true,"href":"https:\/\/blankpage.ee\/_ruumist-ruumi\/wp-json\/wp\/v2\/product_tag?post=94057"}],"curies":[{"name":"wp","href":"https:\/\/api.w.org\/{rel}","templated":true}]}}