{"id":94082,"date":"2025-01-22T11:00:11","date_gmt":"2025-01-22T11:00:11","guid":{"rendered":"https:\/\/ruumistruumi.ee\/pood\/elevandiluu-karva-kummut-stilig-st121-metallist\/"},"modified":"2025-07-15T18:42:42","modified_gmt":"2025-07-15T18:42:42","slug":"elevandiluu-karva-kummut-stilig-st121-metallist","status":"publish","type":"product","link":"https:\/\/blankpage.ee\/_ruumist-ruumi\/pood\/elevandiluu-karva-kummut-stilig-st121-metallist\/","title":{"rendered":"Elevandiluu karva kummut Stilig ST121, metallist"},"content":{"rendered":"<p>Stilig ST121 kummut elutuppa. See stiilne helevalge kummut kuldsete aktsentide ja jalgadega lisab teie elutuppa elegantsi ja funktsionaalsust. Kapi korpus on valmistatud MDF-st, millel on \u00fcmardatud k\u00fclgedel sooniline puit ja keskel stiilse s\u00fcvendiga siledad uksed. Lauaplaat on kaetud marmorkattega, mis lisab luksuslikku viimistlust.<\/p>\n<p>Kummutil on kaks ust ja kaks riiulit, pakkudes piisavalt hoiuruumi. Kapi sees on reguleeritav riiul, mis v\u00f5imaldab kohandada ruumi vastavalt vajadusele. Pehme sulgemise mehhanismiga uksed ja freesitud k\u00e4epidemed tagavad sujuva ja vaikse kasutuse. Reguleeritavad jalad v\u00f5imaldavad kummutit stabiilselt paigutada ka ebatasasele p\u00f5randale. <\/p>\n<p>Omadused:<br \/>\n<strong>Materjal:<\/strong> Roostevaba teras, MDF, marmorkate.<br \/>\n<strong>V\u00e4rv:<\/strong> Helevalge korpus, valge lauaplaat, kuldsed jalad ja aktsendid.<br \/>\n<strong>M\u00f5\u00f5tmed:<\/strong> Laius 180 cm, s\u00fcgavus 40 cm, k\u00f5rgus 90 cm.<br \/>\n<strong>T\u00e4iendavad detailid:<\/strong> Reguleeritav sisemine riiul; Reguleeritavad jalad; Marmorkate; Sooniline puit; Pehme sulgemine.<br \/>\n<strong>Kokkupanek:<\/strong> Kokkupandud, ei vaja paigaldust. S\u00e4\u00e4stab aega ja vaeva.<\/p>\n<p>&nbsp;<\/p>\n","protected":false},"excerpt":{"rendered":"<p>Stilig ST121 kummut elutuppa. See stiilne helevalge kummut kuldsete aktsentide ja jalgadega lisab teie elutuppa elegantsi ja funktsionaalsust. Kapi korpus on valmistatud MDF-st, millel on \u00fcmardatud k\u00fclgedel sooniline puit ja keskel stiilse s\u00fcvendiga siledad uksed. Lauaplaat on kaetud marmorkattega, mis lisab luksuslikku viimistlust. Kummutil on kaks ust ja kaks riiulit, pakkudes piisavalt hoiuruumi. Kapi sees [&hellip;]<\/p>\n","protected":false},"featured_media":94083,"comment_status":"open","ping_status":"open","template":"","meta":[],"product_brand":[],"product_cat":[81],"product_tag":[],"class_list":{"0":"post-94082","1":"product","2":"type-product","3":"status-publish","4":"has-post-thumbnail","6":"product_cat-kapid-riiulid-ja-kummutid","7":"product_shipping_class-livin-hill","8":"pa_kaepidemed-freesitud-kaepidemed","9":"pa_kollektsioon-stilig","10":"pa_materjal-roostevaba-teras","11":"pa_riiulite-arv-76","12":"pa_uste-arv-94","13":"pa_varv-valge","15":"first","16":"outofstock","17":"taxable","18":"shipping-taxable","19":"purchasable","20":"product-type-simple"},"_links":{"self":[{"href":"https:\/\/blankpage.ee\/_ruumist-ruumi\/wp-json\/wp\/v2\/product\/94082","targetHints":{"allow":["GET"]}}],"collection":[{"href":"https:\/\/blankpage.ee\/_ruumist-ruumi\/wp-json\/wp\/v2\/product"}],"about":[{"href":"https:\/\/blankpage.ee\/_ruumist-ruumi\/wp-json\/wp\/v2\/types\/product"}],"replies":[{"embeddable":true,"href":"https:\/\/blankpage.ee\/_ruumist-ruumi\/wp-json\/wp\/v2\/comments?post=94082"}],"wp:featuredmedia":[{"embeddable":true,"href":"https:\/\/blankpage.ee\/_ruumist-ruumi\/wp-json\/wp\/v2\/media\/94083"}],"wp:attachment":[{"href":"https:\/\/blankpage.ee\/_ruumist-ruumi\/wp-json\/wp\/v2\/media?parent=94082"}],"wp:term":[{"taxonomy":"product_brand","embeddable":true,"href":"https:\/\/blankpage.ee\/_ruumist-ruumi\/wp-json\/wp\/v2\/product_brand?post=94082"},{"taxonomy":"product_cat","embeddable":true,"href":"https:\/\/blankpage.ee\/_ruumist-ruumi\/wp-json\/wp\/v2\/product_cat?post=94082"},{"taxonomy":"product_tag","embeddable":true,"href":"https:\/\/blankpage.ee\/_ruumist-ruumi\/wp-json\/wp\/v2\/product_tag?post=94082"}],"curies":[{"name":"wp","href":"https:\/\/api.w.org\/{rel}","templated":true}]}}