{"id":94105,"date":"2025-01-22T11:10:35","date_gmt":"2025-01-22T11:10:35","guid":{"rendered":"https:\/\/ruumistruumi.ee\/pood\/valge-ecru-tv-alus-stilig-st382c-metallist\/"},"modified":"2025-07-22T17:47:28","modified_gmt":"2025-07-22T17:47:28","slug":"valge-ecru-tv-alus-stilig-st382c-metallist","status":"publish","type":"product","link":"https:\/\/blankpage.ee\/_ruumist-ruumi\/pood\/valge-ecru-tv-alus-stilig-st382c-metallist\/","title":{"rendered":"Valge ecru TV-alus Stilig ST382C, metallist"},"content":{"rendered":"<p>Stilig ST382C TV-alus elutuppa. See elegantne valge ecru TV-alus kuldsete aktsentide ja jalgadega lisab teie elutuppa stiili ja funktsionaalsust. Korpuse sooneline puit ja marmorviimistlusega t\u00f6\u00f6tasapind loovad luksusliku atmosf\u00e4\u00e4ri, mis t\u00f5mbab t\u00e4helepanu.<\/p>\n<p>Stilig kollektsiooni ST382C TV-alus on valmistatud roostevabast terasest, MDF-ist ja marmorist, mis tagavad vastupidavuse ja pikaealisuse. Neli ust ja kaks reguleeritavat riiulit pakuvad piisavalt ruumi meediaseadmete ja muude esemete hoidmiseks. Pehmed sulgemismehhanismid ja reguleeritavad jalad lisavad kasutusmugavust. Metallist k\u00e4epidemed ja roostevabast terasest detailid annavad sellele m\u00f6\u00f6bliesemele kaasaegse ja elegantse ilme.<\/p>\n<p>Omadused:<br \/>\n<strong>Materjal:<\/strong> Roostevaba teras, MDF, marmorviimistlusega t\u00f6\u00f6tasapind.<br \/>\n<strong>V\u00e4rv:<\/strong> Valge ecru korpus, valge pealisplaat, kuldsed jalad ja aktsendid.<br \/>\n<strong>M\u00f5\u00f5tmed:<\/strong> Laius 200 cm, s\u00fcgavus 40 cm, k\u00f5rgus 60 cm.<br \/>\n<strong>T\u00e4iendavad detailid:<\/strong> Reguleeritavad sisemised riiulid, reguleeritavad jalad, pehme sulgemismehhanism, roostevabast terasest ukselingid, sooneline puit.<br \/>\n<strong>Kokkupanek:<\/strong> Osaliselt kokku pandud, ei vaja paigaldust. S\u00e4\u00e4stab aega ja vaeva.<\/p>\n<p>&nbsp;<\/p>\n","protected":false},"excerpt":{"rendered":"<p>Stilig ST382C TV-alus elutuppa. See elegantne valge ecru TV-alus kuldsete aktsentide ja jalgadega lisab teie elutuppa stiili ja funktsionaalsust. Korpuse sooneline puit ja marmorviimistlusega t\u00f6\u00f6tasapind loovad luksusliku atmosf\u00e4\u00e4ri, mis t\u00f5mbab t\u00e4helepanu. Stilig kollektsiooni ST382C TV-alus on valmistatud roostevabast terasest, MDF-ist ja marmorist, mis tagavad vastupidavuse ja pikaealisuse. Neli ust ja kaks reguleeritavat riiulit pakuvad piisavalt [&hellip;]<\/p>\n","protected":false},"featured_media":94106,"comment_status":"open","ping_status":"open","template":"","meta":[],"product_brand":[],"product_cat":[85],"product_tag":[],"class_list":{"0":"post-94105","1":"product","2":"type-product","3":"status-publish","4":"has-post-thumbnail","6":"product_cat-tv-alused","7":"product_shipping_class-livin-hill","8":"pa_kaepidemed-metall","9":"pa_kollektsioon-stilig","10":"pa_materjal-roostevaba-teras","11":"pa_riiulite-arv-76","12":"pa_uste-arv-75","13":"pa_varv-valge","15":"first","16":"outofstock","17":"taxable","18":"shipping-taxable","19":"purchasable","20":"product-type-simple"},"_links":{"self":[{"href":"https:\/\/blankpage.ee\/_ruumist-ruumi\/wp-json\/wp\/v2\/product\/94105","targetHints":{"allow":["GET"]}}],"collection":[{"href":"https:\/\/blankpage.ee\/_ruumist-ruumi\/wp-json\/wp\/v2\/product"}],"about":[{"href":"https:\/\/blankpage.ee\/_ruumist-ruumi\/wp-json\/wp\/v2\/types\/product"}],"replies":[{"embeddable":true,"href":"https:\/\/blankpage.ee\/_ruumist-ruumi\/wp-json\/wp\/v2\/comments?post=94105"}],"wp:featuredmedia":[{"embeddable":true,"href":"https:\/\/blankpage.ee\/_ruumist-ruumi\/wp-json\/wp\/v2\/media\/94106"}],"wp:attachment":[{"href":"https:\/\/blankpage.ee\/_ruumist-ruumi\/wp-json\/wp\/v2\/media?parent=94105"}],"wp:term":[{"taxonomy":"product_brand","embeddable":true,"href":"https:\/\/blankpage.ee\/_ruumist-ruumi\/wp-json\/wp\/v2\/product_brand?post=94105"},{"taxonomy":"product_cat","embeddable":true,"href":"https:\/\/blankpage.ee\/_ruumist-ruumi\/wp-json\/wp\/v2\/product_cat?post=94105"},{"taxonomy":"product_tag","embeddable":true,"href":"https:\/\/blankpage.ee\/_ruumist-ruumi\/wp-json\/wp\/v2\/product_tag?post=94105"}],"curies":[{"name":"wp","href":"https:\/\/api.w.org\/{rel}","templated":true}]}}