{"id":94113,"date":"2025-01-22T11:14:03","date_gmt":"2025-01-22T11:14:03","guid":{"rendered":"https:\/\/ruumistruumi.ee\/pood\/helebeez-leith-let71hn-polsterdatud-baaritool-100-poluesterpolsterdusega\/"},"modified":"2025-07-22T17:47:29","modified_gmt":"2025-07-22T17:47:29","slug":"helebeez-leith-let71hn-polsterdatud-tool-100-poluester","status":"publish","type":"product","link":"https:\/\/blankpage.ee\/_ruumist-ruumi\/pood\/helebeez-leith-let71hn-polsterdatud-tool-100-poluester\/","title":{"rendered":"Helebee\u017e Leith LET71HN polsterdatud tool, 100% pol\u00fcester"},"content":{"rendered":"<p>Leith LET71HN polsterdatud baaritool s\u00f6\u00f6gituppa. See elegantne linavalge polsterdusega baaritool on valmistatud k\u00f5rgeima kvaliteediga chenille-kangast. M\u00f6\u00f6bli lihtne vorm, mis p\u00f5hineb moekatel \u00fcmaratel kujunditel, rikastab iga s\u00f6\u00f6gituba.<\/p>\n<p>Leith kollektsiooni baaritool pakub suurep\u00e4rast kombinatsiooni stiilist ja mugavusest. Selle polsterdus on valmistatud 100% pol\u00fcestrist, pakkudes vastupidavust ja pehmust, samal ajal kui alus on valmistatud Paulownia puidust. Hele bee\u017e toon lisab igasse ruumi soojust ja elegantsi. Tooli m\u00f5\u00f5tmed on 61 cm lai, 57 cm s\u00fcgav ja 89 cm k\u00f5rge, pakkudes mugavat istumiskogemust. Istme m\u00f5\u00f5tmed on 46 x 48,5 cm ja istme k\u00f5rgus on 62 cm, mis sobib ideaalselt baarilaua juurde.<\/p>\n<p>Tooli lisafunktsioonide hulka kuuluvad lainelised vedrud ja rihmad, mis tagavad vastupidava ja mugava istumise. K\u00f5rge tihedusega vaht lisab t\u00e4iendavat pehmust, samal ajal kui metallist jalatugi pakub stabiilsust. Tooli kandev\u00f5ime on kuni 115 kg, mis tagab kindla ja turvalise istumise. Kergesti hooldatav t\u00e4nu veep\u00f5hisele puhastuskoodile W.<\/p>\n<p>Omadused:<br \/>\n<strong>Materjal:<\/strong> 100% pol\u00fcesterpolsterdus, alus Paulownia puidust.<br \/>\n<strong>V\u00e4rv:<\/strong> Hele bee\u017e.<br \/>\n<strong>M\u00f5\u00f5tmed:<\/strong> Laius 61 cm, s\u00fcgavus 57 cm, k\u00f5rgus 89 cm.<br \/>\n<strong>T\u00e4iendavad detailid:<\/strong> Lainelised vedrud, k\u00f5rge tihedusega vaht, metallist jalatugi.<br \/>\n<strong>Kokkupanek:<\/strong> Kokkupandud, ei vaja paigaldust. S\u00e4\u00e4stab aega ja vaeva.<\/p>\n<p>&nbsp;<\/p>\n","protected":false},"excerpt":{"rendered":"<p>Leith LET71HN polsterdatud baaritool s\u00f6\u00f6gituppa. See elegantne linavalge polsterdusega baaritool on valmistatud k\u00f5rgeima kvaliteediga chenille-kangast. M\u00f6\u00f6bli lihtne vorm, mis p\u00f5hineb moekatel \u00fcmaratel kujunditel, rikastab iga s\u00f6\u00f6gituba. Leith kollektsiooni baaritool pakub suurep\u00e4rast kombinatsiooni stiilist ja mugavusest. Selle polsterdus on valmistatud 100% pol\u00fcestrist, pakkudes vastupidavust ja pehmust, samal ajal kui alus on valmistatud Paulownia puidust. Hele bee\u017e [&hellip;]<\/p>\n","protected":false},"featured_media":94114,"comment_status":"open","ping_status":"closed","template":"","meta":[],"product_brand":[],"product_cat":[327],"product_tag":[],"class_list":{"0":"post-94113","1":"product","2":"type-product","3":"status-publish","4":"has-post-thumbnail","6":"product_cat-baaritoolid","7":"product_shipping_class-livin-hill","8":"pa_kollektsioon-leith","9":"pa_materjal-poluester","10":"pa_varv-beez","12":"first","13":"outofstock","14":"taxable","15":"shipping-taxable","16":"purchasable","17":"product-type-simple"},"_links":{"self":[{"href":"https:\/\/blankpage.ee\/_ruumist-ruumi\/wp-json\/wp\/v2\/product\/94113","targetHints":{"allow":["GET"]}}],"collection":[{"href":"https:\/\/blankpage.ee\/_ruumist-ruumi\/wp-json\/wp\/v2\/product"}],"about":[{"href":"https:\/\/blankpage.ee\/_ruumist-ruumi\/wp-json\/wp\/v2\/types\/product"}],"replies":[{"embeddable":true,"href":"https:\/\/blankpage.ee\/_ruumist-ruumi\/wp-json\/wp\/v2\/comments?post=94113"}],"wp:featuredmedia":[{"embeddable":true,"href":"https:\/\/blankpage.ee\/_ruumist-ruumi\/wp-json\/wp\/v2\/media\/94114"}],"wp:attachment":[{"href":"https:\/\/blankpage.ee\/_ruumist-ruumi\/wp-json\/wp\/v2\/media?parent=94113"}],"wp:term":[{"taxonomy":"product_brand","embeddable":true,"href":"https:\/\/blankpage.ee\/_ruumist-ruumi\/wp-json\/wp\/v2\/product_brand?post=94113"},{"taxonomy":"product_cat","embeddable":true,"href":"https:\/\/blankpage.ee\/_ruumist-ruumi\/wp-json\/wp\/v2\/product_cat?post=94113"},{"taxonomy":"product_tag","embeddable":true,"href":"https:\/\/blankpage.ee\/_ruumist-ruumi\/wp-json\/wp\/v2\/product_tag?post=94113"}],"curies":[{"name":"wp","href":"https:\/\/api.w.org\/{rel}","templated":true}]}}