{"id":94122,"date":"2025-01-22T11:17:15","date_gmt":"2025-01-22T11:17:15","guid":{"rendered":"https:\/\/ruumistruumi.ee\/pood\/helebeez-nua-n23-4-tugitool-puuvillasest-sametkangast\/"},"modified":"2025-07-22T17:47:29","modified_gmt":"2025-07-22T17:47:29","slug":"helebeez-nua-n23-4-tugitool-puuvillasest-sametkangast","status":"publish","type":"product","link":"https:\/\/blankpage.ee\/_ruumist-ruumi\/pood\/helebeez-nua-n23-4-tugitool-puuvillasest-sametkangast\/","title":{"rendered":"Helebee\u017e Nua N23-4 tugitool, puuvillasest sametkangast"},"content":{"rendered":"<p>Nua N23-4 tugitool elutuppa. Nua kollektsiooni kuuluv modernne ja ikooniline tugitool, mis paistab silma oma lihtsa vormi ja detailidega, nagu horisontaalne \u00f5mblus ning tepitud keskne vertikaalne joon. Hele bee\u017e toon lisab igale interj\u00f6\u00f6rile hubasust ja elegantsi.<\/p>\n<p>Tugitooli valmistamisel on kasutatud kvaliteetset puuvillasest velvetkangast, millel on n\u00e4htav koestruktuur, pakkudes nii visuaalset kui ka taktiilset naudingut. Pehme k\u00e4snpolster tagab mugava istumiskogemuse, muutes selle ideaalseks kohaks l\u00f5\u00f5gastumiseks. Lisaks on tugitool kokkupandud, mis s\u00e4\u00e4stab aega ja vaeva ning v\u00f5imaldab koheselt nautida selle mugavust.<\/p>\n<p>Omadused:<br \/>\n<strong>Materjal:<\/strong> Puuvillane velvetkangas, k\u00e4snpolster.<br \/>\n<strong>V\u00e4rv:<\/strong> Hele bee\u017e.<br \/>\n<strong>M\u00f5\u00f5tmed:<\/strong> Laius 87 cm, s\u00fcgavus 102 cm, k\u00f5rgus 70 cm.<br \/>\n<strong>T\u00e4iendavad detailid:<\/strong> Velvetkangas n\u00e4htava koestruktuuriga.<br \/>\n<strong>Kokkupanek:<\/strong> Kokkupandud, ei vaja paigaldust. S\u00e4\u00e4stab aega ja vaeva.<\/p>\n<p>&nbsp;<\/p>\n","protected":false},"excerpt":{"rendered":"<p>Nua N23-4 tugitool elutuppa. Nua kollektsiooni kuuluv modernne ja ikooniline tugitool, mis paistab silma oma lihtsa vormi ja detailidega, nagu horisontaalne \u00f5mblus ning tepitud keskne vertikaalne joon. Hele bee\u017e toon lisab igale interj\u00f6\u00f6rile hubasust ja elegantsi. Tugitooli valmistamisel on kasutatud kvaliteetset puuvillasest velvetkangast, millel on n\u00e4htav koestruktuur, pakkudes nii visuaalset kui ka taktiilset naudingut. Pehme [&hellip;]<\/p>\n","protected":false},"featured_media":94123,"comment_status":"open","ping_status":"open","template":"","meta":[],"product_brand":[],"product_cat":[71],"product_tag":[],"class_list":{"0":"post-94122","1":"product","2":"type-product","3":"status-publish","4":"has-post-thumbnail","6":"product_cat-moobel","7":"product_shipping_class-livin-hill","8":"pa_kollektsioon-nua","9":"pa_materjal-samet","10":"pa_varv-beez","12":"first","13":"outofstock","14":"taxable","15":"shipping-taxable","16":"purchasable","17":"product-type-simple"},"_links":{"self":[{"href":"https:\/\/blankpage.ee\/_ruumist-ruumi\/wp-json\/wp\/v2\/product\/94122","targetHints":{"allow":["GET"]}}],"collection":[{"href":"https:\/\/blankpage.ee\/_ruumist-ruumi\/wp-json\/wp\/v2\/product"}],"about":[{"href":"https:\/\/blankpage.ee\/_ruumist-ruumi\/wp-json\/wp\/v2\/types\/product"}],"replies":[{"embeddable":true,"href":"https:\/\/blankpage.ee\/_ruumist-ruumi\/wp-json\/wp\/v2\/comments?post=94122"}],"wp:featuredmedia":[{"embeddable":true,"href":"https:\/\/blankpage.ee\/_ruumist-ruumi\/wp-json\/wp\/v2\/media\/94123"}],"wp:attachment":[{"href":"https:\/\/blankpage.ee\/_ruumist-ruumi\/wp-json\/wp\/v2\/media?parent=94122"}],"wp:term":[{"taxonomy":"product_brand","embeddable":true,"href":"https:\/\/blankpage.ee\/_ruumist-ruumi\/wp-json\/wp\/v2\/product_brand?post=94122"},{"taxonomy":"product_cat","embeddable":true,"href":"https:\/\/blankpage.ee\/_ruumist-ruumi\/wp-json\/wp\/v2\/product_cat?post=94122"},{"taxonomy":"product_tag","embeddable":true,"href":"https:\/\/blankpage.ee\/_ruumist-ruumi\/wp-json\/wp\/v2\/product_tag?post=94122"}],"curies":[{"name":"wp","href":"https:\/\/api.w.org\/{rel}","templated":true}]}}