{"id":94146,"date":"2025-01-22T12:13:27","date_gmt":"2025-01-22T12:13:27","guid":{"rendered":"https:\/\/ruumistruumi.ee\/pood\/beez-tv-alus-stilig-st916b-metallist\/"},"modified":"2025-06-17T08:58:37","modified_gmt":"2025-06-17T08:58:37","slug":"beez-tv-alus-stilig-st916b-metallist-ja-mdf-marmorist-tasapinnaga","status":"publish","type":"product","link":"https:\/\/blankpage.ee\/_ruumist-ruumi\/pood\/beez-tv-alus-stilig-st916b-metallist-ja-mdf-marmorist-tasapinnaga\/","title":{"rendered":"Bee\u017e TV-alus Stilig ST916B, metallist ja MDF, marmorist tasapinnaga"},"content":{"rendered":"<p>Stilig ST916B TV-alus elutuppa. See elegantne hele kreemjas TV-alus koos kuldsete aktsentide ja alumise p\u00e4rjaga lisab teie elutoale stiilset s\u00e4ra. Korpusel on sooneline puit, mis lisab tekstuuri ja s\u00fcgavust, samas kui marmorviimistlusega t\u00f6\u00f6pind toob ruumi luksuslikku h\u00f5ngu.<\/p>\n<p>Stilig kollektsiooni kuuluv ST916B TV-alus on valmistatud roostevabast terasest ja MDF-ist, mille peal on mitmev\u00e4rviline marmorist t\u00f6\u00f6pind. Aluse laius on 200 cm, s\u00fcgavus 40 cm ja k\u00f5rgus 50 cm, pakkudes piisavalt ruumi teie meelelahutusseadmetele. Alusel on neli ust ja kaks riiulit, mis v\u00f5imaldavad hoida k\u00f5ik vajalikud tarvikud k\u00e4ep\u00e4rast ja korras. Freesitud k\u00e4epidemed ja pehme sulgumisega uksed lisavad kasutusmugavust, samas kui reguleeritavad sisemised riiulid ja jalgade liugurid pakuvad paindlikkust ja stabiilsust.<\/p>\n<p>Omadused:<br \/>\n<strong>Materjal:<\/strong> Roostevaba teras, MDF, marmorist t\u00f6\u00f6pind.<br \/>\n<strong>V\u00e4rv:<\/strong> Hele kreemjas, kuldne alumine p\u00e4rg ja aktsendid, mitmev\u00e4rviline marmorist t\u00f6\u00f6pind.<br \/>\n<strong>M\u00f5\u00f5tmed:<\/strong> Laius 200 cm, s\u00fcgavus 40 cm, k\u00f5rgus 50 cm.<br \/>\n<strong>T\u00e4iendavad detailid:<\/strong> Sooneline puit, marmorist t\u00f6\u00f6pind, push-to-open s\u00fcsteem, reguleeritavad sisemised riiulid, pehme sulgumine, reguleeritavad jalgade liugurid.<br \/>\n<strong>Kokkupanek:<\/strong> Kokkupandud, ei vaja paigaldust. S\u00e4\u00e4stab aega ja vaeva.<\/p>\n<p>&nbsp;<\/p>\n","protected":false},"excerpt":{"rendered":"<p>Stilig ST916B TV-alus elutuppa. See elegantne hele kreemjas TV-alus koos kuldsete aktsentide ja alumise p\u00e4rjaga lisab teie elutoale stiilset s\u00e4ra. Korpusel on sooneline puit, mis lisab tekstuuri ja s\u00fcgavust, samas kui marmorviimistlusega t\u00f6\u00f6pind toob ruumi luksuslikku h\u00f5ngu. Stilig kollektsiooni kuuluv ST916B TV-alus on valmistatud roostevabast terasest ja MDF-ist, mille peal on mitmev\u00e4rviline marmorist t\u00f6\u00f6pind. Aluse [&hellip;]<\/p>\n","protected":false},"featured_media":94147,"comment_status":"open","ping_status":"closed","template":"","meta":[],"product_brand":[],"product_cat":[85],"product_tag":[],"class_list":{"0":"post-94146","1":"product","2":"type-product","3":"status-publish","4":"has-post-thumbnail","6":"product_cat-tv-alused","7":"product_shipping_class-livin-hill","8":"pa_kaepidemed-toodeldud-kaepidemed","9":"pa_kollektsioon-stilig","10":"pa_materjal-roostevaba-teras","11":"pa_riiulite-arv-76","12":"pa_uste-arv-75","13":"pa_varv-beez","15":"first","16":"instock","17":"taxable","18":"shipping-taxable","19":"purchasable","20":"product-type-simple"},"_links":{"self":[{"href":"https:\/\/blankpage.ee\/_ruumist-ruumi\/wp-json\/wp\/v2\/product\/94146","targetHints":{"allow":["GET"]}}],"collection":[{"href":"https:\/\/blankpage.ee\/_ruumist-ruumi\/wp-json\/wp\/v2\/product"}],"about":[{"href":"https:\/\/blankpage.ee\/_ruumist-ruumi\/wp-json\/wp\/v2\/types\/product"}],"replies":[{"embeddable":true,"href":"https:\/\/blankpage.ee\/_ruumist-ruumi\/wp-json\/wp\/v2\/comments?post=94146"}],"wp:featuredmedia":[{"embeddable":true,"href":"https:\/\/blankpage.ee\/_ruumist-ruumi\/wp-json\/wp\/v2\/media\/94147"}],"wp:attachment":[{"href":"https:\/\/blankpage.ee\/_ruumist-ruumi\/wp-json\/wp\/v2\/media?parent=94146"}],"wp:term":[{"taxonomy":"product_brand","embeddable":true,"href":"https:\/\/blankpage.ee\/_ruumist-ruumi\/wp-json\/wp\/v2\/product_brand?post=94146"},{"taxonomy":"product_cat","embeddable":true,"href":"https:\/\/blankpage.ee\/_ruumist-ruumi\/wp-json\/wp\/v2\/product_cat?post=94146"},{"taxonomy":"product_tag","embeddable":true,"href":"https:\/\/blankpage.ee\/_ruumist-ruumi\/wp-json\/wp\/v2\/product_tag?post=94146"}],"curies":[{"name":"wp","href":"https:\/\/api.w.org\/{rel}","templated":true}]}}