{"id":94153,"date":"2025-01-22T12:13:27","date_gmt":"2025-01-22T12:13:27","guid":{"rendered":"https:\/\/ruumistruumi.ee\/pood\/pahkel-kummut-stilig-st198-naturaalsest-pahklispoonist\/"},"modified":"2025-06-17T08:58:38","modified_gmt":"2025-06-17T08:58:38","slug":"tumepruun-kummut-stilig-st198-naturaalsest-pahklispoonist","status":"publish","type":"product","link":"https:\/\/blankpage.ee\/_ruumist-ruumi\/pood\/tumepruun-kummut-stilig-st198-naturaalsest-pahklispoonist\/","title":{"rendered":"Tumepruun kummut Stilig ST198, naturaalsest p\u00e4hklispoonist"},"content":{"rendered":"<p>Stilig ST198 kummut elutuppa. See elegantne kummut on valmistatud naturaalsest p\u00e4hklipuu spoonist ja MDF-ist, millele lisavad luksuslikkust \u0161ampanja-kuldne esipaneel koos kalasoomuse mustriga ning kuldsed jalad. Kuldne esiraam ja dekoratiivsed ginkgo lehe k\u00e4epidemed annavad kogu disainile \u0161iki ja elegantse ilme.<\/p>\n<p>Kummuti nelja ukse taga peituvad kaks reguleeritava k\u00f5rgusega riiulit, mis pakuvad rohkelt hoiuruumi. Reljeefsed kaared esipaneelidel ning metallist dekoratiivsed k\u00e4epidemed lisavad ainulaadset stiili ja iseloomu. Kuldsete jalgade reguleeritavad liugurid tagavad stabiilsuse ja v\u00f5imaldavad kummutit h\u00f5lpsasti paigutada ka ebatasasel p\u00f5randal.<\/p>\n<p>Omadused:<br \/>\n<strong>Materjal:<\/strong> Naturaalne p\u00e4hklipuu spoon, MDF, roostevabast terasest jalad.<br \/>\n<strong>V\u00e4rv:<\/strong> P\u00e4hkel, \u0161ampanja-kuldne esipaneel, kuldsed jalad ja aktsendid.<br \/>\n<strong>M\u00f5\u00f5tmed:<\/strong> Laius 180 cm, s\u00fcgavus 40 cm, k\u00f5rgus 70 cm.<br \/>\n<strong>T\u00e4iendavad detailid:<\/strong> Reguleeritav sisemine riiul, reljeefsed kaared esipaneelidel, dekoratiivsed k\u00e4epidemed, reguleeritavad liugurid jalgadele.<br \/>\n<strong>Kokkupanek:<\/strong> Kokkupandud, ei vaja paigaldust. S\u00e4\u00e4stab aega ja vaeva.<\/p>\n<p>&nbsp;<\/p>\n","protected":false},"excerpt":{"rendered":"<p>Stilig ST198 kummut elutuppa. See elegantne kummut on valmistatud naturaalsest p\u00e4hklipuu spoonist ja MDF-ist, millele lisavad luksuslikkust \u0161ampanja-kuldne esipaneel koos kalasoomuse mustriga ning kuldsed jalad. Kuldne esiraam ja dekoratiivsed ginkgo lehe k\u00e4epidemed annavad kogu disainile \u0161iki ja elegantse ilme. Kummuti nelja ukse taga peituvad kaks reguleeritava k\u00f5rgusega riiulit, mis pakuvad rohkelt hoiuruumi. Reljeefsed kaared esipaneelidel [&hellip;]<\/p>\n","protected":false},"featured_media":94154,"comment_status":"open","ping_status":"closed","template":"","meta":[],"product_brand":[],"product_cat":[81],"product_tag":[],"class_list":{"0":"post-94153","1":"product","2":"type-product","3":"status-publish","4":"has-post-thumbnail","6":"product_cat-kapid-riiulid-ja-kummutid","7":"product_shipping_class-livin-hill","8":"pa_kaepidemed-metall","9":"pa_kollektsioon-stilig","10":"pa_materjal-pahkel","11":"pa_riiulite-arv-76","12":"pa_uste-arv-75","13":"pa_varv-beez","14":"pa_varv-tumepruun","16":"first","17":"instock","18":"taxable","19":"shipping-taxable","20":"purchasable","21":"product-type-simple"},"_links":{"self":[{"href":"https:\/\/blankpage.ee\/_ruumist-ruumi\/wp-json\/wp\/v2\/product\/94153","targetHints":{"allow":["GET"]}}],"collection":[{"href":"https:\/\/blankpage.ee\/_ruumist-ruumi\/wp-json\/wp\/v2\/product"}],"about":[{"href":"https:\/\/blankpage.ee\/_ruumist-ruumi\/wp-json\/wp\/v2\/types\/product"}],"replies":[{"embeddable":true,"href":"https:\/\/blankpage.ee\/_ruumist-ruumi\/wp-json\/wp\/v2\/comments?post=94153"}],"wp:featuredmedia":[{"embeddable":true,"href":"https:\/\/blankpage.ee\/_ruumist-ruumi\/wp-json\/wp\/v2\/media\/94154"}],"wp:attachment":[{"href":"https:\/\/blankpage.ee\/_ruumist-ruumi\/wp-json\/wp\/v2\/media?parent=94153"}],"wp:term":[{"taxonomy":"product_brand","embeddable":true,"href":"https:\/\/blankpage.ee\/_ruumist-ruumi\/wp-json\/wp\/v2\/product_brand?post=94153"},{"taxonomy":"product_cat","embeddable":true,"href":"https:\/\/blankpage.ee\/_ruumist-ruumi\/wp-json\/wp\/v2\/product_cat?post=94153"},{"taxonomy":"product_tag","embeddable":true,"href":"https:\/\/blankpage.ee\/_ruumist-ruumi\/wp-json\/wp\/v2\/product_tag?post=94153"}],"curies":[{"name":"wp","href":"https:\/\/api.w.org\/{rel}","templated":true}]}}