{"id":94160,"date":"2025-01-22T12:17:12","date_gmt":"2025-01-22T12:17:12","guid":{"rendered":"https:\/\/ruumistruumi.ee\/pood\/orzech-wloski-kummut-stilig-st812-mdf-st\/"},"modified":"2025-07-15T18:42:52","modified_gmt":"2025-07-15T18:42:52","slug":"orzech-wloski-kummut-stilig-st812-mdf-st","status":"publish","type":"product","link":"https:\/\/blankpage.ee\/_ruumist-ruumi\/pood\/orzech-wloski-kummut-stilig-st812-mdf-st\/","title":{"rendered":"Tumepruun kummut Stilig ST812, MDF-st"},"content":{"rendered":"<p>Stilig ST812 kummut elutuppa. See erakordne kummut p\u00e4hklipuu toonis on t\u00f5eline pilgup\u00fc\u00fcdja igas elutoas. Kumerate joontega nikerdatud esipaneel, millel on kuldse v\u00e4rviga r\u00f5hutatud detailid, loob harmoonilise koosluse jalgade v\u00e4rviga. Kapi sile ja v\u00e4rvitud korpus j\u00e4ljendab puidu struktuuri, lisades ruumile soojust ja elegantsi.<\/p>\n<p>Kummutil on neli ust ja kaks riiulit, pakkudes piisavalt hoiuruumi. Push to open k\u00e4epidemed muudavad kasutamise lihtsaks ja mugavaks. Sisemine riiul on reguleeritav, v\u00f5imaldades kohandada ruumi vastavalt vajadusele. Esipaneeli 3D struktuur ja k\u00e4sitsi v\u00e4rvitud mustrid annavad kummutile ainulaadse iseloomu. Pehme sulgumise funktsioon tagab vaikse ja sujuva kasutamise.<\/p>\n<p>Omadused:<br \/>\n<strong>Materjal:<\/strong> MDF ja metall.<br \/>\n<strong>V\u00e4rv:<\/strong> P\u00e4hklipuu toon kuldsete aktsentide ja jalgadega.<br \/>\n<strong>M\u00f5\u00f5tmed:<\/strong> Laius 170 cm, s\u00fcgavus 40 cm, k\u00f5rgus 82 cm.<br \/>\n<strong>T\u00e4iendavad detailid:<\/strong> Push to open s\u00fcsteem, reguleeritav sisemine riiul, 3D struktuuriga esipaneel, k\u00e4sitsi v\u00e4rvitud mustrid, puidu struktuuri j\u00e4ljendavad kulumisj\u00e4ljed, pehme sulgumine.<br \/>\n<strong>Kokkupanek:<\/strong> Kokkupandud, ei vaja paigaldust. S\u00e4\u00e4stab aega ja vaeva.<\/p>\n<p>&nbsp;<\/p>\n","protected":false},"excerpt":{"rendered":"<p>Stilig ST812 kummut elutuppa. See erakordne kummut p\u00e4hklipuu toonis on t\u00f5eline pilgup\u00fc\u00fcdja igas elutoas. Kumerate joontega nikerdatud esipaneel, millel on kuldse v\u00e4rviga r\u00f5hutatud detailid, loob harmoonilise koosluse jalgade v\u00e4rviga. Kapi sile ja v\u00e4rvitud korpus j\u00e4ljendab puidu struktuuri, lisades ruumile soojust ja elegantsi. Kummutil on neli ust ja kaks riiulit, pakkudes piisavalt hoiuruumi. Push to open [&hellip;]<\/p>\n","protected":false},"featured_media":94161,"comment_status":"open","ping_status":"closed","template":"","meta":[],"product_brand":[],"product_cat":[81],"product_tag":[],"class_list":{"0":"post-94160","1":"product","2":"type-product","3":"status-publish","4":"has-post-thumbnail","6":"product_cat-kapid-riiulid-ja-kummutid","7":"product_shipping_class-livin-hill","8":"pa_kaepidemed-vajuta-avamiseks","9":"pa_kollektsioon-stilig","10":"pa_materjal-mdf","11":"pa_riiulite-arv-76","12":"pa_uste-arv-75","13":"pa_varv-tumepruun","15":"first","16":"outofstock","17":"taxable","18":"shipping-taxable","19":"purchasable","20":"product-type-simple"},"_links":{"self":[{"href":"https:\/\/blankpage.ee\/_ruumist-ruumi\/wp-json\/wp\/v2\/product\/94160","targetHints":{"allow":["GET"]}}],"collection":[{"href":"https:\/\/blankpage.ee\/_ruumist-ruumi\/wp-json\/wp\/v2\/product"}],"about":[{"href":"https:\/\/blankpage.ee\/_ruumist-ruumi\/wp-json\/wp\/v2\/types\/product"}],"replies":[{"embeddable":true,"href":"https:\/\/blankpage.ee\/_ruumist-ruumi\/wp-json\/wp\/v2\/comments?post=94160"}],"wp:featuredmedia":[{"embeddable":true,"href":"https:\/\/blankpage.ee\/_ruumist-ruumi\/wp-json\/wp\/v2\/media\/94161"}],"wp:attachment":[{"href":"https:\/\/blankpage.ee\/_ruumist-ruumi\/wp-json\/wp\/v2\/media?parent=94160"}],"wp:term":[{"taxonomy":"product_brand","embeddable":true,"href":"https:\/\/blankpage.ee\/_ruumist-ruumi\/wp-json\/wp\/v2\/product_brand?post=94160"},{"taxonomy":"product_cat","embeddable":true,"href":"https:\/\/blankpage.ee\/_ruumist-ruumi\/wp-json\/wp\/v2\/product_cat?post=94160"},{"taxonomy":"product_tag","embeddable":true,"href":"https:\/\/blankpage.ee\/_ruumist-ruumi\/wp-json\/wp\/v2\/product_tag?post=94160"}],"curies":[{"name":"wp","href":"https:\/\/api.w.org\/{rel}","templated":true}]}}