{"id":94164,"date":"2025-01-22T12:17:12","date_gmt":"2025-01-22T12:17:12","guid":{"rendered":"https:\/\/ruumistruumi.ee\/pood\/hele-kreem-stilig-st918b-soogilaud-metallist-ja-mdf-plaadist-marmorist-pealisplaadiga\/"},"modified":"2025-04-10T11:59:11","modified_gmt":"2025-04-10T11:59:11","slug":"beez-stilig-st918b-soogilaud-metall-mdf-marmorist-pealisplaadiga","status":"publish","type":"product","link":"https:\/\/blankpage.ee\/_ruumist-ruumi\/pood\/beez-stilig-st918b-soogilaud-metall-mdf-marmorist-pealisplaadiga\/","title":{"rendered":"Bee\u017e Stilig ST918B s\u00f6\u00f6gilaud, metall MDF, marmorist pealisplaadiga"},"content":{"rendered":"<p>Stilig ST918B s\u00f6\u00f6gilaud s\u00f6\u00f6gituppa. See stiilne \u00fcmmargune s\u00f6\u00f6gilaud on loodud andma teie s\u00f6\u00f6gitoale elegantse ja kaasaegse ilme. Kerge kreemjas toon koos kuldsete aktsentidega laua alusel lisab ruumile soojust ja luksust. Laua pealmine osa on kaunistatud mitmev\u00e4rvilise marmori viimistlusega, mis toob esile selle unikaalsuse ja elegantsi.<\/p>\n<p>Laua keha on valmistatud MDF-ist ja roostevabast terasest, pakkudes vastupidavust ja pikaealisust. Peenelt sooneline puit lisab tekstuuri ja visuaalset huvi, muutes selle laua t\u00f5eliseks pilgup\u00fc\u00fcdjaks. Marmori viimistlus pealispinnal lisab lauale luksuslikku tunnetust, olles samas praktiline ja lihtsasti hooldatav.<\/p>\n<p>Omadused:<br \/>\n<strong>Materjal:<\/strong> Roostevaba teras, MDF, marmori viimistlusega pealispind.<br \/>\n<strong>V\u00e4rv:<\/strong> Kerge kreemjas toon koos kuldsete aktsentidega, mitmev\u00e4rviline marmori pealispind.<br \/>\n<strong>M\u00f5\u00f5tmed:<\/strong> Laius 135 cm, s\u00fcgavus 135 cm, k\u00f5rgus 76 cm.<br \/>\n<strong>T\u00e4iendavad detailid:<\/strong> Peenelt sooneline puit ja marmori viimistlus.<br \/>\n<strong>Kokkupanek:<\/strong> Kokkupandud, ei vaja paigaldust. S\u00e4\u00e4stab aega ja vaeva.<\/p>\n<p>&nbsp;<\/p>\n","protected":false},"excerpt":{"rendered":"<p>Stilig ST918B s\u00f6\u00f6gilaud s\u00f6\u00f6gituppa. See stiilne \u00fcmmargune s\u00f6\u00f6gilaud on loodud andma teie s\u00f6\u00f6gitoale elegantse ja kaasaegse ilme. Kerge kreemjas toon koos kuldsete aktsentidega laua alusel lisab ruumile soojust ja luksust. Laua pealmine osa on kaunistatud mitmev\u00e4rvilise marmori viimistlusega, mis toob esile selle unikaalsuse ja elegantsi. Laua keha on valmistatud MDF-ist ja roostevabast terasest, pakkudes vastupidavust [&hellip;]<\/p>\n","protected":false},"featured_media":94165,"comment_status":"open","ping_status":"closed","template":"","meta":[],"product_brand":[],"product_cat":[93],"product_tag":[],"class_list":{"0":"post-94164","1":"product","2":"type-product","3":"status-publish","4":"has-post-thumbnail","6":"product_cat-soogilauad","7":"product_shipping_class-livin-hill","8":"pa_kollektsioon-stilig","9":"pa_materjal-roostevaba-teras","10":"pa_varv-beez","12":"first","13":"instock","14":"taxable","15":"shipping-taxable","16":"purchasable","17":"product-type-simple"},"_links":{"self":[{"href":"https:\/\/blankpage.ee\/_ruumist-ruumi\/wp-json\/wp\/v2\/product\/94164","targetHints":{"allow":["GET"]}}],"collection":[{"href":"https:\/\/blankpage.ee\/_ruumist-ruumi\/wp-json\/wp\/v2\/product"}],"about":[{"href":"https:\/\/blankpage.ee\/_ruumist-ruumi\/wp-json\/wp\/v2\/types\/product"}],"replies":[{"embeddable":true,"href":"https:\/\/blankpage.ee\/_ruumist-ruumi\/wp-json\/wp\/v2\/comments?post=94164"}],"wp:featuredmedia":[{"embeddable":true,"href":"https:\/\/blankpage.ee\/_ruumist-ruumi\/wp-json\/wp\/v2\/media\/94165"}],"wp:attachment":[{"href":"https:\/\/blankpage.ee\/_ruumist-ruumi\/wp-json\/wp\/v2\/media?parent=94164"}],"wp:term":[{"taxonomy":"product_brand","embeddable":true,"href":"https:\/\/blankpage.ee\/_ruumist-ruumi\/wp-json\/wp\/v2\/product_brand?post=94164"},{"taxonomy":"product_cat","embeddable":true,"href":"https:\/\/blankpage.ee\/_ruumist-ruumi\/wp-json\/wp\/v2\/product_cat?post=94164"},{"taxonomy":"product_tag","embeddable":true,"href":"https:\/\/blankpage.ee\/_ruumist-ruumi\/wp-json\/wp\/v2\/product_tag?post=94164"}],"curies":[{"name":"wp","href":"https:\/\/api.w.org\/{rel}","templated":true}]}}