{"id":94181,"date":"2025-01-22T12:20:50","date_gmt":"2025-01-22T12:20:50","guid":{"rendered":"https:\/\/ruumistruumi.ee\/pood\/hele-puit-avola-av2421-60-kummut-ameerika-tamme-ja-kummipuidust-kasevineeriga\/"},"modified":"2025-04-10T11:59:12","modified_gmt":"2025-04-10T11:59:12","slug":"helepruun-avola-av2421-60-kummut-tammepuu-kasevineer","status":"publish","type":"product","link":"https:\/\/blankpage.ee\/_ruumist-ruumi\/pood\/helepruun-avola-av2421-60-kummut-tammepuu-kasevineer\/","title":{"rendered":"Helepruun Avola AV2421-60 kummut, tammepuu, kasevineer"},"content":{"rendered":"<p>Avola AV2421-60 kummut elutuppa. See kaasaegne kummut on valmistatud naturaalsest heledast puidust ja sellel on neli ust, mis avanevad mugava push-to-open s\u00fcsteemiga. Lihtsat vormi rikastavad esipaneelil olevad sooned ja n\u00e4htav puidu struktuur, mis lisavad elegantsust igasse elutuppa.<\/p>\n<p>Avola AV2421-60 kummut pakub praktilist hoiuruumi, s\u00e4ilitades samal ajal stiilse v\u00e4limuse. Kummutil on kaks riiulit, mis v\u00f5imaldavad mugavalt paigutada erinevaid esemeid, hoides elutoa korras ja organiseerituna. Kummuti konstruktsioon on valmistatud Ameerika tamme- ja kummipuust, mis on kaetud kasevineeriga, tagades vastupidavuse ja pikaealisuse.<\/p>\n<p>Omadused:<br \/>\n<strong>Materjal:<\/strong> Ameerika tamme- ja kummipuu, kasevineer.<br \/>\n<strong>V\u00e4rv:<\/strong> Naturaalne hele puit.<br \/>\n<strong>M\u00f5\u00f5tmed:<\/strong> Laius 152,5 cm, s\u00fcgavus 46 cm, k\u00f5rgus 81,5 cm.<br \/>\n<strong>T\u00e4iendavad detailid:<\/strong> Neli ust, kaks riiulit, push-to-open s\u00fcsteem, sooneline puit.<br \/>\n<strong>Kokkupanek:<\/strong> Kokkupandud, ei vaja paigaldust. S\u00e4\u00e4stab aega ja vaeva.<\/p>\n<p>&nbsp;<\/p>\n","protected":false},"excerpt":{"rendered":"<p>Avola AV2421-60 kummut elutuppa. See kaasaegne kummut on valmistatud naturaalsest heledast puidust ja sellel on neli ust, mis avanevad mugava push-to-open s\u00fcsteemiga. Lihtsat vormi rikastavad esipaneelil olevad sooned ja n\u00e4htav puidu struktuur, mis lisavad elegantsust igasse elutuppa. Avola AV2421-60 kummut pakub praktilist hoiuruumi, s\u00e4ilitades samal ajal stiilse v\u00e4limuse. Kummutil on kaks riiulit, mis v\u00f5imaldavad mugavalt [&hellip;]<\/p>\n","protected":false},"featured_media":94182,"comment_status":"open","ping_status":"closed","template":"","meta":[],"product_brand":[],"product_cat":[81],"product_tag":[],"class_list":{"0":"post-94181","1":"product","2":"type-product","3":"status-publish","4":"has-post-thumbnail","6":"product_cat-kapid-riiulid-ja-kummutid","7":"product_shipping_class-livin-hill","8":"pa_kaepidemed-lukka-avamiseks","9":"pa_kollektsioon-avola","10":"pa_materjal-tammepuit","11":"pa_riiulite-arv-76","12":"pa_uste-arv-75","13":"pa_varv-helepruun","15":"first","16":"instock","17":"taxable","18":"shipping-taxable","19":"purchasable","20":"product-type-simple"},"_links":{"self":[{"href":"https:\/\/blankpage.ee\/_ruumist-ruumi\/wp-json\/wp\/v2\/product\/94181","targetHints":{"allow":["GET"]}}],"collection":[{"href":"https:\/\/blankpage.ee\/_ruumist-ruumi\/wp-json\/wp\/v2\/product"}],"about":[{"href":"https:\/\/blankpage.ee\/_ruumist-ruumi\/wp-json\/wp\/v2\/types\/product"}],"replies":[{"embeddable":true,"href":"https:\/\/blankpage.ee\/_ruumist-ruumi\/wp-json\/wp\/v2\/comments?post=94181"}],"wp:featuredmedia":[{"embeddable":true,"href":"https:\/\/blankpage.ee\/_ruumist-ruumi\/wp-json\/wp\/v2\/media\/94182"}],"wp:attachment":[{"href":"https:\/\/blankpage.ee\/_ruumist-ruumi\/wp-json\/wp\/v2\/media?parent=94181"}],"wp:term":[{"taxonomy":"product_brand","embeddable":true,"href":"https:\/\/blankpage.ee\/_ruumist-ruumi\/wp-json\/wp\/v2\/product_brand?post=94181"},{"taxonomy":"product_cat","embeddable":true,"href":"https:\/\/blankpage.ee\/_ruumist-ruumi\/wp-json\/wp\/v2\/product_cat?post=94181"},{"taxonomy":"product_tag","embeddable":true,"href":"https:\/\/blankpage.ee\/_ruumist-ruumi\/wp-json\/wp\/v2\/product_tag?post=94181"}],"curies":[{"name":"wp","href":"https:\/\/api.w.org\/{rel}","templated":true}]}}