{"id":94190,"date":"2025-01-22T12:20:50","date_gmt":"2025-01-22T12:20:50","guid":{"rendered":"https:\/\/ruumistruumi.ee\/pood\/hele-naturaalne-konsoollaud-avola-av2430-4-akaatsiapuidust\/"},"modified":"2025-04-10T11:59:12","modified_gmt":"2025-04-10T11:59:12","slug":"hele-naturaalne-konsoollaud-avola-av2430-4-akaatsiapuidust","status":"publish","type":"product","link":"https:\/\/blankpage.ee\/_ruumist-ruumi\/pood\/hele-naturaalne-konsoollaud-avola-av2430-4-akaatsiapuidust\/","title":{"rendered":"Hele naturaalne konsoollaud Avola AV2430-4, akaatsiapuidust"},"content":{"rendered":"<p>Avola AV2430-4 konsoollaud esikusse. See elegantne konsoollaud on loodud Japandi stiilis ja on valmistatud t\u00e4ielikult akaatsiapuidust. Laua kuubikukujuline disain koos \u00f5rna kaarekujulise v\u00e4ljal\u00f5ike ja n\u00e4htava puidustruktuuriga pakub huvitavat lahendust esikusse, magamistuppa v\u00f5i elutuppa.<\/p>\n<p>Avola konsoollaud \u00fchendab esteetika ja praktilisuse, pakkudes piisavalt ruumi v\u00f5tmete, postide v\u00f5i dekoratiivsete esemete hoidmiseks. Akaatsiapuidu loomulik hele toon lisab soojust ja elegantsi igasse ruumi, samas kui n\u00e4htav puidustruktuur r\u00f5hutab selle unikaalsust ja k\u00e4sit\u00f6\u00f6lise kvaliteeti.<\/p>\n<p>Omadused:<br \/>\n<strong>Materjal:<\/strong> Akaatsiapuit<br \/>\n<strong>V\u00e4rv:<\/strong> Naturaalne hele puit<br \/>\n<strong>M\u00f5\u00f5tmed:<\/strong> Laius 122 cm, s\u00fcgavus 35,5 cm, k\u00f5rgus 76 cm<br \/>\n<strong>T\u00e4iendavad detailid:<\/strong> N\u00e4htav puidustruktuur<br \/>\n<strong>Kokkupanek:<\/strong> Kokkupandud, ei vaja paigaldust. S\u00e4\u00e4stab aega ja vaeva.<\/p>\n<p>&nbsp;<\/p>\n","protected":false},"excerpt":{"rendered":"<p>Avola AV2430-4 konsoollaud esikusse. See elegantne konsoollaud on loodud Japandi stiilis ja on valmistatud t\u00e4ielikult akaatsiapuidust. Laua kuubikukujuline disain koos \u00f5rna kaarekujulise v\u00e4ljal\u00f5ike ja n\u00e4htava puidustruktuuriga pakub huvitavat lahendust esikusse, magamistuppa v\u00f5i elutuppa. Avola konsoollaud \u00fchendab esteetika ja praktilisuse, pakkudes piisavalt ruumi v\u00f5tmete, postide v\u00f5i dekoratiivsete esemete hoidmiseks. Akaatsiapuidu loomulik hele toon lisab soojust ja [&hellip;]<\/p>\n","protected":false},"featured_media":94197,"comment_status":"open","ping_status":"closed","template":"","meta":[],"product_brand":[],"product_cat":[83],"product_tag":[],"class_list":{"0":"post-94190","1":"product","2":"type-product","3":"status-publish","4":"has-post-thumbnail","6":"product_cat-konsoollauad","7":"product_shipping_class-livin-hill","8":"pa_kollektsioon-avola","9":"pa_materjal-akaatsiapuit","10":"pa_varv-naturaalne","12":"first","13":"instock","14":"taxable","15":"shipping-taxable","16":"purchasable","17":"product-type-simple"},"_links":{"self":[{"href":"https:\/\/blankpage.ee\/_ruumist-ruumi\/wp-json\/wp\/v2\/product\/94190","targetHints":{"allow":["GET"]}}],"collection":[{"href":"https:\/\/blankpage.ee\/_ruumist-ruumi\/wp-json\/wp\/v2\/product"}],"about":[{"href":"https:\/\/blankpage.ee\/_ruumist-ruumi\/wp-json\/wp\/v2\/types\/product"}],"replies":[{"embeddable":true,"href":"https:\/\/blankpage.ee\/_ruumist-ruumi\/wp-json\/wp\/v2\/comments?post=94190"}],"wp:featuredmedia":[{"embeddable":true,"href":"https:\/\/blankpage.ee\/_ruumist-ruumi\/wp-json\/wp\/v2\/media\/94197"}],"wp:attachment":[{"href":"https:\/\/blankpage.ee\/_ruumist-ruumi\/wp-json\/wp\/v2\/media?parent=94190"}],"wp:term":[{"taxonomy":"product_brand","embeddable":true,"href":"https:\/\/blankpage.ee\/_ruumist-ruumi\/wp-json\/wp\/v2\/product_brand?post=94190"},{"taxonomy":"product_cat","embeddable":true,"href":"https:\/\/blankpage.ee\/_ruumist-ruumi\/wp-json\/wp\/v2\/product_cat?post=94190"},{"taxonomy":"product_tag","embeddable":true,"href":"https:\/\/blankpage.ee\/_ruumist-ruumi\/wp-json\/wp\/v2\/product_tag?post=94190"}],"curies":[{"name":"wp","href":"https:\/\/api.w.org\/{rel}","templated":true}]}}