{"id":9423,"date":"2024-11-02T16:39:04","date_gmt":"2024-11-02T16:39:04","guid":{"rendered":"https:\/\/ruumistruumi.ee\/pood\/valge-ecru-kummut-stilig-st200-mdf\/"},"modified":"2025-04-10T11:58:49","modified_gmt":"2025-04-10T11:58:49","slug":"valge-kummut-stilig-st200-merekarp-mdf","status":"publish","type":"product","link":"https:\/\/blankpage.ee\/_ruumist-ruumi\/pood\/valge-kummut-stilig-st200-merekarp-mdf\/","title":{"rendered":"Valge kummut Stilig ST200, merekarp, MDF"},"content":{"rendered":"<p>Stilig ST200 kummut elutuppa. See elegantne kummut on osa Stilig kollektsioonist ning lisab teie elutuppa unikaalse ja stiilse elemendi. Kummuti esik\u00fclg on kaetud naturaalse merekarbiga, mis meenutab kalasoomuseid, luues visuaalselt p\u00f5neva efekti. Ukse kuldsed triibud ja massiivsed teemantkujulised k\u00e4epidemed t\u00e4iendavad kogu disaini, lisades sellele luksuslikku h\u00f5ngu. Kuldse aktsendiga valged jalad annavad kummutile kaasaegse ja rafineeritud ilme.<\/p>\n<p>Stilig ST200 kummutil on neli ust ja kaks reguleeritavat riiulit, mis pakuvad piisavalt hoiuruumi teie esemetele. Pehme sulgumismehhanism tagab, et uksed sulguvad vaikselt ja sujuvalt. Kummuti jalad on varustatud reguleeritavate liuguritega, mis v\u00f5imaldavad m\u00f6\u00f6blit h\u00f5lpsasti kohandada vastavalt teie p\u00f5randapinnale. Osaliselt kokku pandud, s\u00e4\u00e4stab see kummuti paigaldamisel aega ja vaeva.<\/p>\n<p>Omadused:<br \/>\n<strong>Materjal:<\/strong> MDF, naturaalne merekarp, roostevaba teras, akr\u00fc\u00fcljalad.<br \/>\n<strong>V\u00e4rv:<\/strong> Valge ecru, \u0161ampanja h\u00f5be, kuldsed jalad ja aktsendid, pealmine\/\u00e4\u00e4risv\u00e4rv: Valge ecru.<br \/>\n<strong>M\u00f5\u00f5tmed:<\/strong> Laius 162,5 cm, s\u00fcgavus 48 cm, k\u00f5rgus 82 cm.<br \/>\n<strong>T\u00e4iendavad detailid:<\/strong> Autentne hoolikalt paigaldatud merekarp; reguleeritav sisemine riiul; reguleeritavad liugurid jalgadel; pehme sulgumine.<br \/>\n<strong>Kokkupanek:<\/strong> Osaliselt kokku pandud, s\u00e4\u00e4stab aega ja vaeva.<\/p>\n<p>&nbsp;<\/p>\n","protected":false},"excerpt":{"rendered":"<p>Stilig ST200 kummut elutuppa. See elegantne kummut on osa Stilig kollektsioonist ning lisab teie elutuppa unikaalse ja stiilse elemendi. Kummuti esik\u00fclg on kaetud naturaalse merekarbiga, mis meenutab kalasoomuseid, luues visuaalselt p\u00f5neva efekti. Ukse kuldsed triibud ja massiivsed teemantkujulised k\u00e4epidemed t\u00e4iendavad kogu disaini, lisades sellele luksuslikku h\u00f5ngu. Kuldse aktsendiga valged jalad annavad kummutile kaasaegse ja rafineeritud [&hellip;]<\/p>\n","protected":false},"featured_media":9424,"comment_status":"open","ping_status":"closed","template":"","meta":[],"product_brand":[],"product_cat":[81],"product_tag":[],"class_list":{"0":"post-9423","1":"product","2":"type-product","3":"status-publish","4":"has-post-thumbnail","6":"product_cat-kapid-riiulid-ja-kummutid","7":"product_shipping_class-livin-hill","8":"pa_kaepidemed-metall","9":"pa_kollektsioon-stilig","10":"pa_materjal-mdf","11":"pa_riiulite-arv-76","12":"pa_uste-arv-75","13":"pa_varv-valge","15":"first","16":"instock","17":"sale","18":"taxable","19":"shipping-taxable","20":"purchasable","21":"product-type-simple"},"_links":{"self":[{"href":"https:\/\/blankpage.ee\/_ruumist-ruumi\/wp-json\/wp\/v2\/product\/9423","targetHints":{"allow":["GET"]}}],"collection":[{"href":"https:\/\/blankpage.ee\/_ruumist-ruumi\/wp-json\/wp\/v2\/product"}],"about":[{"href":"https:\/\/blankpage.ee\/_ruumist-ruumi\/wp-json\/wp\/v2\/types\/product"}],"replies":[{"embeddable":true,"href":"https:\/\/blankpage.ee\/_ruumist-ruumi\/wp-json\/wp\/v2\/comments?post=9423"}],"wp:featuredmedia":[{"embeddable":true,"href":"https:\/\/blankpage.ee\/_ruumist-ruumi\/wp-json\/wp\/v2\/media\/9424"}],"wp:attachment":[{"href":"https:\/\/blankpage.ee\/_ruumist-ruumi\/wp-json\/wp\/v2\/media?parent=9423"}],"wp:term":[{"taxonomy":"product_brand","embeddable":true,"href":"https:\/\/blankpage.ee\/_ruumist-ruumi\/wp-json\/wp\/v2\/product_brand?post=9423"},{"taxonomy":"product_cat","embeddable":true,"href":"https:\/\/blankpage.ee\/_ruumist-ruumi\/wp-json\/wp\/v2\/product_cat?post=9423"},{"taxonomy":"product_tag","embeddable":true,"href":"https:\/\/blankpage.ee\/_ruumist-ruumi\/wp-json\/wp\/v2\/product_tag?post=9423"}],"curies":[{"name":"wp","href":"https:\/\/api.w.org\/{rel}","templated":true}]}}