{"id":94235,"date":"2025-01-22T12:25:04","date_gmt":"2025-01-22T12:25:04","guid":{"rendered":"https:\/\/ruumistruumi.ee\/pood\/kuldne-avola-av2250-54-kummut-akaatsiapuidust\/"},"modified":"2025-04-10T11:59:12","modified_gmt":"2025-04-10T11:59:12","slug":"kuldne-avola-av2250-54-kummut-akaatsiapuidust","status":"publish","type":"product","link":"https:\/\/blankpage.ee\/_ruumist-ruumi\/pood\/kuldne-avola-av2250-54-kummut-akaatsiapuidust\/","title":{"rendered":"Kuldne Avola AV2250-54 kummut, akaatsiapuidust"},"content":{"rendered":"<p>Avola AV2250-54 kummut elutuppa. See elegantne kuldne kummut, millel on peegeldustega uksed ja dekoratiivsed liistud, lisab teie elutuppa rafineeritud stiili. Valmistatud akaatsiapuidust ja MDF-ist, on sellel m\u00f6\u00f6bliesemel sile ja kvaliteetne viimistlus, mis r\u00f5hutab selle luksuslikku v\u00e4limust.<\/p>\n<p>Kummutil on kolm ust ja kaks reguleeritavat riiulit, pakkudes piisavalt ruumi teie esemete hoidmiseks. Peegeluksed ja dekoratiivsed liistud annavad sellele ainulaadse ja pilkup\u00fc\u00fcdva v\u00e4limuse. Metallist k\u00e4epidemed lisavad elegantsi ja praktilisust.<\/p>\n<p>Omadused:<br \/>\n<strong>Materjal:<\/strong> Akaatsiapuit ja MDF.<br \/>\n<strong>V\u00e4rv:<\/strong> Kuldne h\u00f5bedapruunide kulumistega.<br \/>\n<strong>M\u00f5\u00f5tmed:<\/strong> Laius 137 cm, s\u00fcgavus 48,5 cm, k\u00f5rgus 81,5 cm.<br \/>\n<strong>T\u00e4iendavad detailid:<\/strong> Reguleeritav sisemine riiul; peegeluksed; dekoratiivsed liistud.<br \/>\n<strong>Kokkupanek:<\/strong> T\u00e4ielikult kokkupandud, ei vaja paigaldust. S\u00e4\u00e4stab aega ja vaeva.<\/p>\n<p>&nbsp;<\/p>\n","protected":false},"excerpt":{"rendered":"<p>Avola AV2250-54 kummut elutuppa. See elegantne kuldne kummut, millel on peegeldustega uksed ja dekoratiivsed liistud, lisab teie elutuppa rafineeritud stiili. Valmistatud akaatsiapuidust ja MDF-ist, on sellel m\u00f6\u00f6bliesemel sile ja kvaliteetne viimistlus, mis r\u00f5hutab selle luksuslikku v\u00e4limust. Kummutil on kolm ust ja kaks reguleeritavat riiulit, pakkudes piisavalt ruumi teie esemete hoidmiseks. Peegeluksed ja dekoratiivsed liistud annavad [&hellip;]<\/p>\n","protected":false},"featured_media":94236,"comment_status":"open","ping_status":"open","template":"","meta":[],"product_brand":[],"product_cat":[81],"product_tag":[],"class_list":{"0":"post-94235","1":"product","2":"type-product","3":"status-publish","4":"has-post-thumbnail","6":"product_cat-kapid-riiulid-ja-kummutid","7":"product_shipping_class-livin-hill","8":"pa_kaepidemed-metall","9":"pa_kollektsioon-avola","10":"pa_materjal-akaatsiapuit","11":"pa_riiulite-arv-76","12":"pa_uste-arv-84","13":"pa_varv-kuldne","15":"first","16":"instock","17":"taxable","18":"shipping-taxable","19":"purchasable","20":"product-type-simple"},"_links":{"self":[{"href":"https:\/\/blankpage.ee\/_ruumist-ruumi\/wp-json\/wp\/v2\/product\/94235","targetHints":{"allow":["GET"]}}],"collection":[{"href":"https:\/\/blankpage.ee\/_ruumist-ruumi\/wp-json\/wp\/v2\/product"}],"about":[{"href":"https:\/\/blankpage.ee\/_ruumist-ruumi\/wp-json\/wp\/v2\/types\/product"}],"replies":[{"embeddable":true,"href":"https:\/\/blankpage.ee\/_ruumist-ruumi\/wp-json\/wp\/v2\/comments?post=94235"}],"wp:featuredmedia":[{"embeddable":true,"href":"https:\/\/blankpage.ee\/_ruumist-ruumi\/wp-json\/wp\/v2\/media\/94236"}],"wp:attachment":[{"href":"https:\/\/blankpage.ee\/_ruumist-ruumi\/wp-json\/wp\/v2\/media?parent=94235"}],"wp:term":[{"taxonomy":"product_brand","embeddable":true,"href":"https:\/\/blankpage.ee\/_ruumist-ruumi\/wp-json\/wp\/v2\/product_brand?post=94235"},{"taxonomy":"product_cat","embeddable":true,"href":"https:\/\/blankpage.ee\/_ruumist-ruumi\/wp-json\/wp\/v2\/product_cat?post=94235"},{"taxonomy":"product_tag","embeddable":true,"href":"https:\/\/blankpage.ee\/_ruumist-ruumi\/wp-json\/wp\/v2\/product_tag?post=94235"}],"curies":[{"name":"wp","href":"https:\/\/api.w.org\/{rel}","templated":true}]}}