{"id":9435,"date":"2024-12-05T12:35:53","date_gmt":"2024-12-05T12:35:53","guid":{"rendered":"https:\/\/ruumistruumi.ee\/pood\/tumesinine-tv-alus-stilig-st316-roostevabast-terasest\/"},"modified":"2025-04-10T11:58:52","modified_gmt":"2025-04-10T11:58:52","slug":"tumesinine-tv-alus-stilig-st316-roostevabast-terasest","status":"publish","type":"product","link":"https:\/\/blankpage.ee\/_ruumist-ruumi\/pood\/tumesinine-tv-alus-stilig-st316-roostevabast-terasest\/","title":{"rendered":"Tumesinine TV-alus Stilig ST316, roostevabast terasest"},"content":{"rendered":"<p>Stilig ST316 TV-kapp elutuppa. See stiilne tumesinine TV-kapp on elegantne lisa igasse elutuppa. Kapi esik\u00fclge kaunistab kuldne, kumer muster, mis on kujundatud \u00f5rnade joontega, ning kuldsed jalad lisavad sellele luksuslikku ilmet. Kapi sujuv ja \u00fchtlane korpus loob t\u00e4iusliku kontrasti kaunistatud esik\u00fcljega.<\/p>\n<p>Kapi funktsionaalsus ei j\u00e4\u00e4 selle v\u00e4limusele alla. Nelja ukse ja kahe riiuliga Stilig ST316 pakub k\u00fcllaldaselt ruumi teie meelelahutuss\u00fcsteemi hoidmiseks. Kapi sisemine riiul on reguleeritav, v\u00f5imaldades teil kohandada ruumi vastavalt vajadusele. Push to open k\u00e4epidemed muudavad uste avamise lihtsaks ja mugavaks, samal ajal kui reguleeritavad jalad tagavad stabiilsuse ka ebatasasel pinnal.<\/p>\n<p>Omadused:<br \/>\n<strong>Materjal:<\/strong> Roostevaba teras, MDF tammepuidust spooniga.<br \/>\n<strong>V\u00e4rv:<\/strong> Tumesinine korpus koos kuldsete jalgade ja aktsentidega.<br \/>\n<strong>M\u00f5\u00f5tmed:<\/strong> Laius 200 cm, s\u00fcgavus 40 cm, k\u00f5rgus 72 cm.<br \/>\n<strong>T\u00e4iendavad detailid:<\/strong> Reguleeritav sisemine riiul, reljeefne kuldmuster, push to open k\u00e4epidemed.<br \/>\n<strong>Kokkupanek:<\/strong> Kokkupandud, ei vaja paigaldust. S\u00e4\u00e4stab aega ja vaeva.<\/p>\n<p>&nbsp;<\/p>\n","protected":false},"excerpt":{"rendered":"<p>Stilig ST316 TV-kapp elutuppa. See stiilne tumesinine TV-kapp on elegantne lisa igasse elutuppa. Kapi esik\u00fclge kaunistab kuldne, kumer muster, mis on kujundatud \u00f5rnade joontega, ning kuldsed jalad lisavad sellele luksuslikku ilmet. Kapi sujuv ja \u00fchtlane korpus loob t\u00e4iusliku kontrasti kaunistatud esik\u00fcljega. Kapi funktsionaalsus ei j\u00e4\u00e4 selle v\u00e4limusele alla. Nelja ukse ja kahe riiuliga Stilig ST316 [&hellip;]<\/p>\n","protected":false},"featured_media":9436,"comment_status":"open","ping_status":"closed","template":"","meta":[],"product_brand":[],"product_cat":[85],"product_tag":[],"class_list":{"0":"post-9435","1":"product","2":"type-product","3":"status-publish","4":"has-post-thumbnail","6":"product_cat-tv-alused","7":"product_shipping_class-livin-hill","8":"pa_kaepidemed-suruge-et-avada","9":"pa_kollektsioon-stilig","10":"pa_materjal-roostevaba-teras","11":"pa_riiulite-arv-76","12":"pa_uste-arv-75","13":"pa_varv-tumesinine","15":"first","16":"instock","17":"sale","18":"taxable","19":"shipping-taxable","20":"purchasable","21":"product-type-simple"},"_links":{"self":[{"href":"https:\/\/blankpage.ee\/_ruumist-ruumi\/wp-json\/wp\/v2\/product\/9435","targetHints":{"allow":["GET"]}}],"collection":[{"href":"https:\/\/blankpage.ee\/_ruumist-ruumi\/wp-json\/wp\/v2\/product"}],"about":[{"href":"https:\/\/blankpage.ee\/_ruumist-ruumi\/wp-json\/wp\/v2\/types\/product"}],"replies":[{"embeddable":true,"href":"https:\/\/blankpage.ee\/_ruumist-ruumi\/wp-json\/wp\/v2\/comments?post=9435"}],"wp:featuredmedia":[{"embeddable":true,"href":"https:\/\/blankpage.ee\/_ruumist-ruumi\/wp-json\/wp\/v2\/media\/9436"}],"wp:attachment":[{"href":"https:\/\/blankpage.ee\/_ruumist-ruumi\/wp-json\/wp\/v2\/media?parent=9435"}],"wp:term":[{"taxonomy":"product_brand","embeddable":true,"href":"https:\/\/blankpage.ee\/_ruumist-ruumi\/wp-json\/wp\/v2\/product_brand?post=9435"},{"taxonomy":"product_cat","embeddable":true,"href":"https:\/\/blankpage.ee\/_ruumist-ruumi\/wp-json\/wp\/v2\/product_cat?post=9435"},{"taxonomy":"product_tag","embeddable":true,"href":"https:\/\/blankpage.ee\/_ruumist-ruumi\/wp-json\/wp\/v2\/product_tag?post=9435"}],"curies":[{"name":"wp","href":"https:\/\/api.w.org\/{rel}","templated":true}]}}