{"id":9438,"date":"2024-12-05T20:05:31","date_gmt":"2024-12-05T20:05:31","guid":{"rendered":"https:\/\/ruumistruumi.ee\/pood\/muntroheline-kummut-stilig-st09-mdf-st-ja-roostevabast-terasest\/"},"modified":"2025-04-10T11:58:52","modified_gmt":"2025-04-10T11:58:52","slug":"roheline-kummut-stilig-st09-mdf","status":"publish","type":"product","link":"https:\/\/blankpage.ee\/_ruumist-ruumi\/pood\/roheline-kummut-stilig-st09-mdf\/","title":{"rendered":"Roheline kummut Stilig ST09, MDF"},"content":{"rendered":"<p>Stilig ST09 kummut elutuppa. See ainulaadne pudelroheline kummut on kaunistatud reljeefse rombimustriga ning kuldsete liistudega, mis \u00fcmbritsevad uksi. Kuldsete sirgete jalgade ja dekoratiivsete k\u00e4epidemetega, mis on \u00fcmmarguse koputi kujul, lisab see kummut teie elutuppa elegantset ja kaasaegset stiili.<\/p>\n<p>Kummuti neli ust ja kaks reguleeritavat riiulit pakuvad k\u00fcllaldaselt hoiuruumi, et hoida teie elutuba korras ja organiseerituna. Pehme sulgumise mehhanism tagab, et uksed sulguvad vaikselt, lisades teie kodu atmosf\u00e4\u00e4rile rahulikkust. Reguleeritavad jalad v\u00f5imaldavad kummutit stabiilselt paigutada ka ebatasasel pinnal.<\/p>\n<p>Omadused:<br \/>\n<strong>Materjal:<\/strong> MDF ja roostevaba teras.<br \/>\n<strong>V\u00e4rv:<\/strong> Pudelroheline koos kuldsete aktsentide ja jalgadega.<br \/>\n<strong>M\u00f5\u00f5tmed:<\/strong> Laius 180 cm, s\u00fcgavus 40 cm, k\u00f5rgus 86 cm.<br \/>\n<strong>T\u00e4iendavad detailid:<\/strong> Reguleeritav sisemine riiul, reguleeritavad jalad, pehme sulgumise mehhanism, reljeefne kuldmuster.<br \/>\n<strong>Kokkupanek:<\/strong> Kokkupandud, ei vaja paigaldust. S\u00e4\u00e4stab aega ja vaeva.<\/p>\n<p>&nbsp;<\/p>\n","protected":false},"excerpt":{"rendered":"<p>Stilig ST09 kummut elutuppa. See ainulaadne pudelroheline kummut on kaunistatud reljeefse rombimustriga ning kuldsete liistudega, mis \u00fcmbritsevad uksi. Kuldsete sirgete jalgade ja dekoratiivsete k\u00e4epidemetega, mis on \u00fcmmarguse koputi kujul, lisab see kummut teie elutuppa elegantset ja kaasaegset stiili. Kummuti neli ust ja kaks reguleeritavat riiulit pakuvad k\u00fcllaldaselt hoiuruumi, et hoida teie elutuba korras ja organiseerituna. [&hellip;]<\/p>\n","protected":false},"featured_media":9439,"comment_status":"open","ping_status":"closed","template":"","meta":[],"product_brand":[],"product_cat":[81],"product_tag":[],"class_list":{"0":"post-9438","1":"product","2":"type-product","3":"status-publish","4":"has-post-thumbnail","6":"product_cat-kapid-riiulid-ja-kummutid","7":"product_shipping_class-livin-hill","8":"pa_kaepidemed-metall","9":"pa_kollektsioon-stilig","10":"pa_materjal-mdf-roostevaba-teras","11":"pa_riiulite-arv-76","12":"pa_uste-arv-75","13":"pa_varv-roheline","15":"first","16":"instock","17":"sale","18":"taxable","19":"shipping-taxable","20":"purchasable","21":"product-type-simple"},"_links":{"self":[{"href":"https:\/\/blankpage.ee\/_ruumist-ruumi\/wp-json\/wp\/v2\/product\/9438","targetHints":{"allow":["GET"]}}],"collection":[{"href":"https:\/\/blankpage.ee\/_ruumist-ruumi\/wp-json\/wp\/v2\/product"}],"about":[{"href":"https:\/\/blankpage.ee\/_ruumist-ruumi\/wp-json\/wp\/v2\/types\/product"}],"replies":[{"embeddable":true,"href":"https:\/\/blankpage.ee\/_ruumist-ruumi\/wp-json\/wp\/v2\/comments?post=9438"}],"wp:featuredmedia":[{"embeddable":true,"href":"https:\/\/blankpage.ee\/_ruumist-ruumi\/wp-json\/wp\/v2\/media\/9439"}],"wp:attachment":[{"href":"https:\/\/blankpage.ee\/_ruumist-ruumi\/wp-json\/wp\/v2\/media?parent=9438"}],"wp:term":[{"taxonomy":"product_brand","embeddable":true,"href":"https:\/\/blankpage.ee\/_ruumist-ruumi\/wp-json\/wp\/v2\/product_brand?post=9438"},{"taxonomy":"product_cat","embeddable":true,"href":"https:\/\/blankpage.ee\/_ruumist-ruumi\/wp-json\/wp\/v2\/product_cat?post=9438"},{"taxonomy":"product_tag","embeddable":true,"href":"https:\/\/blankpage.ee\/_ruumist-ruumi\/wp-json\/wp\/v2\/product_tag?post=9438"}],"curies":[{"name":"wp","href":"https:\/\/api.w.org\/{rel}","templated":true}]}}