{"id":9453,"date":"2024-11-02T16:43:48","date_gmt":"2024-11-02T16:43:48","guid":{"rendered":"https:\/\/ruumistruumi.ee\/pood\/beez-tv-alus-stilig-st101a-mdf-ja-roostevabast-terasest\/"},"modified":"2025-04-10T11:58:53","modified_gmt":"2025-04-10T11:58:53","slug":"beez-tv-alus-stilig-st101a-mdf-ja-roostevabast-terasest","status":"publish","type":"product","link":"https:\/\/blankpage.ee\/_ruumist-ruumi\/pood\/beez-tv-alus-stilig-st101a-mdf-ja-roostevabast-terasest\/","title":{"rendered":"Bee\u017e TV-alus Stilig ST101A, MDF ja roostevabast terasest"},"content":{"rendered":"<p>Stilig ST101A TV-alus elutuppa. See elegantne, kreemikas TV-alus kuldsete aktsentide ja jalgadega lisab teie elutuppa rafineeritud stiili. Kapi lihtne vorm on rikastatud sujuvate esipaneelidega, mis on kombineeritud as\u00fcmmeetriliste vertikaalsete ja horisontaalsete soontega.<\/p>\n<p>Omadused:<br \/>\n<strong>Materjal:<\/strong> MDF ja roostevaba teras.<br \/>\n<strong>V\u00e4rv:<\/strong> Kreemikas toon kuldsete jalgade ja aktsentidega, valge pealispind ja viimistlus.<br \/>\n<strong>M\u00f5\u00f5tmed:<\/strong> Laius 200 cm, s\u00fcgavus 40 cm, k\u00f5rgus 60 cm.<br \/>\n<strong>T\u00e4iendavad detailid:<\/strong> 4 ust, 2 riiulit, reguleeritav sisemine riiul, jalgade reguleeritavad liugurid, pehme sulgemise funktsioon.<br \/>\n<strong>Kokkupanek:<\/strong> Kokkupandud, ei vaja paigaldust. S\u00e4\u00e4stab aega ja vaeva.<\/p>\n<p>Stilig kollektsiooni kuuluv TV-alus on ideaalne valik neile, kes hindavad kaasaegset disaini ja praktilisust.<\/p>\n<p>&nbsp;<\/p>\n","protected":false},"excerpt":{"rendered":"<p>Stilig ST101A TV-alus elutuppa. See elegantne, kreemikas TV-alus kuldsete aktsentide ja jalgadega lisab teie elutuppa rafineeritud stiili. Kapi lihtne vorm on rikastatud sujuvate esipaneelidega, mis on kombineeritud as\u00fcmmeetriliste vertikaalsete ja horisontaalsete soontega. Omadused: Materjal: MDF ja roostevaba teras. V\u00e4rv: Kreemikas toon kuldsete jalgade ja aktsentidega, valge pealispind ja viimistlus. M\u00f5\u00f5tmed: Laius 200 cm, s\u00fcgavus 40 [&hellip;]<\/p>\n","protected":false},"featured_media":9454,"comment_status":"open","ping_status":"closed","template":"","meta":[],"product_brand":[],"product_cat":[85],"product_tag":[],"class_list":{"0":"post-9453","1":"product","2":"type-product","3":"status-publish","4":"has-post-thumbnail","6":"product_cat-tv-alused","7":"product_shipping_class-livin-hill","8":"pa_kaepidemed-metall","9":"pa_kollektsioon-stilig","10":"pa_materjal-puit","11":"pa_riiulite-arv-76","12":"pa_uste-arv-75","13":"pa_varv-beez","14":"pa_varv-kuldne","16":"first","17":"instock","18":"sale","19":"taxable","20":"shipping-taxable","21":"purchasable","22":"product-type-simple"},"_links":{"self":[{"href":"https:\/\/blankpage.ee\/_ruumist-ruumi\/wp-json\/wp\/v2\/product\/9453","targetHints":{"allow":["GET"]}}],"collection":[{"href":"https:\/\/blankpage.ee\/_ruumist-ruumi\/wp-json\/wp\/v2\/product"}],"about":[{"href":"https:\/\/blankpage.ee\/_ruumist-ruumi\/wp-json\/wp\/v2\/types\/product"}],"replies":[{"embeddable":true,"href":"https:\/\/blankpage.ee\/_ruumist-ruumi\/wp-json\/wp\/v2\/comments?post=9453"}],"wp:featuredmedia":[{"embeddable":true,"href":"https:\/\/blankpage.ee\/_ruumist-ruumi\/wp-json\/wp\/v2\/media\/9454"}],"wp:attachment":[{"href":"https:\/\/blankpage.ee\/_ruumist-ruumi\/wp-json\/wp\/v2\/media?parent=9453"}],"wp:term":[{"taxonomy":"product_brand","embeddable":true,"href":"https:\/\/blankpage.ee\/_ruumist-ruumi\/wp-json\/wp\/v2\/product_brand?post=9453"},{"taxonomy":"product_cat","embeddable":true,"href":"https:\/\/blankpage.ee\/_ruumist-ruumi\/wp-json\/wp\/v2\/product_cat?post=9453"},{"taxonomy":"product_tag","embeddable":true,"href":"https:\/\/blankpage.ee\/_ruumist-ruumi\/wp-json\/wp\/v2\/product_tag?post=9453"}],"curies":[{"name":"wp","href":"https:\/\/api.w.org\/{rel}","templated":true}]}}