{"id":9456,"date":"2024-11-02T16:44:22","date_gmt":"2024-11-02T16:44:22","guid":{"rendered":"https:\/\/ruumistruumi.ee\/pood\/beez-kummut-stilig-st102a-mdf-st-ja-roostevabast-terasest\/"},"modified":"2025-04-10T11:58:53","modified_gmt":"2025-04-10T11:58:53","slug":"beez-kummut-stilig-st102a-mdf-st-ja-roostevabast-terasest","status":"publish","type":"product","link":"https:\/\/blankpage.ee\/_ruumist-ruumi\/pood\/beez-kummut-stilig-st102a-mdf-st-ja-roostevabast-terasest\/","title":{"rendered":"Bee\u017e Stilig ST102A kummut, MDF"},"content":{"rendered":"<p>Stilig ST102A kummut elutuppa. See stiilne helevalge kummut kuldsete aktsentide ja jalgadega lisab igale elutoale elegantsi ja kaasaegsust. Korpuse lihtsat vormi rikastavad siledad esipaneelid, mida t\u00e4iendavad vertikaalsed ja horisontaalsed as\u00fcmmeetrilised sooned.<\/p>\n<p>Kummuti kaks ust ja \u00fcks reguleeritav riiul pakuvad praktilist hoiuruumi, samas kui pehmete sulgemismehhanismidega uksed tagavad vaikse ja sujuva kasutamise. Metallist k\u00e4epidemed ja reguleeritavad jalad lisavad nii funktsionaalsust kui ka stiili. Kummuti k\u00f5rgus on 86 cm, laius 160 cm ja s\u00fcgavus 40 cm, mis teeb sellest ideaalse m\u00f6\u00f6blieseme igasse elutuppa.<\/p>\n<p>Omadused:<br \/>\n<strong>Materjal:<\/strong> MDF ja roostevaba teras.<br \/>\n<strong>V\u00e4rv:<\/strong> Helevalge korpus, kuldsed jalad ja aktsendid, valge pealisplaat.<br \/>\n<strong>M\u00f5\u00f5tmed:<\/strong> Laius 160 cm, s\u00fcgavus 40 cm, k\u00f5rgus 86 cm.<br \/>\n<strong>T\u00e4iendavad detailid:<\/strong> Soonitud puit, reguleeritav sisemine riiul, reguleeritavad jalad, pehme sulgemise mehhanism.<br \/>\n<strong>Kokkupanek:<\/strong> Kokkupandud, ei vaja paigaldust. S\u00e4\u00e4stab aega ja vaeva.<\/p>\n<p>&nbsp;<\/p>\n","protected":false},"excerpt":{"rendered":"<p>Stilig ST102A kummut elutuppa. See stiilne helevalge kummut kuldsete aktsentide ja jalgadega lisab igale elutoale elegantsi ja kaasaegsust. Korpuse lihtsat vormi rikastavad siledad esipaneelid, mida t\u00e4iendavad vertikaalsed ja horisontaalsed as\u00fcmmeetrilised sooned. Kummuti kaks ust ja \u00fcks reguleeritav riiul pakuvad praktilist hoiuruumi, samas kui pehmete sulgemismehhanismidega uksed tagavad vaikse ja sujuva kasutamise. Metallist k\u00e4epidemed ja reguleeritavad [&hellip;]<\/p>\n","protected":false},"featured_media":9457,"comment_status":"open","ping_status":"closed","template":"","meta":[],"product_brand":[],"product_cat":[81],"product_tag":[],"class_list":{"0":"post-9456","1":"product","2":"type-product","3":"status-publish","4":"has-post-thumbnail","6":"product_cat-kapid-riiulid-ja-kummutid","7":"product_shipping_class-livin-hill","8":"pa_kaepidemed-metall","9":"pa_kollektsioon-stilig","10":"pa_materjal-mdf-roostevaba-teras","11":"pa_riiulite-arv-99","12":"pa_sahtlite-arv-95","13":"pa_uste-arv-94","14":"pa_varv-beez","15":"pa_varv-kuldne","17":"first","18":"instock","19":"sale","20":"taxable","21":"shipping-taxable","22":"purchasable","23":"product-type-simple"},"_links":{"self":[{"href":"https:\/\/blankpage.ee\/_ruumist-ruumi\/wp-json\/wp\/v2\/product\/9456","targetHints":{"allow":["GET"]}}],"collection":[{"href":"https:\/\/blankpage.ee\/_ruumist-ruumi\/wp-json\/wp\/v2\/product"}],"about":[{"href":"https:\/\/blankpage.ee\/_ruumist-ruumi\/wp-json\/wp\/v2\/types\/product"}],"replies":[{"embeddable":true,"href":"https:\/\/blankpage.ee\/_ruumist-ruumi\/wp-json\/wp\/v2\/comments?post=9456"}],"wp:featuredmedia":[{"embeddable":true,"href":"https:\/\/blankpage.ee\/_ruumist-ruumi\/wp-json\/wp\/v2\/media\/9457"}],"wp:attachment":[{"href":"https:\/\/blankpage.ee\/_ruumist-ruumi\/wp-json\/wp\/v2\/media?parent=9456"}],"wp:term":[{"taxonomy":"product_brand","embeddable":true,"href":"https:\/\/blankpage.ee\/_ruumist-ruumi\/wp-json\/wp\/v2\/product_brand?post=9456"},{"taxonomy":"product_cat","embeddable":true,"href":"https:\/\/blankpage.ee\/_ruumist-ruumi\/wp-json\/wp\/v2\/product_cat?post=9456"},{"taxonomy":"product_tag","embeddable":true,"href":"https:\/\/blankpage.ee\/_ruumist-ruumi\/wp-json\/wp\/v2\/product_tag?post=9456"}],"curies":[{"name":"wp","href":"https:\/\/api.w.org\/{rel}","templated":true}]}}