{"id":9480,"date":"2024-11-01T16:48:28","date_gmt":"2024-11-01T16:48:28","guid":{"rendered":"https:\/\/ruumistruumi.ee\/pood\/oliivroheline-baaritool-leith-let71ho-100-poluester-kattega-alus-poppelipuit\/"},"modified":"2025-06-17T08:58:26","modified_gmt":"2025-06-17T08:58:26","slug":"oliivroheline-baaritool-leith-let71ho-100-poluester","status":"publish","type":"product","link":"https:\/\/blankpage.ee\/_ruumist-ruumi\/pood\/oliivroheline-baaritool-leith-let71ho-100-poluester\/","title":{"rendered":"Oliivroheline baaritool Leith LET71HO, 100% pol\u00fcester"},"content":{"rendered":"<p>Leith LET71HO polsterdatud baaritool s\u00f6\u00f6gituppa. See elegantne oliivitooni polsterdatud baaritool on valmistatud k\u00f5rgeima kvaliteediga chenille-kangast. M\u00f6\u00f6bli lihtne vorm, mis p\u00f5hineb moekatel \u00fcmaratel kujunditel, lisab igale s\u00f6\u00f6gitoale rikkalikkust ja stiili.<\/p>\n<p>Leith kollektsiooni baaritool pakub mitte ainult silmailu, vaid ka mugavust. Tooli istmeosa on kaetud luksusliku chenille-kangaga, mis on valmistatud 100% pol\u00fcestrist, pakkudes pehmust ja vastupidavust. Popliinist vineerist alus tagab stabiilsuse ja pikaealisuse. Tooli istmeosa m\u00f5\u00f5tmed on 46 x 48,5 cm, istme k\u00f5rgus 62 cm, pakkudes mugavat istumisasendit. K\u00e4etugede k\u00f5rgus istmest on 23 cm, mis lisab lisatuge ja mugavust.<\/p>\n<p>Tooli lisafunktsioonide hulka kuuluvad lainelised vedrud ja rihmad, mis koos k\u00f5rge tihedusega vahuga tagavad pikaajalise mugavuse. Metallist jalatugi lisab tugevust ja stiili, samas kui tooli kandev\u00f5ime on kuni 115 kg. Puhastamine on lihtne, j\u00e4rgides puhastuskoodi W (veep\u00f5hised puhastusvahendid).<\/p>\n<p>Omadused:<br \/>\n<strong>Materjal:<\/strong> 100% pol\u00fcesterpolsterdus; alus: popliinist vineer.<br \/>\n<strong>V\u00e4rv:<\/strong> Oliiv.<br \/>\n<strong>M\u00f5\u00f5tmed:<\/strong> Laius: 61 cm, S\u00fcgavus: 57 cm, K\u00f5rgus: 89 cm.<br \/>\n<strong>T\u00e4iendavad detailid:<\/strong> Istme k\u00f5rgus p\u00f5randast 62 cm, seljatoe k\u00f5rgus istmest 28 cm.<br \/>\n<strong>Kokkupanek:<\/strong> Kokkupandud, ei vaja paigaldust. S\u00e4\u00e4stab aega ja vaeva.<\/p>\n<p>&nbsp;<\/p>\n","protected":false},"excerpt":{"rendered":"<p>Leith LET71HO polsterdatud baaritool s\u00f6\u00f6gituppa. See elegantne oliivitooni polsterdatud baaritool on valmistatud k\u00f5rgeima kvaliteediga chenille-kangast. M\u00f6\u00f6bli lihtne vorm, mis p\u00f5hineb moekatel \u00fcmaratel kujunditel, lisab igale s\u00f6\u00f6gitoale rikkalikkust ja stiili. Leith kollektsiooni baaritool pakub mitte ainult silmailu, vaid ka mugavust. Tooli istmeosa on kaetud luksusliku chenille-kangaga, mis on valmistatud 100% pol\u00fcestrist, pakkudes pehmust ja vastupidavust. Popliinist [&hellip;]<\/p>\n","protected":false},"featured_media":9481,"comment_status":"open","ping_status":"closed","template":"","meta":[],"product_brand":[],"product_cat":[327],"product_tag":[],"class_list":{"0":"post-9480","1":"product","2":"type-product","3":"status-publish","4":"has-post-thumbnail","6":"product_cat-baaritoolid","7":"product_shipping_class-livin-hill","8":"pa_kollektsioon-leith","9":"pa_materjal-poluester","10":"pa_varv-roheline","12":"first","13":"instock","14":"sale","15":"taxable","16":"shipping-taxable","17":"purchasable","18":"product-type-simple"},"_links":{"self":[{"href":"https:\/\/blankpage.ee\/_ruumist-ruumi\/wp-json\/wp\/v2\/product\/9480","targetHints":{"allow":["GET"]}}],"collection":[{"href":"https:\/\/blankpage.ee\/_ruumist-ruumi\/wp-json\/wp\/v2\/product"}],"about":[{"href":"https:\/\/blankpage.ee\/_ruumist-ruumi\/wp-json\/wp\/v2\/types\/product"}],"replies":[{"embeddable":true,"href":"https:\/\/blankpage.ee\/_ruumist-ruumi\/wp-json\/wp\/v2\/comments?post=9480"}],"wp:featuredmedia":[{"embeddable":true,"href":"https:\/\/blankpage.ee\/_ruumist-ruumi\/wp-json\/wp\/v2\/media\/9481"}],"wp:attachment":[{"href":"https:\/\/blankpage.ee\/_ruumist-ruumi\/wp-json\/wp\/v2\/media?parent=9480"}],"wp:term":[{"taxonomy":"product_brand","embeddable":true,"href":"https:\/\/blankpage.ee\/_ruumist-ruumi\/wp-json\/wp\/v2\/product_brand?post=9480"},{"taxonomy":"product_cat","embeddable":true,"href":"https:\/\/blankpage.ee\/_ruumist-ruumi\/wp-json\/wp\/v2\/product_cat?post=9480"},{"taxonomy":"product_tag","embeddable":true,"href":"https:\/\/blankpage.ee\/_ruumist-ruumi\/wp-json\/wp\/v2\/product_tag?post=9480"}],"curies":[{"name":"wp","href":"https:\/\/api.w.org\/{rel}","templated":true}]}}