{"id":9489,"date":"2024-11-01T16:49:26","date_gmt":"2024-11-01T16:49:26","guid":{"rendered":"https:\/\/ruumistruumi.ee\/pood\/hobedanehall-baaritool-leith-let71hog-100-poluester-kate-alus-popliidust-vineer\/"},"modified":"2025-04-10T11:58:54","modified_gmt":"2025-04-10T11:58:54","slug":"hobehall-baaritool-leith-let71hog-100-poluester","status":"publish","type":"product","link":"https:\/\/blankpage.ee\/_ruumist-ruumi\/pood\/hobehall-baaritool-leith-let71hog-100-poluester\/","title":{"rendered":"H\u00f5behall baaritool Leith LET71HOG, 100% pol\u00fcester"},"content":{"rendered":"<p>Leith LET71HOG polsterdatud baaritool s\u00f6\u00f6gituppa. See elegantne h\u00f5behall baaritool on valmistatud k\u00f5rgeima kvaliteediga chenille kangast, mis lisab igale s\u00f6\u00f6gitoale stiili ja mugavust. Lihtne vorm, mis p\u00f5hineb moekatel \u00fcmaratel kujunditel, rikastab teie interj\u00f6\u00f6ri.<\/p>\n<p>Leith kollektsiooni kuuluv baaritool on loodud pakkuma nii esteetilist naudingut kui ka praktilisust. Tooli istmeosa on 46 x 48,5 cm, mis tagab piisava ruumi ja mugavuse. Istme k\u00f5rgus on 62 cm, mis on ideaalne k\u00f5rgus enamikule baarilaudadele. Seljatoe k\u00f5rgus istmest on 28 cm, pakkudes head tuge ja mugavust. Tooli jalatoe k\u00f5rgus p\u00f5randast on 20 cm, mis tagab mugava jalgade asendi.<\/p>\n<p>Tooli polsterdus on valmistatud 100% pol\u00fcestrist, mis on vastupidav ja kergesti hooldatav. K\u00e4sitsi v\u00e4rvitud h\u00f5behall toon lisab toolile luksuslikku v\u00e4limust. Metallist jalatugi ja poplipuust vineerist alus tagavad stabiilsuse ja vastupidavuse. Tool on kokkupandud, ei vaja paigaldust, s\u00e4\u00e4stes teie aega ja vaeva.<\/p>\n<p>Omadused:<br \/>\n<strong>Materjal:<\/strong> 100% pol\u00fcesterpolsterdus; alus: poplipuust vineer.<br \/>\n<strong>V\u00e4rv:<\/strong> H\u00f5behall.<br \/>\n<strong>M\u00f5\u00f5tmed:<\/strong> Laius 61 cm, s\u00fcgavus 57 cm, k\u00f5rgus 89 cm.<br \/>\n<strong>T\u00e4iendavad detailid:<\/strong> Sinuoosne vedrustus ja rihm, k\u00f5rge tihedusega vaht, puhastuskood W (veep\u00f5hised puhastusvahendid), kandev\u00f5ime kuni 115 kg.<br \/>\n<strong>Kokkupanek:<\/strong> Kokkupandud, ei vaja paigaldust.<\/p>\n<p>&nbsp;<\/p>\n","protected":false},"excerpt":{"rendered":"<p>Leith LET71HOG polsterdatud baaritool s\u00f6\u00f6gituppa. See elegantne h\u00f5behall baaritool on valmistatud k\u00f5rgeima kvaliteediga chenille kangast, mis lisab igale s\u00f6\u00f6gitoale stiili ja mugavust. Lihtne vorm, mis p\u00f5hineb moekatel \u00fcmaratel kujunditel, rikastab teie interj\u00f6\u00f6ri. Leith kollektsiooni kuuluv baaritool on loodud pakkuma nii esteetilist naudingut kui ka praktilisust. Tooli istmeosa on 46 x 48,5 cm, mis tagab piisava [&hellip;]<\/p>\n","protected":false},"featured_media":9490,"comment_status":"open","ping_status":"closed","template":"","meta":[],"product_brand":[],"product_cat":[327],"product_tag":[],"class_list":{"0":"post-9489","1":"product","2":"type-product","3":"status-publish","4":"has-post-thumbnail","6":"product_cat-baaritoolid","7":"product_shipping_class-livin-hill","8":"pa_kollektsioon-leith","9":"pa_materjal-poluester","10":"pa_varv-hall","12":"first","13":"instock","14":"sale","15":"taxable","16":"shipping-taxable","17":"purchasable","18":"product-type-simple"},"_links":{"self":[{"href":"https:\/\/blankpage.ee\/_ruumist-ruumi\/wp-json\/wp\/v2\/product\/9489","targetHints":{"allow":["GET"]}}],"collection":[{"href":"https:\/\/blankpage.ee\/_ruumist-ruumi\/wp-json\/wp\/v2\/product"}],"about":[{"href":"https:\/\/blankpage.ee\/_ruumist-ruumi\/wp-json\/wp\/v2\/types\/product"}],"replies":[{"embeddable":true,"href":"https:\/\/blankpage.ee\/_ruumist-ruumi\/wp-json\/wp\/v2\/comments?post=9489"}],"wp:featuredmedia":[{"embeddable":true,"href":"https:\/\/blankpage.ee\/_ruumist-ruumi\/wp-json\/wp\/v2\/media\/9490"}],"wp:attachment":[{"href":"https:\/\/blankpage.ee\/_ruumist-ruumi\/wp-json\/wp\/v2\/media?parent=9489"}],"wp:term":[{"taxonomy":"product_brand","embeddable":true,"href":"https:\/\/blankpage.ee\/_ruumist-ruumi\/wp-json\/wp\/v2\/product_brand?post=9489"},{"taxonomy":"product_cat","embeddable":true,"href":"https:\/\/blankpage.ee\/_ruumist-ruumi\/wp-json\/wp\/v2\/product_cat?post=9489"},{"taxonomy":"product_tag","embeddable":true,"href":"https:\/\/blankpage.ee\/_ruumist-ruumi\/wp-json\/wp\/v2\/product_tag?post=9489"}],"curies":[{"name":"wp","href":"https:\/\/api.w.org\/{rel}","templated":true}]}}