{"id":9524,"date":"2024-11-01T16:52:15","date_gmt":"2024-11-01T16:52:15","guid":{"rendered":"https:\/\/ruumistruumi.ee\/pood\/roosa-virsik-tugitool-nua-n78-26-veluurt-kangast-metallist-konstruktsioon\/"},"modified":"2025-04-10T11:58:54","modified_gmt":"2025-04-10T11:58:54","slug":"virsikuroosa-nua-n78-26-tugitool-sametkangast","status":"publish","type":"product","link":"https:\/\/blankpage.ee\/_ruumist-ruumi\/pood\/virsikuroosa-nua-n78-26-tugitool-sametkangast\/","title":{"rendered":"Virsikuroosa Nua N78-26 tugitool, sametkangast"},"content":{"rendered":"<p>Nua N78-26 tugitool elutuppa. See modernne polsterdatud tugitool on kaetud virsikuroosa sametkangaga, mis lisab igasse elutuppa soojust ja elegantsi. Minimalistlik ja geomeetriline vorm koos hoolikalt viimistletud detailidega muudavad selle ideaalseks lisandiks mitmesugustesse interj\u00f6\u00f6ridesse.<\/p>\n<p>Tugitool Nua N78-26 paistab silma oma sujuva sametise kanga poolest, mis pakub nii visuaalset kui ka taktiilset naudingut. Metallist konstruktsioon tagab vastupidavuse ja stabiilsuse, samas kui pehme polsterdus kutsub l\u00f5\u00f5gastuma ja puhkama. T\u00e4nu oma kompaktsetele m\u00f5\u00f5tmetele mahub see tugitool h\u00f5lpsasti ka v\u00e4iksematesse ruumidesse, pakkudes siiski piisavalt mugavust ja tuge.<\/p>\n<p>Omadused:<br \/>\n<strong>Materjal:<\/strong> Sametkangas ja metallist struktuur.<br \/>\n<strong>V\u00e4rv:<\/strong> Virsikuroosa.<br \/>\n<strong>M\u00f5\u00f5tmed:<\/strong> Laius 90 cm, s\u00fcgavus 81 cm, k\u00f5rgus 63,5 cm.<br \/>\n<strong>T\u00e4iendavad detailid:<\/strong> Sujuv sametkangas.<br \/>\n<strong>Kokkupanek:<\/strong> Kokkupandud, ei vaja paigaldust. S\u00e4\u00e4stab aega ja vaeva.<\/p>\n<p>&nbsp;<\/p>\n","protected":false},"excerpt":{"rendered":"<p>Nua N78-26 tugitool elutuppa. See modernne polsterdatud tugitool on kaetud virsikuroosa sametkangaga, mis lisab igasse elutuppa soojust ja elegantsi. Minimalistlik ja geomeetriline vorm koos hoolikalt viimistletud detailidega muudavad selle ideaalseks lisandiks mitmesugustesse interj\u00f6\u00f6ridesse. Tugitool Nua N78-26 paistab silma oma sujuva sametise kanga poolest, mis pakub nii visuaalset kui ka taktiilset naudingut. Metallist konstruktsioon tagab vastupidavuse [&hellip;]<\/p>\n","protected":false},"featured_media":9525,"comment_status":"open","ping_status":"closed","template":"","meta":[],"product_brand":[],"product_cat":[424],"product_tag":[],"class_list":{"0":"post-9524","1":"product","2":"type-product","3":"status-publish","4":"has-post-thumbnail","6":"product_cat-tugitoolid-ja-lounge-toolid","7":"product_shipping_class-livin-hill","8":"pa_kollektsioon-nua","9":"pa_materjal-veluur-metallraam-veluur-metallraam-estonian-veluur","10":"pa_varv-roosa","12":"first","13":"outofstock","14":"sale","15":"taxable","16":"shipping-taxable","17":"purchasable","18":"product-type-simple"},"_links":{"self":[{"href":"https:\/\/blankpage.ee\/_ruumist-ruumi\/wp-json\/wp\/v2\/product\/9524","targetHints":{"allow":["GET"]}}],"collection":[{"href":"https:\/\/blankpage.ee\/_ruumist-ruumi\/wp-json\/wp\/v2\/product"}],"about":[{"href":"https:\/\/blankpage.ee\/_ruumist-ruumi\/wp-json\/wp\/v2\/types\/product"}],"replies":[{"embeddable":true,"href":"https:\/\/blankpage.ee\/_ruumist-ruumi\/wp-json\/wp\/v2\/comments?post=9524"}],"wp:featuredmedia":[{"embeddable":true,"href":"https:\/\/blankpage.ee\/_ruumist-ruumi\/wp-json\/wp\/v2\/media\/9525"}],"wp:attachment":[{"href":"https:\/\/blankpage.ee\/_ruumist-ruumi\/wp-json\/wp\/v2\/media?parent=9524"}],"wp:term":[{"taxonomy":"product_brand","embeddable":true,"href":"https:\/\/blankpage.ee\/_ruumist-ruumi\/wp-json\/wp\/v2\/product_brand?post=9524"},{"taxonomy":"product_cat","embeddable":true,"href":"https:\/\/blankpage.ee\/_ruumist-ruumi\/wp-json\/wp\/v2\/product_cat?post=9524"},{"taxonomy":"product_tag","embeddable":true,"href":"https:\/\/blankpage.ee\/_ruumist-ruumi\/wp-json\/wp\/v2\/product_tag?post=9524"}],"curies":[{"name":"wp","href":"https:\/\/api.w.org\/{rel}","templated":true}]}}