{"id":9571,"date":"2024-11-01T16:55:27","date_gmt":"2024-11-01T16:55:27","guid":{"rendered":"https:\/\/ruumistruumi.ee\/pood\/metallist-hall-nua-n23-11-lounge-tool-puuvillase-sameti-kangast-vahtmaterjalist\/"},"modified":"2025-06-17T08:58:29","modified_gmt":"2025-06-17T08:58:29","slug":"tumehall-lounge-tool-nua-n23-11-puuvillane-sametkangas","status":"publish","type":"product","link":"https:\/\/blankpage.ee\/_ruumist-ruumi\/pood\/tumehall-lounge-tool-nua-n23-11-puuvillane-sametkangas\/","title":{"rendered":"Tumehall lounge tool Nua N23-11, puuvillane sametkangas"},"content":{"rendered":"<p>Nua N23-11 tugitool elutuppa. Nua kollektsiooni kuuluv tugitool pakub kaasaegset ja ikoonilist disaini, mille lihtsat vormi r\u00f5hutavad horisontaalsed \u00f5mblused ja keskne vertikaalne tepitud joon. Terashall toon lisab igale interj\u00f6\u00f6rile iseloomu ja elegantsi.<\/p>\n<p>Tugitooli valmistamisel on kasutatud pehmet puuvillasametit, millel on n\u00e4htav kudumustruktuur, pakkudes nii luksuslikku v\u00e4limust kui ka mugavust. Istumismugavuse tagab kvaliteetne k\u00e4sn, mis toetab keha ideaalselt. Nua N23-11 on m\u00f5eldud neile, kes hindavad stiili ja funktsionaalsust, olles samal ajal ka praktiline valik, kuna see on kokkupandud, ei vaja paigaldust ja s\u00e4\u00e4stab aega ja vaeva.<\/p>\n<p>Omadused:<br \/>\n<strong>Materjal:<\/strong> Puuvillasametist kangas ja k\u00e4sn.<br \/>\n<strong>V\u00e4rv:<\/strong> Terashall.<br \/>\n<strong>M\u00f5\u00f5tmed:<\/strong> Laius 87 cm, s\u00fcgavus 102 cm, k\u00f5rgus 70 cm.<br \/>\n<strong>T\u00e4iendavad detailid:<\/strong> N\u00e4htava kudumustruktuuriga sametkangas.<br \/>\n<strong>Kokkupanek:<\/strong> Kokkupandud, ei vaja paigaldust. S\u00e4\u00e4stab aega ja vaeva.<\/p>\n<p>&nbsp;<\/p>\n","protected":false},"excerpt":{"rendered":"<p>Nua N23-11 tugitool elutuppa. Nua kollektsiooni kuuluv tugitool pakub kaasaegset ja ikoonilist disaini, mille lihtsat vormi r\u00f5hutavad horisontaalsed \u00f5mblused ja keskne vertikaalne tepitud joon. Terashall toon lisab igale interj\u00f6\u00f6rile iseloomu ja elegantsi. Tugitooli valmistamisel on kasutatud pehmet puuvillasametit, millel on n\u00e4htav kudumustruktuur, pakkudes nii luksuslikku v\u00e4limust kui ka mugavust. Istumismugavuse tagab kvaliteetne k\u00e4sn, mis toetab [&hellip;]<\/p>\n","protected":false},"featured_media":9572,"comment_status":"open","ping_status":"closed","template":"","meta":[],"product_brand":[],"product_cat":[424],"product_tag":[],"class_list":{"0":"post-9571","1":"product","2":"type-product","3":"status-publish","4":"has-post-thumbnail","6":"product_cat-tugitoolid-ja-lounge-toolid","7":"product_shipping_class-livin-hill","8":"pa_kollektsioon-nua","9":"pa_materjal-puuvillane-samet","10":"pa_varv-hall","12":"first","13":"instock","14":"sale","15":"taxable","16":"shipping-taxable","17":"purchasable","18":"product-type-simple"},"_links":{"self":[{"href":"https:\/\/blankpage.ee\/_ruumist-ruumi\/wp-json\/wp\/v2\/product\/9571","targetHints":{"allow":["GET"]}}],"collection":[{"href":"https:\/\/blankpage.ee\/_ruumist-ruumi\/wp-json\/wp\/v2\/product"}],"about":[{"href":"https:\/\/blankpage.ee\/_ruumist-ruumi\/wp-json\/wp\/v2\/types\/product"}],"replies":[{"embeddable":true,"href":"https:\/\/blankpage.ee\/_ruumist-ruumi\/wp-json\/wp\/v2\/comments?post=9571"}],"wp:featuredmedia":[{"embeddable":true,"href":"https:\/\/blankpage.ee\/_ruumist-ruumi\/wp-json\/wp\/v2\/media\/9572"}],"wp:attachment":[{"href":"https:\/\/blankpage.ee\/_ruumist-ruumi\/wp-json\/wp\/v2\/media?parent=9571"}],"wp:term":[{"taxonomy":"product_brand","embeddable":true,"href":"https:\/\/blankpage.ee\/_ruumist-ruumi\/wp-json\/wp\/v2\/product_brand?post=9571"},{"taxonomy":"product_cat","embeddable":true,"href":"https:\/\/blankpage.ee\/_ruumist-ruumi\/wp-json\/wp\/v2\/product_cat?post=9571"},{"taxonomy":"product_tag","embeddable":true,"href":"https:\/\/blankpage.ee\/_ruumist-ruumi\/wp-json\/wp\/v2\/product_tag?post=9571"}],"curies":[{"name":"wp","href":"https:\/\/api.w.org\/{rel}","templated":true}]}}