{"id":9583,"date":"2024-11-01T16:56:22","date_gmt":"2024-11-01T16:56:22","guid":{"rendered":"https:\/\/ruumistruumi.ee\/pood\/tumepruun-tool-avola-av1931-385-akatsiapuidust-spoonist-kangast\/"},"modified":"2025-06-17T08:58:29","modified_gmt":"2025-06-17T08:58:29","slug":"tumepruun-tool-avola-av1931-385-akaatsiapuidust","status":"publish","type":"product","link":"https:\/\/blankpage.ee\/_ruumist-ruumi\/pood\/tumepruun-tool-avola-av1931-385-akaatsiapuidust\/","title":{"rendered":"Tumepruun tool Avola AV1931-385, akaatsiapuidust"},"content":{"rendered":"<p>Avola AV1931-385 tool s\u00f6\u00f6gituppa. See tool \u00fchendab endas rustikaalse stiili ja kaasaegse mugavuse, pakkudes teie s\u00f6\u00f6gitoale ainulaadset iseloomu. Tume puit koos iseloomulike shabby-chic kulumisj\u00e4lgedega loob sooja ja kutsuva atmosf\u00e4\u00e4ri. Lihtne vorm koos toore viimistlusega on t\u00e4iendatud neetidega polsterdusega, mis lisab elegantsi ja tugevust.<\/p>\n<p>Tooli valmistamisel on kasutatud kvaliteetseid materjale: akaatsiapuit, spoon ja kangas, mis koosneb 55% puuvillast ja 45% linasest. K\u00f5rge tihedusega vahtpolster tagab pikaajalise mugavuse, muutes iga s\u00f6\u00f6gikorraga istumise nauditavaks kogemuseks. Tooli osaline kokkupanek v\u00f5imaldab kiiret ja lihtsat paigaldust.<\/p>\n<p>Omadused:<br \/>\n<strong>Materjal:<\/strong> Akaatsiapuit, spoon ja kangas.<br \/>\n<strong>V\u00e4rv:<\/strong> Tumepruun.<br \/>\n<strong>M\u00f5\u00f5tmed:<\/strong> Laius 49,5 cm, s\u00fcgavus 61 cm, k\u00f5rgus 98 cm.<br \/>\n<strong>T\u00e4iendavad detailid:<\/strong> K\u00e4sitsi v\u00e4rvitud kulumisj\u00e4ljed ja k\u00f5rge tihedusega vahtpolster.<br \/>\n<strong>Kokkupanek:<\/strong> Osaliselt kokku pandud, s\u00e4\u00e4stab aega ja vaeva.<\/p>\n<p>&nbsp;<\/p>\n","protected":false},"excerpt":{"rendered":"<p>Avola AV1931-385 tool s\u00f6\u00f6gituppa. See tool \u00fchendab endas rustikaalse stiili ja kaasaegse mugavuse, pakkudes teie s\u00f6\u00f6gitoale ainulaadset iseloomu. Tume puit koos iseloomulike shabby-chic kulumisj\u00e4lgedega loob sooja ja kutsuva atmosf\u00e4\u00e4ri. Lihtne vorm koos toore viimistlusega on t\u00e4iendatud neetidega polsterdusega, mis lisab elegantsi ja tugevust. Tooli valmistamisel on kasutatud kvaliteetseid materjale: akaatsiapuit, spoon ja kangas, mis koosneb [&hellip;]<\/p>\n","protected":false},"featured_media":9584,"comment_status":"open","ping_status":"closed","template":"","meta":[],"product_brand":[],"product_cat":[108],"product_tag":[],"class_list":{"0":"post-9583","1":"product","2":"type-product","3":"status-publish","4":"has-post-thumbnail","6":"product_cat-soogitoolid","7":"product_shipping_class-livin-hill","8":"pa_kollektsioon-avola","9":"pa_materjal-akaatsiapuit","10":"pa_varv-tumepruun","12":"first","13":"instock","14":"sale","15":"taxable","16":"shipping-taxable","17":"purchasable","18":"product-type-simple"},"_links":{"self":[{"href":"https:\/\/blankpage.ee\/_ruumist-ruumi\/wp-json\/wp\/v2\/product\/9583","targetHints":{"allow":["GET"]}}],"collection":[{"href":"https:\/\/blankpage.ee\/_ruumist-ruumi\/wp-json\/wp\/v2\/product"}],"about":[{"href":"https:\/\/blankpage.ee\/_ruumist-ruumi\/wp-json\/wp\/v2\/types\/product"}],"replies":[{"embeddable":true,"href":"https:\/\/blankpage.ee\/_ruumist-ruumi\/wp-json\/wp\/v2\/comments?post=9583"}],"wp:featuredmedia":[{"embeddable":true,"href":"https:\/\/blankpage.ee\/_ruumist-ruumi\/wp-json\/wp\/v2\/media\/9584"}],"wp:attachment":[{"href":"https:\/\/blankpage.ee\/_ruumist-ruumi\/wp-json\/wp\/v2\/media?parent=9583"}],"wp:term":[{"taxonomy":"product_brand","embeddable":true,"href":"https:\/\/blankpage.ee\/_ruumist-ruumi\/wp-json\/wp\/v2\/product_brand?post=9583"},{"taxonomy":"product_cat","embeddable":true,"href":"https:\/\/blankpage.ee\/_ruumist-ruumi\/wp-json\/wp\/v2\/product_cat?post=9583"},{"taxonomy":"product_tag","embeddable":true,"href":"https:\/\/blankpage.ee\/_ruumist-ruumi\/wp-json\/wp\/v2\/product_tag?post=9583"}],"curies":[{"name":"wp","href":"https:\/\/api.w.org\/{rel}","templated":true}]}}