{"id":95906,"date":"2025-04-19T11:11:23","date_gmt":"2025-04-19T11:11:23","guid":{"rendered":"https:\/\/ruumistruumi.ee\/?post_type=product&#038;p=95906"},"modified":"2025-08-21T08:18:53","modified_gmt":"2025-08-21T08:18:53","slug":"koerajaatmete-kott-petkit-8-rulli","status":"publish","type":"product","link":"https:\/\/blankpage.ee\/_ruumist-ruumi\/pood\/koerajaatmete-kott-petkit-8-rulli\/","title":{"rendered":"Koerakaka kotid PetKit, 8 rulli"},"content":{"rendered":"<h3>Koerakaka kotid PetKit \u2013 8 rulli komplekt<\/h3>\n<p>PetKit koerakaka kotid teevad igap\u00e4evased jalutusk\u00e4igud lihtsamaks ja puhtamaks. Komplektis on 8 rulli kvaliteetseid kotte, mis sobivad enamikesse kilekotidispenseritesse ning mahuvad mugavalt taskusse.<\/p>\n<p>Tugevad ja lekkimiskindlad kotid tagavad, et saad alati k\u00f5ik vajaliku mugavalt ja higieniliselt \u00e4ra teha. Kompaktne rullikujuline formaat ei v\u00f5ta kotis palju ruumi ning v\u00f5imaldab kiiret ja lihtsat kasutamist nii linnas kui matkal.<\/p>\n<ul>\n<li>8 rulli komplektis<\/li>\n<li>Tugev materjal, mis ei rebi ega leki<\/li>\n<li>Lihtne kaasa v\u00f5tta ja kasutada<\/li>\n<\/ul>\n<p>Hoolitse enda lemmiku ja \u00fcmbritseva puhtuse eest \u2013 vali usaldusv\u00e4\u00e4rsed PetKit koerakaka kotid ning tunne end igal jalutusk\u00e4igul kindlalt.<\/p>\n<p><img decoding=\"async\" src=\"https:\/\/blankpage.ee\/_ruumist-ruumi\/wp-content\/uploads\/2025\/01\/1-13.jpg\" alt=\"Koerakaka kotid PetKit \u2013 kaheksa rulli valge ja roosa disainiga\" \/><\/p>\n","protected":false},"excerpt":{"rendered":"<p>Koerakaka kotid PetKit \u2013 8 rulli komplekt PetKit koerakaka kotid teevad igap\u00e4evased jalutusk\u00e4igud lihtsamaks ja puhtamaks. Komplektis on 8 rulli kvaliteetseid kotte, mis sobivad enamikesse kilekotidispenseritesse ning mahuvad mugavalt taskusse. Tugevad ja lekkimiskindlad kotid tagavad, et saad alati k\u00f5ik vajaliku mugavalt ja higieniliselt \u00e4ra teha. Kompaktne rullikujuline formaat ei v\u00f5ta kotis palju ruumi ning v\u00f5imaldab [&hellip;]<\/p>\n","protected":false},"featured_media":173720,"comment_status":"open","ping_status":"open","template":"","meta":[],"product_brand":[3103],"product_cat":[1262],"product_tag":[],"class_list":{"0":"post-95906","1":"product","2":"type-product","3":"status-publish","4":"has-post-thumbnail","6":"product_brand-petkit","7":"product_cat-lemmiklooma-transport-ja-jalutusrihmad","8":"product_shipping_class-innpro","10":"first","11":"instock","12":"taxable","13":"shipping-taxable","14":"purchasable","15":"product-type-simple"},"_links":{"self":[{"href":"https:\/\/blankpage.ee\/_ruumist-ruumi\/wp-json\/wp\/v2\/product\/95906","targetHints":{"allow":["GET"]}}],"collection":[{"href":"https:\/\/blankpage.ee\/_ruumist-ruumi\/wp-json\/wp\/v2\/product"}],"about":[{"href":"https:\/\/blankpage.ee\/_ruumist-ruumi\/wp-json\/wp\/v2\/types\/product"}],"replies":[{"embeddable":true,"href":"https:\/\/blankpage.ee\/_ruumist-ruumi\/wp-json\/wp\/v2\/comments?post=95906"}],"wp:featuredmedia":[{"embeddable":true,"href":"https:\/\/blankpage.ee\/_ruumist-ruumi\/wp-json\/wp\/v2\/media\/173720"}],"wp:attachment":[{"href":"https:\/\/blankpage.ee\/_ruumist-ruumi\/wp-json\/wp\/v2\/media?parent=95906"}],"wp:term":[{"taxonomy":"product_brand","embeddable":true,"href":"https:\/\/blankpage.ee\/_ruumist-ruumi\/wp-json\/wp\/v2\/product_brand?post=95906"},{"taxonomy":"product_cat","embeddable":true,"href":"https:\/\/blankpage.ee\/_ruumist-ruumi\/wp-json\/wp\/v2\/product_cat?post=95906"},{"taxonomy":"product_tag","embeddable":true,"href":"https:\/\/blankpage.ee\/_ruumist-ruumi\/wp-json\/wp\/v2\/product_tag?post=95906"}],"curies":[{"name":"wp","href":"https:\/\/api.w.org\/{rel}","templated":true}]}}